{"id":29,"date":"2016-04-21T18:32:45","date_gmt":"2016-04-21T17:32:45","guid":{"rendered":"http:\/\/blog.uclm.es\/miguelredondo\/?page_id=29"},"modified":"2016-04-21T18:32:45","modified_gmt":"2016-04-21T17:32:45","slug":"publicaciones","status":"publish","type":"page","link":"https:\/\/blog.uclm.es\/miguelredondo\/publicaciones\/","title":{"rendered":"Publicaciones"},"content":{"rendered":"<p>Publicaciones de car\u00e1cter cient\u00edfico [<a href=\"http:\/\/blog.uclm.es\/miguelredondo\/publicaciones-cientificas\/\">aqu\u00ed<\/a>]<\/p>\n<p>Publicaciones de car\u00e1cter docente [<a href=\"http:\/\/blog.uclm.es\/miguelredondo\/publicaciones-docentes\/\">aqu\u00ed<\/a>]<\/p>\n<p>Otras publicaciones<\/p>\n","protected":false},"excerpt":{"rendered":"<p>Publicaciones de car\u00e1cter cient\u00edfico [aqu\u00ed] Publicaciones de car\u00e1cter docente [aqu\u00ed] Otras publicaciones<\/p>\n","protected":false},"author":67,"featured_media":0,"parent":0,"menu_order":0,"comment_status":"closed","ping_status":"closed","template":"","meta":{"footnotes":""},"class_list":["post-29","page","type-page","status-publish","hentry"],"_links":{"self":[{"href":"https:\/\/blog.uclm.es\/miguelredondo\/wp-json\/wp\/v2\/pages\/29","targetHints":{"allow":["GET"]}}],"collection":[{"href":"https:\/\/blog.uclm.es\/miguelredondo\/wp-json\/wp\/v2\/pages"}],"about":[{"href":"https:\/\/blog.uclm.es\/miguelredondo\/wp-json\/wp\/v2\/types\/page"}],"author":[{"embeddable":true,"href":"https:\/\/blog.uclm.es\/miguelredondo\/wp-json\/wp\/v2\/users\/67"}],"replies":[{"embeddable":true,"href":"https:\/\/blog.uclm.es\/miguelredondo\/wp-json\/wp\/v2\/comments?post=29"}],"version-history":[{"count":0,"href":"https:\/\/blog.uclm.es\/miguelredondo\/wp-json\/wp\/v2\/pages\/29\/revisions"}],"wp:attachment":[{"href":"https:\/\/blog.uclm.es\/miguelredondo\/wp-json\/wp\/v2\/media?parent=29"}],"curies":[{"name":"wp","href":"https:\/\/api.w.org\/{rel}","templated":true}]}}