{"id":17,"date":"2016-04-21T17:35:37","date_gmt":"2016-04-21T16:35:37","guid":{"rendered":"http:\/\/blog.uclm.es\/miguelredondo\/?page_id=17"},"modified":"2016-04-21T17:35:37","modified_gmt":"2016-04-21T16:35:37","slug":"investigacion","status":"publish","type":"page","link":"https:\/\/blog.uclm.es\/miguelredondo\/investigacion\/","title":{"rendered":"Investigaci\u00f3n"},"content":{"rendered":"<h3>L\u00edneas de investigaci\u00f3n<\/h3>\n<ul>\n<li><a href=\"http:\/\/chico.esi.uclm.es\/domosim\/\">Aplicaci\u00f3n de t\u00e9cnicas de Ingenier\u00eda del Software a desarrollo de sistemas de e-Learning\u00a0<\/a>\n<ul>\n<li><a href=\"http:\/\/chico.esi.uclm.es\/coala\/index.php\/COALA\">Dise\u00f1o de modelos computacionales en sistemas de aprendizaje\u00a0<\/a><\/li>\n<li><a href=\"http:\/\/chico.esi.uclm.es\/AULA_IE\/\">Integraci\u00f3n de ontolog\u00edas, est\u00e1ndares y objetos de aprendizaje en sistemas de eLearning\u00a0<\/a><\/li>\n<\/ul>\n<\/li>\n<li><a href=\"http:\/\/www.springer.com\/computer\/hci\/book\/978-1-84800-135-0\">Desarrollo y aplicaci\u00f3n de t\u00e9cnicas de Ingenier\u00eda del Software en Interacci\u00f3n Persona-Computador\u00a0<\/a>\n<ul>\n<li><a href=\"http:\/\/chico.esi.uclm.es\/wjgiraldo\/CIAF\/\">Dise\u00f1o y especificaci\u00f3n de interfaces de usuario cooperativos y colaborativos\u00a0<\/a><\/li>\n<li><a href=\"http:\/\/chico.esi.uclm.es\/eCLUB\/index.htm\">Dise\u00f1o de la interacci\u00f3n mediante los paradigmas de computaci\u00f3n m\u00f3vil, ubicua y realidad aumentada\u00a0<\/a><\/li>\n<\/ul>\n<\/li>\n<li><a href=\"http:\/\/chico.esi.uclm.es\/usalab-clm\/USALAB_clm\/Presentacion.html\">Aplicaci\u00f3n de t\u00e9cnicas de seguimiento ocular\u00a0<\/a>\n<ul>\n<li><a href=\"http:\/\/diversidad.murciaeduca.es\/publicaciones\/dea2012\/docs\/onavarro.pdf\">Evaluaci\u00f3n del comportamiento del usuario<\/a><\/li>\n<li><a href=\"http:\/\/www.sciencedirect.com\/science\/article\/pii\/S0747563213001313\">Evaluaci\u00f3n de la Usabilidad de sistemas<\/a><\/li>\n<li><a href=\"http:\/\/ieeexplore.ieee.org\/xpls\/abs_all.jsp?arnumber=6403214&amp;tag=1\">Evaluaci\u00f3n de notaciones para modelado<\/a><\/li>\n<li>Interacci\u00f3n mediante reconocimiento de gestos<\/li>\n<\/ul>\n<\/li>\n<\/ul>\n<h3><a name=\"publicaciones\"><\/a>Publicaciones relevantes<\/h3>\n<p style=\"padding-left: 30px\">Las referencias seleccionadas est\u00e1n disponibles en el apartado de\u00a0<a href=\"http:\/\/blog.uclm.es\/miguelredondo\/publicaciones-cientificas\/\"><strong>Publicaciones<\/strong><\/a>.<\/p>\n<p style=\"padding-left: 30px\">Otras fuentes a consultar:<\/p>\n<blockquote>\n<ul>\n<li><a href=\"http:\/\/scholar.google.es\/citations?user=v3RzCf8AAAAJ\">Google Acad\u00e9mico (Google Scholar Citations)<\/a>.<\/li>\n<li><a href=\"http:\/\/dl.acm.org\/author_page.cfm?id=81100605062&amp;coll=DL&amp;dl=GUIDE&amp;CFID=125068912&amp;CFTOKEN=10751592\">Librer\u00eda Digital de ACM (ACM-DL)<\/a>.<\/li>\n<li><a href=\"http:\/\/www.informatik.uni-trier.de\/~ley\/db\/indices\/a-tree\/r\/Redondo:Miguel_A=.html\">The DBLP Computer Science Bibliography (DBLP<\/a>).<\/li>\n<li>Research ID:\u00a0<a href=\"http:\/\/www.researcherid.com\/rid\/F-7852-2015\">F-7852-2015<\/a><\/li>\n<li>ORCID:\u00a0<a href=\"http:\/\/orcid.org\/0000-0001-5809-3412\">0000-0001-5809-341<\/a><\/li>\n<\/ul>\n<\/blockquote>\n<h3><a title=\"tesis\" name=\"tesis\"><\/a>Tesis doctoral<\/h3>\n<ul>\n<li><em>Planificaci\u00f3n colaborativa del dise\u00f1o en entornos de simulaci\u00f3n para el aprendizaje a distancia<\/em>. Dirigida por Dr. D. Manuel Ortega y Dra. D\u00aa. M. Felisa Verdejo<\/li>\n<\/ul>\n<h3><a title=\"tesis_dirigidas\" name=\"tesis_dirigidas\"><\/a>Tesis doctorales dirigidas<\/h3>\n<ul>\n<li><em>Una propuesta metol\u00f3gica para el desarrollo de la interfaz de usuario en aplicaciones groupware <\/em>(2006)<em>.<\/em> Realizada por D\u00aa. Ana Isabel Molina. Dirigida por Dr. D. Miguel A. Redondo y Dr. D. Manuel Ortega.<\/li>\n<li><em>Proposal for evaluating computer programming algorithms to provide instructional guidance and give advice<\/em>\u00a0(2010). Realizada por D. Francisco Jurado Monroy. Dirigida por Dr. D. Miguel A. Redondo y Dr. D. Manuel Ortega.<\/li>\n<li><em>Un M\u00e9todo Dirigido por Modelos para el Desarrollo de Sistemas Colaborativos de Modelado Independientes del Dominio<\/em> (2010). Realizada por D. Jes\u00fas Gallardo Casero. Dirigida por Dr. D. Crescencio Bravo y\u00a0Dr. D. Miguel A. Redondo.<\/li>\n<li><em>Framework para evaluar la usabilidad de sistemas de m-learning: un enfoque tecnol\u00f3gico y pedag\u00f3gico<\/em> (2016). Realizada por D. Christian Xavier Navarro Cota. Dirigida por Dra. Ana I. Molina y Dr. Miguel \u00c1. Redondo.<\/li>\n<li><em>Marco de desarrollo basado en modelos de sistemas de aprendizaje colaborativo<\/em> (2019). Realizada por D. Yoel Arroyo Rodr\u00edguez-Peral. Dirigida por Dr. Miguel \u00c1. Redondo y Dra. Ana I. Molina.<\/li>\n<li><em>Modelo de formaci\u00f3n de grupos en escenarios de aprendizaje colaborativo basada en rasgos de la personalidad para la ense\u00f1anza de la Programaci\u00f3n<\/em> (2021). Realizada por D. \u00d3scar Revelo. Dirigida por Dr. C\u00e9sar A. Collazos y Dr. Miguel \u00c1. Redondo. Programa de Cotutela entre la Universidad del Cauca (Colombia) y la Universidad de Castilla &#8211; La Mancha (Espa\u00f1a).<\/li>\n<\/ul>\n<h3><a title=\"proyectos\" name=\"proyectos\"><\/a>Proyectos activos<\/h3>\n<ul>\n<li>(IP)\u00a0<em>Planta piloto para Laboratorio de Usabilidad,<\/em>\u00a0financiado con fondos\u00a0<strong>FEDER<\/strong>.<\/li>\n<\/ul>\n<div><strong>IP<\/strong>\u00a0=\u00a0<strong>I<\/strong>nvestigador\u00a0<strong>P<\/strong>rincipal<\/div>\n<h3><a title=\"otros\" name=\"otros\"><\/a>Otros proyectos<\/h3>\n<ul>\n<li>(IP)\u00a0<em><em><a href=\"http:\/\/blog.uclm.es\/grupochico\/proyecto-iapro\/\">IAPro<\/a>: Desarrollo y evaluaci\u00f3n de sistemas inmersivos para el aprendizaje de la Programaci\u00f3n<\/em><\/em>. Proyecto del\u00a0<strong>Plan Nacional de I+D+i (MINECO)<\/strong><\/li>\n<li>(IP) Proyecto <a href=\"http:\/\/blog.uclm.es\/grupochico\/proyecto-integroup\/\">INTEGroup<\/a>.<\/li>\n<li>(IP)\u00a0Proyecto cCoProgLE. (<strong>Plan Nacional de I+D+i &#8211; MINECO<\/strong>)<\/li>\n<li>(IP) Proyecto\u00a0<a href=\"http:\/\/chico.inf-cr.uclm.es\/cms\/index.php\/miembros\/Miguel.Redondo\/index.php\/top_menu_proyectos\/2-cat_mguide\">mGUIDE<\/a><\/li>\n<li>Proyecto\u00a0<a href=\"http:\/\/chico.inf-cr.uclm.es\/cms\/index.php\/miembros\/Miguel.Redondo\/index.php\/proyectos\/proyecto-fappec\">FAPPEC<\/a><\/li>\n<li>Proyecto\u00a0<a href=\"http:\/\/chico.inf-cr.uclm.es\/cms\/index.php\/miembros\/Miguel.Redondo\/index.php\/proyectos\/9-cat-eclub-ii\">eCLUB-II<\/a>\u00a0y\u00a0<a href=\"https:\/\/adenu.ia.uned.es\/adaptaplan\/\">ADAPTAPLAN<\/a><\/li>\n<li>Proyecto\u00a0<a href=\"http:\/\/chico.inf-cr.uclm.es\/cms\/index.php\/miembros\/eCLUB\/\">eCLUB<\/a><\/li>\n<li>Proyecto\u00a0<a href=\"http:\/\/chico.inf-cr.uclm.es\/cms\/index.php\/miembros\/AULA_IE\/index.html\">AULA-IE<\/a><\/li>\n<li>Proyectos\u00a0<a href=\"http:\/\/chico.inf-cr.uclm.es\/cms\/index.php\/miembros\/ppsv\/aula.html\">AULA\u00a0y AWLA<\/a><\/li>\n<li>(IP) Proyecto\u00a0<a href=\"http:\/\/chico.inf-cr.uclm.es\/cms\/index.php\/miembros\/mredondo\/gamtest\/\">GAMTest<\/a><\/li>\n<li>(IP) Proyecto\u00a0<a href=\"http:\/\/chico2.inf-cr.uclm.es\/coplan\/index.htm\">CoPLAN<\/a><\/li>\n<\/ul>\n<p><strong>IP<\/strong>\u00a0=\u00a0<strong>I<\/strong>nvestigador\u00a0<strong>P<\/strong>rincipal<\/p>\n","protected":false},"excerpt":{"rendered":"<p>L\u00edneas de investigaci\u00f3n Aplicaci\u00f3n de t\u00e9cnicas de Ingenier\u00eda del Software a desarrollo de sistemas de e-Learning\u00a0 Dise\u00f1o de modelos computacionales en sistemas de aprendizaje\u00a0 Integraci\u00f3n de ontolog\u00edas, est\u00e1ndares y objetos de aprendizaje en sistemas de eLearning\u00a0 Desarrollo y aplicaci\u00f3n de t\u00e9cnicas de Ingenier\u00eda del Software en Interacci\u00f3n Persona-Computador\u00a0 Dise\u00f1o y especificaci\u00f3n de interfaces de usuario [&hellip;]<\/p>\n","protected":false},"author":67,"featured_media":0,"parent":0,"menu_order":0,"comment_status":"closed","ping_status":"closed","template":"","meta":{"footnotes":""},"class_list":["post-17","page","type-page","status-publish","hentry"],"_links":{"self":[{"href":"https:\/\/blog.uclm.es\/miguelredondo\/wp-json\/wp\/v2\/pages\/17","targetHints":{"allow":["GET"]}}],"collection":[{"href":"https:\/\/blog.uclm.es\/miguelredondo\/wp-json\/wp\/v2\/pages"}],"about":[{"href":"https:\/\/blog.uclm.es\/miguelredondo\/wp-json\/wp\/v2\/types\/page"}],"author":[{"embeddable":true,"href":"https:\/\/blog.uclm.es\/miguelredondo\/wp-json\/wp\/v2\/users\/67"}],"replies":[{"embeddable":true,"href":"https:\/\/blog.uclm.es\/miguelredondo\/wp-json\/wp\/v2\/comments?post=17"}],"version-history":[{"count":0,"href":"https:\/\/blog.uclm.es\/miguelredondo\/wp-json\/wp\/v2\/pages\/17\/revisions"}],"wp:attachment":[{"href":"https:\/\/blog.uclm.es\/miguelredondo\/wp-json\/wp\/v2\/media?parent=17"}],"curies":[{"name":"wp","href":"https:\/\/api.w.org\/{rel}","templated":true}]}}