{"id":14,"date":"2016-04-21T17:29:08","date_gmt":"2016-04-21T16:29:08","guid":{"rendered":"http:\/\/blog.uclm.es\/miguelredondo\/?page_id=14"},"modified":"2025-06-27T07:13:44","modified_gmt":"2025-06-27T07:13:44","slug":"docencia","status":"publish","type":"page","link":"https:\/\/blog.uclm.es\/miguelredondo\/docencia\/","title":{"rendered":"Docencia"},"content":{"rendered":"<h3>Docencia de grado en Ingenier\u00eda Inform\u00e1tica (Curso 2024-2025)<\/h3>\n<ul>\n<li>Sistemas Operativos I (1er cuatrimestre)<\/li>\n<li>Programaci\u00f3n Concurrente y de Tiempo Real (2\u00ba cuatrimestre)<\/li>\n<\/ul>\n<h3><a name=\"publicaciones\"><\/a>Publicaciones en el \u00e1mbito de la docencia<\/h3>\n<p style=\"padding-left: 30px\">Las referencias est\u00e1n disponibles en el apartado de\u00a0<a href=\"http:\/\/blog.uclm.es\/miguelredondo\/publicaciones-docentes\/\"><strong>Publicaciones<\/strong><\/a>.<\/p>\n<h3><a title=\"horario\" name=\"horario\"><\/a>Horarios de clase y tutor\u00edas<\/h3>\n<div>\n<ul>\n<li>Horario de tutor\u00edas\n<ul>\n<li>Martes: 10,00-13,00 h.<\/li>\n<li>Mi\u00e9rcoles: 10,00-13,00 h.<\/li>\n<\/ul>\n<\/li>\n<\/ul>\n<\/div>\n<h3><a title=\"ofertados\" name=\"ofertados\"><\/a>Trabajos Fin de Grado y Fin de Master ofertados<\/h3>\n<ul>\n<li>Pr\u00f3ximamente &#8230;<\/li>\n<\/ul>\n<h3><a title=\"dirigidos\" name=\"dirigidos\"><\/a>Algunos Trabajos Fin de Grado y PFCs dirigidos\u00a0en Ingenier\u00eda Inform\u00e1tica<\/h3>\n<ul>\n<li>Desarrollo de un framework de reconocimiento de gestos para interacci\u00f3n con dispositivos de manipulaci\u00f3n directa<\/li>\n<li>Arquitectura Software de Diagnosis Multimarca para Sistemas con control electr\u00f3nico de Veh\u00edculos Industriales.<\/li>\n<li>Herramienta de dise\u00f1o asistido de interfaces de usuario basados en modelos de tareas para aplicaciones web con bases de datos.<\/li>\n<li>Framework .NET para intercambio de informaci\u00f3n entre objetos PIM de Windows CE y otros sistemas.<\/li>\n<li>Plataforma para la gesti\u00f3n de ventas de una PYME con soporte para computaci\u00f3n m\u00f3vil.<\/li>\n<li>SimMem: Simulador interactivo de t\u00e9cnicas de Gesti\u00f3n de Memoria en Sistemas Operativos.<\/li>\n<li>BlueReCo: Implementaci\u00f3n de interfaz y servicios para control remoto de aplicaciones utilizando un framework Bluetooth.<\/li>\n<li>Desarrollo de una interfaz de usuario para aplicaciones de diagnosis de sistemas de frenos electro-neum\u00e1ticos en veh\u00edculos industriales.<\/li>\n<li>Generaci\u00f3n de c\u00f3digo a partir de modelos de dominio y plataforma para procesamiento de comunicaciones.<\/li>\n<li>Desarrollo de un curso virtual multiplataforma de sistemas operativos basado en la simulaci\u00f3n de supuestos pr\u00e1cticos.<\/li>\n<li>Sistema de adquisici\u00f3n de conocimiento experto mediante ejemplos. Aplicaci\u00f3n para herramientas educativas en ambientes de dise\u00f1o y simulaci\u00f3n.<\/li>\n<li>An\u00e1lisis del modelo de comunicaciones en Objetos Distribuidos. Base infraestructural, fundamentada en RMI, para el control y automatizaci\u00f3n de\u00a0 viviendas inteligentes.<\/li>\n<\/ul>\n","protected":false},"excerpt":{"rendered":"<p>Docencia de grado en Ingenier\u00eda Inform\u00e1tica (Curso 2024-2025) Sistemas Operativos I (1er cuatrimestre) Programaci\u00f3n Concurrente y de Tiempo Real (2\u00ba cuatrimestre) Publicaciones en el \u00e1mbito de la docencia Las referencias est\u00e1n disponibles en el apartado de\u00a0Publicaciones. Horarios de clase y tutor\u00edas Horario de tutor\u00edas Martes: 10,00-13,00 h. Mi\u00e9rcoles: 10,00-13,00 h. Trabajos Fin de Grado y [&hellip;]<\/p>\n","protected":false},"author":67,"featured_media":0,"parent":0,"menu_order":0,"comment_status":"closed","ping_status":"closed","template":"","meta":{"footnotes":""},"class_list":["post-14","page","type-page","status-publish","hentry"],"_links":{"self":[{"href":"https:\/\/blog.uclm.es\/miguelredondo\/wp-json\/wp\/v2\/pages\/14","targetHints":{"allow":["GET"]}}],"collection":[{"href":"https:\/\/blog.uclm.es\/miguelredondo\/wp-json\/wp\/v2\/pages"}],"about":[{"href":"https:\/\/blog.uclm.es\/miguelredondo\/wp-json\/wp\/v2\/types\/page"}],"author":[{"embeddable":true,"href":"https:\/\/blog.uclm.es\/miguelredondo\/wp-json\/wp\/v2\/users\/67"}],"replies":[{"embeddable":true,"href":"https:\/\/blog.uclm.es\/miguelredondo\/wp-json\/wp\/v2\/comments?post=14"}],"version-history":[{"count":1,"href":"https:\/\/blog.uclm.es\/miguelredondo\/wp-json\/wp\/v2\/pages\/14\/revisions"}],"predecessor-version":[{"id":68,"href":"https:\/\/blog.uclm.es\/miguelredondo\/wp-json\/wp\/v2\/pages\/14\/revisions\/68"}],"wp:attachment":[{"href":"https:\/\/blog.uclm.es\/miguelredondo\/wp-json\/wp\/v2\/media?parent=14"}],"curies":[{"name":"wp","href":"https:\/\/api.w.org\/{rel}","templated":true}]}}