{"id":5,"date":"2015-11-18T21:50:23","date_gmt":"2015-11-18T20:50:23","guid":{"rendered":"http:\/\/blog.uclm.es\/miguelangeltarancon\/?page_id=5"},"modified":"2025-09-18T18:23:06","modified_gmt":"2025-09-18T16:23:06","slug":"principal","status":"publish","type":"page","link":"https:\/\/blog.uclm.es\/miguelangeltarancon\/","title":{"rendered":"Principal"},"content":{"rendered":"\n<figure class=\"wp-block-image size-full has-custom-border is-style-default wp-duotone-unset-1\" style=\"margin-top:var(--wp--preset--spacing--40);margin-right:var(--wp--preset--spacing--30);margin-bottom:var(--wp--preset--spacing--40);margin-left:var(--wp--preset--spacing--30)\"><img loading=\"lazy\" decoding=\"async\" width=\"1000\" height=\"350\" src=\"https:\/\/blog.uclm.es\/miguelangeltarancon\/wp-content\/uploads\/sites\/67\/2025\/09\/Gemini_Generated_Image_h31ywkh31ywkh31y-2-2.jpg\" alt=\"\" class=\"wp-image-888\" style=\"border-style:none;border-width:0px;border-radius:0px\" srcset=\"https:\/\/blog.uclm.es\/miguelangeltarancon\/wp-content\/uploads\/sites\/67\/2025\/09\/Gemini_Generated_Image_h31ywkh31ywkh31y-2-2.jpg 1000w, https:\/\/blog.uclm.es\/miguelangeltarancon\/wp-content\/uploads\/sites\/67\/2025\/09\/Gemini_Generated_Image_h31ywkh31ywkh31y-2-2-300x105.jpg 300w, https:\/\/blog.uclm.es\/miguelangeltarancon\/wp-content\/uploads\/sites\/67\/2025\/09\/Gemini_Generated_Image_h31ywkh31ywkh31y-2-2-768x269.jpg 768w\" sizes=\"auto, (max-width: 1000px) 100vw, 1000px\" \/><\/figure>\n\n\n\n<p>Sobre m\u00ed: Catedr\u00e1tico de Econom\u00eda Aplicada en la UCLM. Me gustan los libros, escribir, dibujar, la fotograf\u00eda, los dachshunds, los p\u00e1jaros. A\u00fapa Atleti. Sargento de Hierro.<\/p>\n","protected":false},"excerpt":{"rendered":"<p>Sobre m\u00ed: Catedr\u00e1tico de Econom\u00eda Aplicada en la UCLM. Me gustan los libros, escribir, dibujar, la fotograf\u00eda, los dachshunds, los p\u00e1jaros. A\u00fapa Atleti. Sargento de Hierro.<\/p>\n","protected":false},"author":78,"featured_media":0,"parent":0,"menu_order":0,"comment_status":"closed","ping_status":"closed","template":"","meta":{"footnotes":""},"class_list":["post-5","page","type-page","status-publish","hentry"],"_links":{"self":[{"href":"https:\/\/blog.uclm.es\/miguelangeltarancon\/wp-json\/wp\/v2\/pages\/5","targetHints":{"allow":["GET"]}}],"collection":[{"href":"https:\/\/blog.uclm.es\/miguelangeltarancon\/wp-json\/wp\/v2\/pages"}],"about":[{"href":"https:\/\/blog.uclm.es\/miguelangeltarancon\/wp-json\/wp\/v2\/types\/page"}],"author":[{"embeddable":true,"href":"https:\/\/blog.uclm.es\/miguelangeltarancon\/wp-json\/wp\/v2\/users\/78"}],"replies":[{"embeddable":true,"href":"https:\/\/blog.uclm.es\/miguelangeltarancon\/wp-json\/wp\/v2\/comments?post=5"}],"version-history":[{"count":10,"href":"https:\/\/blog.uclm.es\/miguelangeltarancon\/wp-json\/wp\/v2\/pages\/5\/revisions"}],"predecessor-version":[{"id":946,"href":"https:\/\/blog.uclm.es\/miguelangeltarancon\/wp-json\/wp\/v2\/pages\/5\/revisions\/946"}],"wp:attachment":[{"href":"https:\/\/blog.uclm.es\/miguelangeltarancon\/wp-json\/wp\/v2\/media?parent=5"}],"curies":[{"name":"wp","href":"https:\/\/api.w.org\/{rel}","templated":true}]}}