{"id":366,"date":"2017-01-11T19:39:15","date_gmt":"2017-01-11T18:39:15","guid":{"rendered":"http:\/\/blog.uclm.es\/miguelangeltarancon\/?page_id=366"},"modified":"2025-09-18T18:35:17","modified_gmt":"2025-09-18T16:35:17","slug":"downloadable-docs","status":"publish","type":"page","link":"https:\/\/blog.uclm.es\/miguelangeltarancon\/downloadable-docs\/","title":{"rendered":"Recursos."},"content":{"rendered":"\n<figure class=\"wp-block-image size-large\"><img loading=\"lazy\" decoding=\"async\" width=\"1024\" height=\"577\" src=\"https:\/\/blog.uclm.es\/miguelangeltarancon\/wp-content\/uploads\/sites\/67\/2019\/08\/DSC_5162-001-1-1024x577.jpg\" alt=\"\" class=\"wp-image-514\" srcset=\"https:\/\/blog.uclm.es\/miguelangeltarancon\/wp-content\/uploads\/sites\/67\/2019\/08\/DSC_5162-001-1-1024x577.jpg 1024w, https:\/\/blog.uclm.es\/miguelangeltarancon\/wp-content\/uploads\/sites\/67\/2019\/08\/DSC_5162-001-1-300x169.jpg 300w, https:\/\/blog.uclm.es\/miguelangeltarancon\/wp-content\/uploads\/sites\/67\/2019\/08\/DSC_5162-001-1-768x433.jpg 768w, https:\/\/blog.uclm.es\/miguelangeltarancon\/wp-content\/uploads\/sites\/67\/2019\/08\/DSC_5162-001-1-1536x865.jpg 1536w, https:\/\/blog.uclm.es\/miguelangeltarancon\/wp-content\/uploads\/sites\/67\/2019\/08\/DSC_5162-001-1-2048x1153.jpg 2048w\" sizes=\"auto, (max-width: 1024px) 100vw, 1024px\" \/><\/figure>\n\n\n\n<p>Hay algunos recursos que pueden resultarte interesantes:<\/p>\n\n\n\n<ul class=\"wp-block-list\">\n<li><strong><a href=\"http:\/\/blog.uclm.es\/miguelangeltarancon\/databases-and-databanks\/\">Databases &amp; Databanks:<\/a><\/strong> Enlaces de acceso a bases de datos socio-econ\u00f3micos, energ\u00e9ticos y ambientales.<\/li>\n\n\n\n<li><a href=\"http:\/\/blog.uclm.es\/miguelangeltarancon\/r-teca\/\"><strong>R-Stars<\/strong><\/a>: Proyecto de aprendizaje de t\u00e9cnicas de an\u00e1lisis de datos con R mediante datos provenientes de un Universo ficticio.<\/li>\n\n\n\n<li>Mi (viejo) libro sobre An\u00e1lisis Input-Output Analysis: <strong><a href=\"https:\/\/www.researchgate.net\/publication\/299341017_Tecnicas_de_Analisis_Economico_Input-Output\" target=\"_blank\" rel=\"noreferrer noopener\">T\u00e9cnicas de An\u00e1lisis Econ\u00f3mico Input-Output<\/a><\/strong>.<\/li>\n<\/ul>\n","protected":false},"excerpt":{"rendered":"<p>Hay algunos recursos que pueden resultarte interesantes:<\/p>\n","protected":false},"author":78,"featured_media":0,"parent":0,"menu_order":0,"comment_status":"closed","ping_status":"closed","template":"","meta":{"footnotes":""},"class_list":["post-366","page","type-page","status-publish","hentry"],"_links":{"self":[{"href":"https:\/\/blog.uclm.es\/miguelangeltarancon\/wp-json\/wp\/v2\/pages\/366","targetHints":{"allow":["GET"]}}],"collection":[{"href":"https:\/\/blog.uclm.es\/miguelangeltarancon\/wp-json\/wp\/v2\/pages"}],"about":[{"href":"https:\/\/blog.uclm.es\/miguelangeltarancon\/wp-json\/wp\/v2\/types\/page"}],"author":[{"embeddable":true,"href":"https:\/\/blog.uclm.es\/miguelangeltarancon\/wp-json\/wp\/v2\/users\/78"}],"replies":[{"embeddable":true,"href":"https:\/\/blog.uclm.es\/miguelangeltarancon\/wp-json\/wp\/v2\/comments?post=366"}],"version-history":[{"count":1,"href":"https:\/\/blog.uclm.es\/miguelangeltarancon\/wp-json\/wp\/v2\/pages\/366\/revisions"}],"predecessor-version":[{"id":949,"href":"https:\/\/blog.uclm.es\/miguelangeltarancon\/wp-json\/wp\/v2\/pages\/366\/revisions\/949"}],"wp:attachment":[{"href":"https:\/\/blog.uclm.es\/miguelangeltarancon\/wp-json\/wp\/v2\/media?parent=366"}],"curies":[{"name":"wp","href":"https:\/\/api.w.org\/{rel}","templated":true}]}}