{"id":322,"date":"2016-11-26T15:48:29","date_gmt":"2016-11-26T14:48:29","guid":{"rendered":"http:\/\/blog.uclm.es\/miguelangeltarancon\/?page_id=322"},"modified":"2023-02-01T11:33:45","modified_gmt":"2023-02-01T09:33:45","slug":"databases-and-databanks","status":"publish","type":"page","link":"https:\/\/blog.uclm.es\/miguelangeltarancon\/databases-and-databanks\/","title":{"rendered":"Databases and Databanks."},"content":{"rendered":"\n<figure class=\"wp-block-image\"><img loading=\"lazy\" decoding=\"async\" width=\"1024\" height=\"683\" src=\"https:\/\/blog.uclm.es\/miguelangeltarancon\/wp-content\/uploads\/sites\/67\/2019\/08\/DSC6559-2-1-1-1024x683.jpg\" alt=\"\" class=\"wp-image-544\" srcset=\"https:\/\/blog.uclm.es\/miguelangeltarancon\/wp-content\/uploads\/sites\/67\/2019\/08\/DSC6559-2-1-1-1024x683.jpg 1024w, https:\/\/blog.uclm.es\/miguelangeltarancon\/wp-content\/uploads\/sites\/67\/2019\/08\/DSC6559-2-1-1-300x200.jpg 300w, https:\/\/blog.uclm.es\/miguelangeltarancon\/wp-content\/uploads\/sites\/67\/2019\/08\/DSC6559-2-1-1-768x512.jpg 768w, https:\/\/blog.uclm.es\/miguelangeltarancon\/wp-content\/uploads\/sites\/67\/2019\/08\/DSC6559-2-1-1-1536x1024.jpg 1536w, https:\/\/blog.uclm.es\/miguelangeltarancon\/wp-content\/uploads\/sites\/67\/2019\/08\/DSC6559-2-1-1-2048x1365.jpg 2048w\" sizes=\"auto, (max-width: 1024px) 100vw, 1024px\" \/><\/figure>\n\n\n<h6><strong>Spain.<\/strong><\/h6>\n<ul>\n<li style=\"list-style-type: none\">\n<ul>\n<li><a href=\"http:\/\/www.ine.es\/inebmenu\/indice.htm\" target=\"_blank\" rel=\"noopener noreferrer\">Inebase, Instituto Nacional de Estad\u00edstica (INE).<\/a><\/li>\n<li><a href=\"http:\/\/app.bde.es\/bie_www\/GestorDePeticiones?IdOperacion=bebie_www_BusquedaTematica&amp;token=8e19104b-bd34-4e5f-838a-fedfc3a77247\" target=\"_blank\" rel=\"noopener noreferrer\">Banco de Espa\u00f1a. Indicadores econ\u00f3micos y financieros.<\/a><\/li>\n<li><a href=\"http:\/\/serviciosede.mineco.gob.es\/Indeco\/BDSICE\/homebdsice.aspx\" target=\"_blank\" rel=\"noopener noreferrer\"><span class=\"subtitulo\">Base de datos de Series de Indicadores de Coyuntura Econ\u00f3mica (BDSICE)<\/span>. Ministerio de Econom\u00eda<\/a><\/li>\n<li><a href=\"http:\/\/www.bmerv.es\/esp\/aspx\/Empresas\/Empresas.aspx\" target=\"_blank\" rel=\"noopener noreferrer\">Informaci\u00f3n empresas cotizadas en bolsa espa\u00f1ola (BME).<\/a><\/li>\n<\/ul>\n<\/li>\n<\/ul>\n<h6><strong>National Statistics.<\/strong><\/h6>\n<ul>\n<li style=\"list-style-type: none\">\n<ul>\n<li><a href=\"http:\/\/unstats.un.org\/unsd\/methods\/inter-natlinks\/sd_natstat.asp\" target=\"_blank\" rel=\"noopener noreferrer\">National Statistical Offices around the World (via UN).<\/a><\/li>\n<\/ul>\n<\/li>\n<\/ul>\n<h6><strong>European Statistics.<\/strong><\/h6>\n<ul>\n<li style=\"list-style-type: none\">\n<ul>\n<li><a href=\"http:\/\/ec.europa.eu\/eurostat\/data\/database\" target=\"_blank\" rel=\"noopener noreferrer\">Base de Datos de Eurostat.<\/a><\/li>\n<li><a href=\"http:\/\/ec.europa.eu\/economy_finance\/db_indicators\/ameco\/index_en.htm\" target=\"_blank\" rel=\"noopener noreferrer\">AMECO, Base de Datos Macroecon\u00f3micos de la Comisi\u00f3n Europea. Economic and Financial Affairs.<\/a><\/li>\n<\/ul>\n<\/li>\n<\/ul>\n<h6><strong>OECD Statistics.<\/strong><\/h6>\n<ul>\n<li style=\"list-style-type: none\">\n<ul>\n<li><a href=\"http:\/\/stats.oecd.org\/\" target=\"_blank\" rel=\"noopener noreferrer\">OECD Database.<\/a><\/li>\n<\/ul>\n<\/li>\n<\/ul>\n<h6><strong>World Databases.<\/strong><\/h6>\n<ul>\n<li style=\"list-style-type: none\">\n<ul>\n<li><a href=\"http:\/\/unstats.un.org\/unsd\/databases.htm\" target=\"_blank\" rel=\"noopener noreferrer\">Databases from United Nations.<\/a><\/li>\n<\/ul>\n<\/li>\n<\/ul>\n<h6><span style=\"color: #003366\"><strong>Input-Output Framework.<\/strong><\/span><\/h6>\n<ul>\n<li style=\"list-style-type: none\">\n<ul>\n<li><a href=\"http:\/\/www.wiod.org\/database\/wiots16\" target=\"_blank\" rel=\"noopener noreferrer\">World Input-Output Database (WIOD).<\/a><\/li>\n<\/ul>\n<\/li>\n<\/ul>\n<h6><span style=\"color: #003366\"><strong>Energy.<\/strong><\/span><\/h6>\n<ul>\n<li style=\"list-style-type: none\">\n<ul>\n<li><a href=\"https:\/\/view.officeapps.live.com\/op\/view.aspx?src=https%3A%2F%2Fenergy.ec.europa.eu%2Fsystem%2Ffiles%2F2022-08%2FEnergy%2520statistical%2520country%2520datasheets%25202022-08%2520for%2520public%2520use.xlsx&amp;wdOrigin=BROWSELINK\" target=\"_blank\" rel=\"noopener noreferrer\">European Dataset (by country). European Commission.<\/a><\/li>\n<li><a href=\"https:\/\/www.esios.ree.es\/es\" target=\"_blank\" rel=\"noopener noreferrer\">ESIOS (Sistema de Informaci\u00f3n del Operador del Sistema). Red El\u00e9ctrica de Espa\u00f1a.<\/a><\/li>\n<li><a href=\"http:\/\/www.minetad.gob.es\/energia\/balances\/Publicaciones\/ElectricasAnuales\/Paginas\/ElectricasAnuales.aspx\" target=\"_blank\" rel=\"noopener noreferrer\">Estad\u00edsticas el\u00e9ctricas en Espa\u00f1a anuales. Secretar\u00eda de Estado de Energ\u00eda.<\/a><\/li>\n<li><a href=\"http:\/\/www.idae.es\/estudios-informes-y-estadisticas\" target=\"_blank\" rel=\"noopener noreferrer\">Estad\u00edsticas del Instituto para la Diversificaci\u00f3n y el Ahorro Energ\u00e9tico (IDAE).<\/a><\/li>\n<li><a href=\"http:\/\/www.iea.org\/policiesandmeasures\/renewableenergy\/\" target=\"_blank\" rel=\"noopener noreferrer\">Joint Policies and Measures Database for Global Renewable Energy (132 countries). IEA. &amp; IRENA.<\/a><\/li>\n<li><a href=\"http:\/\/www.res-legal.eu\/home\/\" target=\"_blank\" rel=\"noopener noreferrer\">RES-Legal: Legal Sources on Renewable Energy.<\/a><\/li>\n<li><a href=\"http:\/\/resourceirena.irena.org\/gateway\/\" target=\"_blank\" rel=\"noopener noreferrer\">REsource (Renewable Energy Information) Data, Statistics and Country Profiles. IRENA.<\/a><\/li>\n<li><a href=\"https:\/\/www.bp.com\/en\/global\/corporate\/energy-economics\/statistical-review-of-world-energy.html\" target=\"_blank\" rel=\"noopener noreferrer\">Statistical Review of Worls Energy \/ Energy Economics (BP, British Petroleum).<\/a><\/li>\n<\/ul>\n<\/li>\n<\/ul>\n<h6><strong><span style=\"color: #003366\">Environment.<\/span><\/strong><\/h6>\n<ul>\n<li style=\"list-style-type: none\">\n<ul>\n<li><a href=\"http:\/\/www.prtr-es.es\/\" target=\"_blank\" rel=\"noopener noreferrer\">Registro Estatal de Emisiones y Fuentes Contaminantes (PRTR-Espa\u00f1a).<\/a><\/li>\n<li><a href=\"http:\/\/www.eea.europa.eu\/data-and-maps\/data#c17=&amp;c11=&amp;c5=all&amp;c0=5&amp;b_start=0\" target=\"_blank\" rel=\"noopener noreferrer\">Data from the European Environmental Agency (EEA).<\/a><\/li>\n<li><a href=\"http:\/\/electricitymap.tmrow.co\/\" target=\"_blank\" rel=\"noopener noreferrer\">Live CO2 emissions of the European electricity production.<\/a><\/li>\n<\/ul>\n<\/li>\n<\/ul>","protected":false},"excerpt":{"rendered":"<p>Spain. Inebase, Instituto Nacional de Estad\u00edstica (INE). Banco de Espa\u00f1a. Indicadores econ\u00f3micos y financieros. Base de datos de Series de Indicadores de Coyuntura Econ\u00f3mica (BDSICE). Ministerio de Econom\u00eda Informaci\u00f3n empresas cotizadas en bolsa espa\u00f1ola (BME). National Statistics. National Statistical Offices around the World (via UN). European Statistics. Base de Datos de Eurostat. AMECO, Base de [&hellip;]<\/p>\n","protected":false},"author":78,"featured_media":0,"parent":0,"menu_order":0,"comment_status":"closed","ping_status":"closed","template":"","meta":{"footnotes":""},"class_list":["post-322","page","type-page","status-publish","hentry"],"_links":{"self":[{"href":"https:\/\/blog.uclm.es\/miguelangeltarancon\/wp-json\/wp\/v2\/pages\/322","targetHints":{"allow":["GET"]}}],"collection":[{"href":"https:\/\/blog.uclm.es\/miguelangeltarancon\/wp-json\/wp\/v2\/pages"}],"about":[{"href":"https:\/\/blog.uclm.es\/miguelangeltarancon\/wp-json\/wp\/v2\/types\/page"}],"author":[{"embeddable":true,"href":"https:\/\/blog.uclm.es\/miguelangeltarancon\/wp-json\/wp\/v2\/users\/78"}],"replies":[{"embeddable":true,"href":"https:\/\/blog.uclm.es\/miguelangeltarancon\/wp-json\/wp\/v2\/comments?post=322"}],"version-history":[{"count":1,"href":"https:\/\/blog.uclm.es\/miguelangeltarancon\/wp-json\/wp\/v2\/pages\/322\/revisions"}],"predecessor-version":[{"id":724,"href":"https:\/\/blog.uclm.es\/miguelangeltarancon\/wp-json\/wp\/v2\/pages\/322\/revisions\/724"}],"wp:attachment":[{"href":"https:\/\/blog.uclm.es\/miguelangeltarancon\/wp-json\/wp\/v2\/media?parent=322"}],"curies":[{"name":"wp","href":"https:\/\/api.w.org\/{rel}","templated":true}]}}