{"id":21,"date":"2015-11-18T23:25:30","date_gmt":"2015-11-18T22:25:30","guid":{"rendered":"http:\/\/blog.uclm.es\/miguelangeltarancon\/?page_id=21"},"modified":"2025-09-18T18:21:40","modified_gmt":"2025-09-18T16:21:40","slug":"lineas-de-investigacion","status":"publish","type":"page","link":"https:\/\/blog.uclm.es\/miguelangeltarancon\/lineas-de-investigacion\/","title":{"rendered":"Investigaci\u00f3n."},"content":{"rendered":"\n<figure class=\"wp-block-image size-large\"><img loading=\"lazy\" decoding=\"async\" width=\"2560\" height=\"1439\" src=\"https:\/\/blog.uclm.es\/miguelangeltarancon\/wp-content\/uploads\/sites\/67\/2025\/09\/DSC6670-1-edited-scaled.jpg\" alt=\"\" class=\"wp-image-943\" style=\"aspect-ratio:16\/9;object-fit:cover\" srcset=\"https:\/\/blog.uclm.es\/miguelangeltarancon\/wp-content\/uploads\/sites\/67\/2025\/09\/DSC6670-1-edited-scaled.jpg 2560w, https:\/\/blog.uclm.es\/miguelangeltarancon\/wp-content\/uploads\/sites\/67\/2025\/09\/DSC6670-1-edited-300x169.jpg 300w, https:\/\/blog.uclm.es\/miguelangeltarancon\/wp-content\/uploads\/sites\/67\/2025\/09\/DSC6670-1-edited-1024x576.jpg 1024w, https:\/\/blog.uclm.es\/miguelangeltarancon\/wp-content\/uploads\/sites\/67\/2025\/09\/DSC6670-1-edited-768x432.jpg 768w, https:\/\/blog.uclm.es\/miguelangeltarancon\/wp-content\/uploads\/sites\/67\/2025\/09\/DSC6670-1-edited-1536x864.jpg 1536w, https:\/\/blog.uclm.es\/miguelangeltarancon\/wp-content\/uploads\/sites\/67\/2025\/09\/DSC6670-1-edited-2048x1152.jpg 2048w\" sizes=\"auto, (max-width: 2560px) 100vw, 2560px\" \/><\/figure>\n\n\n<p>En estos 30 a\u00f1os de actividad acad\u00e9mica han sido varias las tem\u00e1ticas en las que he centrado mi actividad como investigador. Sintetizando, podr\u00eda hablar de dos l\u00edneas metodol\u00f3gicas, y cuatro aplicadas.<\/p>\n<p>Dentro de las l\u00edneas metodol\u00f3gicas, a la que he dedicado m\u00e1s esfuerzos y tiempo ha sido al <span style=\"color: #666699\"><strong>an\u00e1lisis input-output<\/strong><\/span>, que creo firmemente que es una de las mejores alternativas para el an\u00e1lisis del comportamiento de los sectores productivos de un \u00e1mbito territorial, ya que integra el an\u00e1lisis desagregado de la estructura de insumos de los sectores productivos en un marco coherente en el que se detallan sus relaciones entre s\u00ed (directas e indirectas). Yo me centr\u00e9, principalmente, en la localizaci\u00f3n de coeficientes importantes, definidos como aquellas transacciones entre sectores que son claves para comprender y caracterizar la estructura productiva de un sistema econ\u00f3mico. Para ello, utilizamos tanto \u00e1lgebra matricial como programaci\u00f3n matem\u00e1tica.<\/p>\n<p>La aplicaci\u00f3n al <strong><span style=\"color: #666699\">sector del transporte<\/span><\/strong> del an\u00e1lisis input-output, principalmente en el seno del proyecto ECONOMETRIST, me llev\u00f3 a concluir mi tesis doctoral en 2.002.<\/p>\n<p>Posteriormente, de la mano de mi compa\u00f1ero y amigo Pablo del R\u00edo, aplicamos este tipo de an\u00e1lisis al \u00e1mbito de la econom\u00eda ambiental (responsabilidad de sectores productivos en las <strong><span style=\"color: #666699\">emisiones de CO2<\/span><\/strong> a la atm\u00f3sfera). Es en este \u00e1mbito donde conseguimos las publicaciones en las que m\u00e1s he sido citado, en las revistas <em>Energy Economics<\/em> y <em>Energy Policy<\/em>.<\/p>\n<p>Paralelamente, de la mano del profesor Dino Martellato, aplicamos la metodolog\u00eda de la identificaci\u00f3n de coeficientes input-output importantes al campo de la <span style=\"color: #666699\"><strong>eficiencia productiva<\/strong><\/span>, de donde se desarroll\u00f3 la tesis doctoral que dirig\u00ed a mi compa\u00f1era Mar\u00eda Jes\u00fas Guti\u00e9rrez Pedrero.<\/p>\n<p>El estudio de las emisiones de CO2 desde la \u00f3ptica sectorial y el an\u00e1lisis input-output me llev\u00f3, de nuevo de la mano de Pablo del R\u00edo, a profundizar en un campo muy relacionado; pero distinto: econom\u00eda de la energ\u00eda. En concreto, la <strong><span style=\"color: #666699\">difusi\u00f3n de las energ\u00edas renovables<\/span><\/strong>. Y, m\u00e1s particularmente, en el sector el\u00e9ctrico y mediante la tecnolog\u00eda e\u00f3lica. Esto nos llev\u00f3 a aplicar otro plano metodol\u00f3gico en el que me hab\u00eda formado en mi faceta como docente: el<strong><span style=\"color: #666699\"> an\u00e1lisis econom\u00e9trico<\/span><\/strong>. En este aspecto, destacan las dos tesis doctorales que codirig\u00ed, de Consolaci\u00f3n Quintana Rojo y Eugenio Due\u00f1as respectivamente, en las que trabajamos en el \u00e1mbito de los modelos multiecuacionales de ecuaciones simult\u00e1neas y, en el primer caso, en su integraci\u00f3n en un modelo de an\u00e1lisis de sensibilidad de coeficientes basado en programaci\u00f3n matem\u00e1tica.<\/p>\n<p>Actualmente, mis esfuerzos investigadores se dirigen a la evaluaci\u00f3n de la <span style=\"color: #666699\"><strong>viabilidad del Plan Nacional Integrado de Energ\u00eda y Clima<\/strong><\/span> de Espa\u00f1a (PNIEC), y al tema de la <strong><span style=\"color: #666699\">aceptaci\u00f3n social de las energ\u00edas renovables<\/span><\/strong>.<\/p>\n<p>\u00a0<\/p>","protected":false},"excerpt":{"rendered":"<p>En estos 30 a\u00f1os de actividad acad\u00e9mica han sido varias las tem\u00e1ticas en las que he centrado mi actividad como investigador. Sintetizando, podr\u00eda hablar de dos l\u00edneas metodol\u00f3gicas, y cuatro aplicadas. Dentro de las l\u00edneas metodol\u00f3gicas, a la que he dedicado m\u00e1s esfuerzos y tiempo ha sido al an\u00e1lisis input-output, que creo firmemente que es [&hellip;]<\/p>\n","protected":false},"author":78,"featured_media":0,"parent":0,"menu_order":0,"comment_status":"closed","ping_status":"closed","template":"","meta":{"footnotes":""},"class_list":["post-21","page","type-page","status-publish","hentry"],"_links":{"self":[{"href":"https:\/\/blog.uclm.es\/miguelangeltarancon\/wp-json\/wp\/v2\/pages\/21","targetHints":{"allow":["GET"]}}],"collection":[{"href":"https:\/\/blog.uclm.es\/miguelangeltarancon\/wp-json\/wp\/v2\/pages"}],"about":[{"href":"https:\/\/blog.uclm.es\/miguelangeltarancon\/wp-json\/wp\/v2\/types\/page"}],"author":[{"embeddable":true,"href":"https:\/\/blog.uclm.es\/miguelangeltarancon\/wp-json\/wp\/v2\/users\/78"}],"replies":[{"embeddable":true,"href":"https:\/\/blog.uclm.es\/miguelangeltarancon\/wp-json\/wp\/v2\/comments?post=21"}],"version-history":[{"count":4,"href":"https:\/\/blog.uclm.es\/miguelangeltarancon\/wp-json\/wp\/v2\/pages\/21\/revisions"}],"predecessor-version":[{"id":945,"href":"https:\/\/blog.uclm.es\/miguelangeltarancon\/wp-json\/wp\/v2\/pages\/21\/revisions\/945"}],"wp:attachment":[{"href":"https:\/\/blog.uclm.es\/miguelangeltarancon\/wp-json\/wp\/v2\/media?parent=21"}],"curies":[{"name":"wp","href":"https:\/\/api.w.org\/{rel}","templated":true}]}}