{"id":192,"date":"2016-03-05T13:40:42","date_gmt":"2016-03-05T12:40:42","guid":{"rendered":"http:\/\/blog.uclm.es\/miguelangeltarancon\/?page_id=192"},"modified":"2025-09-18T19:13:39","modified_gmt":"2025-09-18T17:13:39","slug":"enlaces","status":"publish","type":"page","link":"https:\/\/blog.uclm.es\/miguelangeltarancon\/enlaces\/","title":{"rendered":"Links."},"content":{"rendered":"\n<figure class=\"wp-block-image size-large\"><img loading=\"lazy\" decoding=\"async\" width=\"2560\" height=\"1440\" src=\"https:\/\/blog.uclm.es\/miguelangeltarancon\/wp-content\/uploads\/sites\/67\/2025\/09\/DSC_5167-001-1-edited-scaled.jpg\" alt=\"\" class=\"wp-image-952\" style=\"aspect-ratio:16\/9;object-fit:cover\" srcset=\"https:\/\/blog.uclm.es\/miguelangeltarancon\/wp-content\/uploads\/sites\/67\/2025\/09\/DSC_5167-001-1-edited-scaled.jpg 2560w, https:\/\/blog.uclm.es\/miguelangeltarancon\/wp-content\/uploads\/sites\/67\/2025\/09\/DSC_5167-001-1-edited-300x169.jpg 300w, https:\/\/blog.uclm.es\/miguelangeltarancon\/wp-content\/uploads\/sites\/67\/2025\/09\/DSC_5167-001-1-edited-1024x576.jpg 1024w, https:\/\/blog.uclm.es\/miguelangeltarancon\/wp-content\/uploads\/sites\/67\/2025\/09\/DSC_5167-001-1-edited-768x432.jpg 768w, https:\/\/blog.uclm.es\/miguelangeltarancon\/wp-content\/uploads\/sites\/67\/2025\/09\/DSC_5167-001-1-edited-1536x864.jpg 1536w, https:\/\/blog.uclm.es\/miguelangeltarancon\/wp-content\/uploads\/sites\/67\/2025\/09\/DSC_5167-001-1-edited-2048x1152.jpg 2048w\" sizes=\"auto, (max-width: 2560px) 100vw, 2560px\" \/><\/figure>\n\n\n\n<p>Institucional.<\/p>\n\n\n\n<ul class=\"wp-block-list\">\n<li><a href=\"http:\/\/www.uclm.es\" target=\"_blank\" rel=\"noreferrer noopener\">UCLM.<\/a><\/li>\n\n\n\n<li><a href=\"https:\/\/www.uclm.es\/ciudad-real\/derecho-ccsociales\" target=\"_blank\" rel=\"noreferrer noopener\">Facultad de Derecho y Ciencias Sociales de Ciudad Real.<\/a><\/li>\n<\/ul>\n\n\n\n<p>Energ\u00eda, renovables, sostenibilidad.<\/p>\n\n\n\n<ul class=\"wp-block-list\">\n<li><a href=\"http:\/\/blog.uclm.es\/gruposes\/\" target=\"_blank\" rel=\"noreferrer noopener\">Seminario de Econom\u00eda Sostenible.<\/a><\/li>\n<\/ul>\n\n\n\n<p>An\u00e1lisis Input-Output.<\/p>\n\n\n\n<ul class=\"wp-block-list\">\n<li><a href=\"http:\/\/www.shaio.es\/\" target=\"_blank\" rel=\"noreferrer noopener\">SHAIO.<\/a><\/li>\n\n\n\n<li><a href=\"https:\/\/www.iioa.org\/\" target=\"_blank\" rel=\"noreferrer noopener\">IIOA.<\/a><\/li>\n<\/ul>\n\n\n\n<p><a href=\"https:\/\/www.uclm.es\/Estudios\/masteres\/master-modelizacion-analisis-datos-economicos\">M\u00e1ster en Modelizaci\u00f3n y An\u00e1lisis de Datos Econ\u00f3micos (MUMADE)<\/a><\/p>\n","protected":false},"excerpt":{"rendered":"<p>Institucional. Energ\u00eda, renovables, sostenibilidad. An\u00e1lisis Input-Output. M\u00e1ster en Modelizaci\u00f3n y An\u00e1lisis de Datos Econ\u00f3micos (MUMADE)<\/p>\n","protected":false},"author":78,"featured_media":0,"parent":0,"menu_order":0,"comment_status":"closed","ping_status":"closed","template":"","meta":{"footnotes":""},"class_list":["post-192","page","type-page","status-publish","hentry"],"_links":{"self":[{"href":"https:\/\/blog.uclm.es\/miguelangeltarancon\/wp-json\/wp\/v2\/pages\/192","targetHints":{"allow":["GET"]}}],"collection":[{"href":"https:\/\/blog.uclm.es\/miguelangeltarancon\/wp-json\/wp\/v2\/pages"}],"about":[{"href":"https:\/\/blog.uclm.es\/miguelangeltarancon\/wp-json\/wp\/v2\/types\/page"}],"author":[{"embeddable":true,"href":"https:\/\/blog.uclm.es\/miguelangeltarancon\/wp-json\/wp\/v2\/users\/78"}],"replies":[{"embeddable":true,"href":"https:\/\/blog.uclm.es\/miguelangeltarancon\/wp-json\/wp\/v2\/comments?post=192"}],"version-history":[{"count":4,"href":"https:\/\/blog.uclm.es\/miguelangeltarancon\/wp-json\/wp\/v2\/pages\/192\/revisions"}],"predecessor-version":[{"id":961,"href":"https:\/\/blog.uclm.es\/miguelangeltarancon\/wp-json\/wp\/v2\/pages\/192\/revisions\/961"}],"wp:attachment":[{"href":"https:\/\/blog.uclm.es\/miguelangeltarancon\/wp-json\/wp\/v2\/media?parent=192"}],"curies":[{"name":"wp","href":"https:\/\/api.w.org\/{rel}","templated":true}]}}