{"id":16,"date":"2015-11-18T23:17:47","date_gmt":"2015-11-18T22:17:47","guid":{"rendered":"http:\/\/blog.uclm.es\/miguelangeltarancon\/?page_id=16"},"modified":"2025-09-18T18:24:15","modified_gmt":"2025-09-18T16:24:15","slug":"presentacion","status":"publish","type":"page","link":"https:\/\/blog.uclm.es\/miguelangeltarancon\/presentacion\/","title":{"rendered":"Who am I?"},"content":{"rendered":"\n<figure class=\"wp-block-image size-large\"><img loading=\"lazy\" decoding=\"async\" width=\"2560\" height=\"1440\" src=\"https:\/\/blog.uclm.es\/miguelangeltarancon\/wp-content\/uploads\/sites\/67\/2025\/09\/DSC5053-1-edited-1-scaled.jpg\" alt=\"\" class=\"wp-image-947\" srcset=\"https:\/\/blog.uclm.es\/miguelangeltarancon\/wp-content\/uploads\/sites\/67\/2025\/09\/DSC5053-1-edited-1-scaled.jpg 2560w, https:\/\/blog.uclm.es\/miguelangeltarancon\/wp-content\/uploads\/sites\/67\/2025\/09\/DSC5053-1-edited-1-300x169.jpg 300w, https:\/\/blog.uclm.es\/miguelangeltarancon\/wp-content\/uploads\/sites\/67\/2025\/09\/DSC5053-1-edited-1-1024x576.jpg 1024w, https:\/\/blog.uclm.es\/miguelangeltarancon\/wp-content\/uploads\/sites\/67\/2025\/09\/DSC5053-1-edited-1-768x432.jpg 768w, https:\/\/blog.uclm.es\/miguelangeltarancon\/wp-content\/uploads\/sites\/67\/2025\/09\/DSC5053-1-edited-1-1536x864.jpg 1536w, https:\/\/blog.uclm.es\/miguelangeltarancon\/wp-content\/uploads\/sites\/67\/2025\/09\/DSC5053-1-edited-1-2048x1152.jpg 2048w\" sizes=\"auto, (max-width: 2560px) 100vw, 2560px\" \/><\/figure>\n\n\n\n<p style=\"font-size:16px;font-style:normal;font-weight:300\">Soy Miguel, valdepe\u00f1ero nacido en el pasado siglo en Valdepe\u00f1as, ciudad manchega ya muy pr\u00f3xima a la Ja\u00e9n de los olivos, Despe\u00f1aperros de por medio. Creativo e interesado en muchas aficiones, experto en ninguna: escritura, dibujo, fotograf\u00eda&#8230; Con un pu\u00f1ado de grandes pasiones: mis dos lunas, Serenidad y Alegr\u00eda (o sea, mis hijos Pablo y Celia), los perretes teckel o dachshund (incluida mi perrilla Coca-Cola), los peque\u00f1os p\u00e1jaros, la m\u00fasica pop espa\u00f1ola desde los 80 en adelante (con una cabecera de cartel: Los Secretos). Y el Atl\u00e9tico de Madrid. S\u00ed, incomprensible, pero es as\u00ed.<\/p>\n\n\n\n<p style=\"font-size:16px;font-style:normal;font-weight:300\">En lo profesional, tengo los t\u00edtulos de doctor en Ciencias Econ\u00f3micas y Empresariales (2.002) y licenciado en A.D.E. (1.993). Soy Catedr\u00e1tico de Econom\u00eda Aplicada en la UCLM desde 2.020.<\/p>\n\n\n\n<p style=\"font-size:16px;font-style:normal;font-weight:300\">Cuando la burocracia lo permite, investigo en temas de energ\u00edas renovables, en especial aplicadas al mercado el\u00e9ctrico, pol\u00edticas para su difusi\u00f3n, aceptaci\u00f3n social&#8230; Siempre desde un punto de vista cuantitativo (Econometr\u00eda, An\u00e1lisis Input-Output, Optimizaci\u00f3n Matem\u00e1tica).<\/p>\n\n\n\n<p style=\"font-size:16px;font-style:normal;font-weight:300\">Mi carrera acad\u00e9mica comenz\u00f3 en octubre de 1.994 como profesor ayudante de Econometr\u00eda, en la Facultad de Ciencias Jur\u00eddicas y Sociales de Toledo. En el curso 2.006-2.007 me traslad\u00e9 a la Facultad de Derecho y Ciencias Sociales de Ciudad Real como profesor de Estad\u00edstica Econ\u00f3mica y Empresarial, y aqu\u00ed sigo. En total, 30 cursos en la UCLM intentando dar lo mejor de m\u00ed mismo en la instituci\u00f3n que es pr\u00e1cticamente mi casa.<\/p>\n\n\n\n<p style=\"font-size:16px;font-style:normal;font-weight:300\">Actualmente imparto clases en el grado en A.D.E. y en dos m\u00e1steres, y coordino uno de ellos: el <a href=\"https:\/\/www.uclm.es\/Estudios\/masteres\/master-modelizacion-analisis-datos-economicos\">M\u00e1ster Universitario en Modelizaci\u00f3n y An\u00e1lisis de Datos Econ\u00f3micos<\/a>. Pertenezco al grupo de investigaci\u00f3n Seminario de Econom\u00eda Sostenible, del que fui IP. Tengo reconocidos 3 tramos de investigaci\u00f3n (sexenios), he publicado art\u00edculos cient\u00edficos en revistas de alto impacto en mis \u00e1reas de investigaci\u00f3n (Energy Economics, Energy Policy, Applied Energy, Energy&#8230;), presentado trabajos en reuniones cient\u00edficas y congresos nacionales e internacionales, colaborado en la elaboraci\u00f3n de cap\u00edtulos en varias monograf\u00edas&#8230; En 2.003 publiqu\u00e9 un libro sobre <a href=\"https:\/\/www.researchgate.net\/publication\/299341017_Tecnicas_de_Analisis_Economico_Input-Output\">T\u00e9cnicas de An\u00e1lisis Econ\u00f3mico Input-Output<\/a>, al que hace unos a\u00f1os puse en libre acceso. Aunque tiene ya sus a\u00f1os, goza de buena salud, con m\u00e1s de 9.700 lecturas en <a href=\"https:\/\/www.researchgate.net\/publication\/299341017_Tecnicas_de_Analisis_Economico_Input-Output\">ResearchGate<\/a>.<\/p>\n\n\n\n<p style=\"font-size:16px;font-style:normal;font-weight:300\">He participado como investigador en el desarrollo de varios proyectos de investigaci\u00f3n internacionales y dom\u00e9sticos. Siempre destaco el que \u00abm\u00e1s sufr\u00ed\u00bb; pero en el que m\u00e1s me impliqu\u00e9, porque, adem\u00e1s, fue el primero: ECONOMETRIST, sobre evaluaci\u00f3n del impacto de la inversi\u00f3n en infraestructura del transporte, proyecto financiado por la Comisi\u00f3n Europea.<\/p>\n\n\n\n<p style=\"font-size:16px;font-style:normal;font-weight:300\">A lo largo de mi trayectoria acad\u00e9mica realic\u00e9 tres estancias en el Dipartimento di Szience Economiche de la Universit\u00e0 Ca&#8217;Foscari di Venezia: una pre-doctoral y dos post-doctorales, en las que colabor\u00e9 con una de las personas que m\u00e1s me ha influido en lo cient\u00edfico y en lo humano: el profesor <strong>Dino Martellato<\/strong>, al que nunca dejar\u00e9 de admirar. Ni a \u00e9l ni a su esposa, Johanna. Ambos me mostraron c\u00f3mo se puede ser intelectualmente gigante, y personalmente humilde, sencillo y bueno. Desgraciadamente, fallecieron en 2.016 y 2.017.<\/p>\n\n\n\n<p style=\"font-size:16px;font-style:normal;font-weight:300\">Terminar\u00e9 esta presentaci\u00f3n nombrando a algunas de las personas que , adem\u00e1s de Dino, me han ayudado decisivamente a seguir mi trayectoria acad\u00e9mica y, ligado a ella, vital. Son muchas las personas que me dejo, disculpad; pero ser\u00eda una lista inacabable.<\/p>\n\n\n\n<p style=\"font-size:16px;font-style:normal;font-weight:300\">En primer lugar, he de nombrar a mi referente durante tantos y tantos a\u00f1os: el profesor e investigador del CSIC <strong>Pablo del R\u00edo Gonz\u00e1lez<\/strong>. Sin su ayuda, gu\u00eda y colaboraci\u00f3n, seguramente no hubiera sobrevivido a la vor\u00e1gine acad\u00e9mica. Gracias, Pablo, por ser mi amigo y compa\u00f1ero desde ese a\u00f1o 2.000 (aproximadamente) en el que compartimos un peque\u00f1o despacho en Toledo, un pu\u00f1ado de sinsabores y, para contrarrestar, muchas ilusiones y buenos momentos. Y, m\u00e1s de dos d\u00e9cadas despu\u00e9s, ah\u00ed seguimos, en la brecha, y afrontando nuestros cambios de rol con humildad.<\/p>\n\n\n\n<p style=\"font-size:16px;font-style:normal;font-weight:300\">Por supuesto, c\u00f3mo no mencionar al profesor <strong>Fernando Callejas Albi\u00f1ana<\/strong>, otro amigo, ahora decano de la <a href=\"https:\/\/www.uclm.es\/ciudad-real\/derecho-ccsociales\">FDCS<\/a>, que siempre ha estado ah\u00ed, en las duras y en las maduras, ayud\u00e1ndome a verlo todo con tranquilidad, pragmatismo y optimismo, sobre todo cuando los malos augurios apretaban.<\/p>\n\n\n\n<p style=\"font-size:16px;font-style:normal;font-weight:300\">Tambi\u00e9n tengo que nombrar a mi amiga y compa\u00f1era <strong>Mar\u00eda Jes\u00fas Guti\u00e9rrez<\/strong>, la persona que siempre me abriga, ayud\u00e1ndome a llevar esta locura en la que se ha convertido la vida acad\u00e9mica y su burocracia. Y, frecuentemente, mi propia vida. Fue la primera persona que tuvo la valent\u00eda de confiar en m\u00ed para que le dirigiese su tesis doctoral, y bregar conmigo en un proceso que a veces yo pod\u00eda convertir en desesperante.<\/p>\n\n\n\n<p style=\"font-size:16px;font-style:normal;font-weight:300\">He de hacer referencia a otro de mis grandes maestros: <strong>Antonio V\u00e1zquez Mu\u00f1iz<\/strong>, antiguo profesor asociado de la UAM. \u00c9l, sin ser formalmente director, se ech\u00f3 mi tesis doctoral a su espalda, sin pedir nada a cambio, salvo \u00abpas\u00e1rnoslo bien\u00bb, trajinando en el mundo de la optimizaci\u00f3n matem\u00e1tica y el Input-Output con los lenguajes FORTRAN-77 y Visual Basic, y creando un enorme reba\u00f1o de ficheros rumiantes (archivos *.obj).<\/p>\n\n\n\n<p style=\"font-size:16px;font-style:normal;font-weight:300\">Otras dos personas de las que he aprendido sin parar, en lo acad\u00e9mico y en la faceta personal, y que me han ayudado siempre por \u00abamor al arte\u00bb han sido: el grand\u00edsimo <strong>Vicent Alc\u00e1ntara Escolano<\/strong>, antiguo profesor de la UAB; y la profesora <strong>Carmen Ramos Carvajal<\/strong>, de la Universidad de Oviedo. No se entender\u00eda bien en Espa\u00f1a esto del an\u00e1lisis Input-Output sin el impulso que ellos le han dado.<\/p>\n\n\n\n<p style=\"font-size:16px;font-style:normal;font-weight:300\">No puedo terminar sin nombrar a las dos personas que, junto a m\u00ed, forman hoy en d\u00eda la peque\u00f1a \u00e1rea departamental de \u00abEstad\u00edstica Econ\u00f3mica y Empresarial\u00bb de la FDCS: <strong>Consoli Quintana<\/strong> y <strong>Daniel Rojas<\/strong>, por los que apuesto ciegamente para que sean el presente y futuro de este grupo docente e investigador. Tambi\u00e9n al resto de compa\u00f1eros que me hacen la vida profesional bonita y llevadera en la FDCS y, anteriormente, en la FCJS. No los voy a nombrar uno a uno para no dejarme a nadie; pero s\u00ed, saben que son ellos. Gracias.<\/p>\n\n\n\n<p style=\"font-size:16px;font-style:normal;font-weight:300\">En fin, que como alguien dijo una vez: \u00abY esta es mi vida\u00bb (acad\u00e9mica y, en buena parte, personal).<\/p>\n\n\n\n<p><a href=\"https:\/\/blog.uclm.es\/miguelangeltarancon\/wp-content\/uploads\/sites\/67\/2025\/07\/Curriculum-14-MAT.pdf\">Acceso a mi CVA<\/a>.<\/p>\n\n\n\n<p style=\"font-style:normal;font-weight:300\">Por cierto, estoy activo. <a href=\"https:\/\/www.linkedin.com\/in\/miguel-angel-taranc%C3%B3n-mor%C3%A1n-18826948\/\">S\u00edgueme en LinkedIn<\/a>!<\/p>\n\n\n\n<p style=\"font-size:16px;font-style:normal;font-weight:300\"><\/p>\n\n\n\n<p><\/p>\n","protected":false},"excerpt":{"rendered":"<p>Soy Miguel, valdepe\u00f1ero nacido en el pasado siglo en Valdepe\u00f1as, ciudad manchega ya muy pr\u00f3xima a la Ja\u00e9n de los olivos, Despe\u00f1aperros de por medio. Creativo e interesado en muchas aficiones, experto en ninguna: escritura, dibujo, fotograf\u00eda&#8230; Con un pu\u00f1ado de grandes pasiones: mis dos lunas, Serenidad y Alegr\u00eda (o sea, mis hijos Pablo y [&hellip;]<\/p>\n","protected":false},"author":78,"featured_media":0,"parent":0,"menu_order":2,"comment_status":"closed","ping_status":"closed","template":"","meta":{"footnotes":""},"class_list":["post-16","page","type-page","status-publish","hentry"],"_links":{"self":[{"href":"https:\/\/blog.uclm.es\/miguelangeltarancon\/wp-json\/wp\/v2\/pages\/16","targetHints":{"allow":["GET"]}}],"collection":[{"href":"https:\/\/blog.uclm.es\/miguelangeltarancon\/wp-json\/wp\/v2\/pages"}],"about":[{"href":"https:\/\/blog.uclm.es\/miguelangeltarancon\/wp-json\/wp\/v2\/types\/page"}],"author":[{"embeddable":true,"href":"https:\/\/blog.uclm.es\/miguelangeltarancon\/wp-json\/wp\/v2\/users\/78"}],"replies":[{"embeddable":true,"href":"https:\/\/blog.uclm.es\/miguelangeltarancon\/wp-json\/wp\/v2\/comments?post=16"}],"version-history":[{"count":21,"href":"https:\/\/blog.uclm.es\/miguelangeltarancon\/wp-json\/wp\/v2\/pages\/16\/revisions"}],"predecessor-version":[{"id":948,"href":"https:\/\/blog.uclm.es\/miguelangeltarancon\/wp-json\/wp\/v2\/pages\/16\/revisions\/948"}],"wp:attachment":[{"href":"https:\/\/blog.uclm.es\/miguelangeltarancon\/wp-json\/wp\/v2\/media?parent=16"}],"curies":[{"name":"wp","href":"https:\/\/api.w.org\/{rel}","templated":true}]}}