{"id":13,"date":"2015-11-18T23:08:58","date_gmt":"2015-11-18T22:08:58","guid":{"rendered":"http:\/\/blog.uclm.es\/miguelangeltarancon\/?page_id=13"},"modified":"2025-09-18T18:19:00","modified_gmt":"2025-09-18T16:19:00","slug":"asignaturas","status":"publish","type":"page","link":"https:\/\/blog.uclm.es\/miguelangeltarancon\/asignaturas\/","title":{"rendered":"Docencia."},"content":{"rendered":"\n<figure class=\"wp-block-image aligncenter size-full\"><img loading=\"lazy\" decoding=\"async\" width=\"2560\" height=\"1920\" src=\"https:\/\/blog.uclm.es\/miguelangeltarancon\/wp-content\/uploads\/sites\/67\/2019\/08\/P7301744-1-scaled.jpg\" alt=\"\" class=\"wp-image-507\" style=\"aspect-ratio:16\/9;object-fit:cover\" srcset=\"https:\/\/blog.uclm.es\/miguelangeltarancon\/wp-content\/uploads\/sites\/67\/2019\/08\/P7301744-1-scaled.jpg 2560w, https:\/\/blog.uclm.es\/miguelangeltarancon\/wp-content\/uploads\/sites\/67\/2019\/08\/P7301744-1-300x225.jpg 300w, https:\/\/blog.uclm.es\/miguelangeltarancon\/wp-content\/uploads\/sites\/67\/2019\/08\/P7301744-1-1024x768.jpg 1024w, https:\/\/blog.uclm.es\/miguelangeltarancon\/wp-content\/uploads\/sites\/67\/2019\/08\/P7301744-1-768x576.jpg 768w, https:\/\/blog.uclm.es\/miguelangeltarancon\/wp-content\/uploads\/sites\/67\/2019\/08\/P7301744-1-1536x1152.jpg 1536w, https:\/\/blog.uclm.es\/miguelangeltarancon\/wp-content\/uploads\/sites\/67\/2019\/08\/P7301744-1-2048x1536.jpg 2048w\" sizes=\"auto, (max-width: 2560px) 100vw, 2560px\" \/><\/figure>\n\n\n\n<p style=\"font-style:normal;font-weight:300\">Actualmente imparto la siguiente docencia:<\/p>\n\n\n\n<p class=\"has-text-color has-link-color wp-elements-165618b1ea70f92792b11d59a165c381\" style=\"color:#166988;font-style:normal;font-weight:300\"><strong>Grado en Administraci\u00f3n y Direcci\u00f3n de Empresas (FDCS):<\/strong><\/p>\n\n\n\n<ul class=\"wp-block-list\">\n<li style=\"font-style:normal;font-weight:300\">Tutorizaci\u00f3n de <strong>Trabajos Fin de Grado<\/strong>.<\/li>\n<\/ul>\n\n\n\n<p class=\"has-text-color has-link-color wp-elements-057a0831d01ae57d4a704105d9b50f3a\" style=\"color:#166988;font-style:normal;font-weight:300\"><strong>M\u00e1ster Universitario en Modelizaci\u00f3n y An\u00e1lisis de Datos Econ\u00f3micos (MUMADE) (FDCS):<\/strong><\/p>\n\n\n\n<ul class=\"wp-block-list\">\n<li style=\"font-style:normal;font-weight:300\"><strong>T\u00e9cnicas Multivariantes Aplicadas al An\u00e1lisis Sectorial:<\/strong> asignatura obligatoria de 6 cr\u00e9ditos ECTS.<\/li>\n\n\n\n<li style=\"font-style:normal;font-weight:300\">Tutorizaci\u00f3n de <strong>Trabajos Fin de M\u00e1ster.<\/strong><\/li>\n<\/ul>\n\n\n\n<p class=\"has-text-color has-link-color wp-elements-81ff0e362d08b375b9309d3659b8c4bd\" style=\"color:#166988;font-style:normal;font-weight:300\"><strong>M\u00e1ster Universitario en Iniciativa Empresarial: An\u00e1lisis y Estrategias (FDCS):<\/strong><\/p>\n\n\n\n<ul class=\"wp-block-list\">\n<li style=\"font-style:normal;font-weight:300\"><strong>M\u00e9todos Aplicados al An\u00e1lisis del Entorno Empresarial:<\/strong> asignatura obligatoria de 6 cr\u00e9ditos ECTS.<\/li>\n\n\n\n<li style=\"font-style:normal;font-weight:300\">Tutorizaci\u00f3n de <strong>Trabajos Fin de M\u00e1ster<\/strong>.<\/li>\n<\/ul>\n\n\n\n<p style=\"font-style:normal;font-weight:300\">A lo largo de mi carrera, he impartido una gran variedad de <strong>asignaturas en t\u00edtulos oficiales:<\/strong><\/p>\n\n\n\n<ul class=\"wp-block-list\">\n<li style=\"font-style:normal;font-weight:300\"><strong>Estad\u00edstica Empresarial:<\/strong> cursos 09\/10, 10\/11, 11\/12, 12\/13, 13\/14, 14\/15, 15\/16, 16\/17, 17\/18, 18\/19, 19\/20, 20\/21. Facultad de Derecho y Ciencias Sociales.<\/li>\n\n\n\n<li style=\"font-style:normal;font-weight:300\"><strong>Estad\u00edstica Descriptiva:<\/strong> cursos 08\/09, 09\/10. Facultad de Derecho y Ciencias Sociales.<\/li>\n\n\n\n<li style=\"font-style:normal;font-weight:300\"><strong>Modelo Probabil\u00edstico:<\/strong> cursos 06\/07, 07\/08, 08\/09. Facultad de Derecho y Ciencias Sociales.<\/li>\n\n\n\n<li style=\"font-style:normal;font-weight:300\"><strong>Inferencia Estad\u00edstica:<\/strong> curso 06\/07. Facultad de Derecho y Ciencias Sociales.<\/li>\n\n\n\n<li style=\"font-style:normal;font-weight:300\"><strong>Inferencia Estad\u00edstica e Introducci\u00f3n a la Econometr\u00eda:<\/strong> cursos 12\/13, 13\/14, 14\/15, 15\/16, 16\/17, 17\/18, 18\/19, 19\/20, 20\/21. Facultad de Derecho y Ciencias Sociales.<\/li>\n\n\n\n<li style=\"font-style:normal;font-weight:300\"><strong>T\u00e9cnicas Estad\u00edsticas aplicadas a la Empresa:<\/strong> cursos 12\/13, 13\/14, 14\/15, 15\/16, 20\/21, 21\/22, 22\/23, 23\/24, 24\/25. Facultad de Derecho y Ciencias Sociales.<\/li>\n\n\n\n<li style=\"font-style:normal;font-weight:300\"><strong>An\u00e1lisis Estad\u00edstico de Datos: <\/strong>cursos 07\/08, 08\/09, 10\/11, 12\/13. Facultad de Derecho y Ciencias Sociales.<\/li>\n\n\n\n<li style=\"font-style:normal;font-weight:300\"><strong>Control Estad\u00edstico de la Calidad: <\/strong>cursos 07\/08, 08\/09, 10\/11, 11\/12. Facultad de Derecho y Ciencias Sociales.<\/li>\n\n\n\n<li style=\"font-style:normal;font-weight:300\"><strong>Elementos de Econometr\u00eda:<\/strong> cursos 94\/95, 95\/96, 96\/97, 97\/98, 98\/99, 99\/00, 00\/01, 01\/02, 02\/03, 03\/04, 04\/05, 05\/06. Facultad CC Jur\u00eddicas y Sociales.<\/li>\n\n\n\n<li style=\"font-style:normal;font-weight:300\"><strong>M\u00e9todos Econom\u00e9tricos: <\/strong>cursos 94\/95, 95\/96, 96\/97, 97\/98, 98\/99, 99\/00, 00\/01, 01\/02, 02\/03, 03\/04, 04\/05, 05\/06. Facultad CC Jur\u00eddicas y Sociales.<\/li>\n\n\n\n<li style=\"font-style:normal;font-weight:300\"><strong>Introducci\u00f3n a la Econometr\u00eda: <\/strong>curso 00\/01. Facultad CC Jur\u00eddicas y Sociales.<\/li>\n\n\n\n<li style=\"font-style:normal;font-weight:300\"><strong>Introducci\u00f3n a la Econometr\u00eda (Pr\u00e1cticas):<\/strong> cursos 01\/02, 02\/03, 03\/04. Facultad CC Jur\u00eddicas y Sociales.<\/li>\n\n\n\n<li style=\"font-style:normal;font-weight:300\"><strong>Modelos para la Decisi\u00f3n Empresarial:<\/strong> cursos 00\/01, 01\/02. Facultad CC Jur\u00eddicas y Sociales.<\/li>\n\n\n\n<li style=\"font-style:normal;font-weight:300\"><strong>Sistemas de Informaci\u00f3n:<\/strong> cursos 04\/05, 05\/06. Facultad CC Jur\u00eddicas y Sociales.<\/li>\n\n\n\n<li style=\"font-style:normal;font-weight:300\"><strong>Inform\u00e1tica de Gesti\u00f3n:<\/strong> curso 95\/96. Centro de Estudios Universitarios de Talavera de la Reina.<\/li>\n\n\n\n<li style=\"font-style:normal;font-weight:300\"><strong>Introducci\u00f3n a la Econometr\u00eda Empresarial:<\/strong> cursos 97\/98, 98\/99. Centro de Estudios Universitarios de Talavera de la Reina.<\/li>\n\n\n\n<li style=\"font-style:normal;font-weight:300\"><strong>M\u00e9todos Aplicados al An\u00e1lisis del Entorno Empresarial:<\/strong> cursos 14\/15, 15\/16, 18\/19, 19\/20, 21\/22, 22\/23, 23\/24, 24\/25. Facultad de Derecho y Ciencias Sociales. (M\u00e1ster Universitario en Iniciativa Empresarial: An\u00e1lisis y Estrategias).<\/li>\n\n\n\n<li style=\"font-style:normal;font-weight:300\"><strong>T\u00e9cnicas Multivariantes Aplicadas al An\u00e1lisis Sectorial:<\/strong> cursos 20\/21, 21\/22, 22\/23, 23\/24, 24\/25. Facultad de Derecho y Ciencias Sociales. (M\u00e1ster Universitario en Modelizaci\u00f3n y An\u00e1lisis de Datos Econ\u00f3micos).<\/li>\n<\/ul>\n","protected":false},"excerpt":{"rendered":"<p>Actualmente imparto la siguiente docencia: Grado en Administraci\u00f3n y Direcci\u00f3n de Empresas (FDCS): M\u00e1ster Universitario en Modelizaci\u00f3n y An\u00e1lisis de Datos Econ\u00f3micos (MUMADE) (FDCS): M\u00e1ster Universitario en Iniciativa Empresarial: An\u00e1lisis y Estrategias (FDCS): A lo largo de mi carrera, he impartido una gran variedad de asignaturas en t\u00edtulos oficiales:<\/p>\n","protected":false},"author":78,"featured_media":0,"parent":0,"menu_order":1,"comment_status":"closed","ping_status":"closed","template":"","meta":{"footnotes":""},"class_list":["post-13","page","type-page","status-publish","hentry"],"_links":{"self":[{"href":"https:\/\/blog.uclm.es\/miguelangeltarancon\/wp-json\/wp\/v2\/pages\/13","targetHints":{"allow":["GET"]}}],"collection":[{"href":"https:\/\/blog.uclm.es\/miguelangeltarancon\/wp-json\/wp\/v2\/pages"}],"about":[{"href":"https:\/\/blog.uclm.es\/miguelangeltarancon\/wp-json\/wp\/v2\/types\/page"}],"author":[{"embeddable":true,"href":"https:\/\/blog.uclm.es\/miguelangeltarancon\/wp-json\/wp\/v2\/users\/78"}],"replies":[{"embeddable":true,"href":"https:\/\/blog.uclm.es\/miguelangeltarancon\/wp-json\/wp\/v2\/comments?post=13"}],"version-history":[{"count":8,"href":"https:\/\/blog.uclm.es\/miguelangeltarancon\/wp-json\/wp\/v2\/pages\/13\/revisions"}],"predecessor-version":[{"id":941,"href":"https:\/\/blog.uclm.es\/miguelangeltarancon\/wp-json\/wp\/v2\/pages\/13\/revisions\/941"}],"wp:attachment":[{"href":"https:\/\/blog.uclm.es\/miguelangeltarancon\/wp-json\/wp\/v2\/media?parent=13"}],"curies":[{"name":"wp","href":"https:\/\/api.w.org\/{rel}","templated":true}]}}