{"id":72,"date":"2019-10-07T13:37:45","date_gmt":"2019-10-07T12:37:45","guid":{"rendered":"http:\/\/blog.uclm.es\/mediacom\/?page_id=72"},"modified":"2022-11-03T17:30:32","modified_gmt":"2022-11-03T17:30:32","slug":"equipo-de-investigacion","status":"publish","type":"page","link":"https:\/\/blog.uclm.es\/mediacom\/equipo-de-investigacion\/","title":{"rendered":"Investigadores\/as"},"content":{"rendered":"\n<figure class=\"wp-block-table is-style-regular\" style=\"font-size:10px\"><table class=\"has-fixed-layout\"><tbody><tr><td class=\"has-text-align-center\" data-align=\"center\"><img loading=\"lazy\" decoding=\"async\" width=\"300\" height=\"300\" class=\"wp-image-335\" style=\"width: 150px\" src=\"https:\/\/blog.uclm.es\/mediacom\/wp-content\/uploads\/sites\/199\/2022\/03\/ANA-1.png\" alt=\"\" srcset=\"https:\/\/blog.uclm.es\/mediacom\/wp-content\/uploads\/sites\/199\/2022\/03\/ANA-1.png 300w, https:\/\/blog.uclm.es\/mediacom\/wp-content\/uploads\/sites\/199\/2022\/03\/ANA-1-150x150.png 150w, https:\/\/blog.uclm.es\/mediacom\/wp-content\/uploads\/sites\/199\/2022\/03\/ANA-1-100x100.png 100w\" sizes=\"auto, (max-width: 300px) 100vw, 300px\" \/><br><strong><a href=\"https:\/\/blog.uclm.es\/mediacom\/ana-maria-lopez-cepeda\/\">Ana Mar\u00eda L\u00f3pez Cepeda<\/a><\/strong><\/td><td class=\"has-text-align-center\" data-align=\"center\"><img loading=\"lazy\" decoding=\"async\" width=\"300\" height=\"300\" class=\"wp-image-367\" style=\"width: 150px\" src=\"https:\/\/blog.uclm.es\/mediacom\/wp-content\/uploads\/sites\/199\/2022\/03\/Miguel-2.jpg\" alt=\"\" srcset=\"https:\/\/blog.uclm.es\/mediacom\/wp-content\/uploads\/sites\/199\/2022\/03\/Miguel-2.jpg 300w, https:\/\/blog.uclm.es\/mediacom\/wp-content\/uploads\/sites\/199\/2022\/03\/Miguel-2-150x150.jpg 150w, https:\/\/blog.uclm.es\/mediacom\/wp-content\/uploads\/sites\/199\/2022\/03\/Miguel-2-100x100.jpg 100w\" sizes=\"auto, (max-width: 300px) 100vw, 300px\" \/><br><strong><a href=\"https:\/\/blog.uclm.es\/mediacom\/miguel-alvarez-peralta\/\">Miguel \u00c1lvarez Peralta<\/a><\/strong><\/td><td class=\"has-text-align-center\" data-align=\"center\"><img loading=\"lazy\" decoding=\"async\" width=\"300\" height=\"300\" class=\"wp-image-338\" style=\"width: 150px\" src=\"https:\/\/blog.uclm.es\/mediacom\/wp-content\/uploads\/sites\/199\/2022\/03\/luisma.png\" alt=\"\" srcset=\"https:\/\/blog.uclm.es\/mediacom\/wp-content\/uploads\/sites\/199\/2022\/03\/luisma.png 300w, https:\/\/blog.uclm.es\/mediacom\/wp-content\/uploads\/sites\/199\/2022\/03\/luisma-150x150.png 150w, https:\/\/blog.uclm.es\/mediacom\/wp-content\/uploads\/sites\/199\/2022\/03\/luisma-100x100.png 100w\" sizes=\"auto, (max-width: 300px) 100vw, 300px\" \/><br><strong><a href=\"https:\/\/blog.uclm.es\/mediacom\/luis-mauricio-calvo-rubio\/\">Luis Mauricio Calvo Rubio<\/a><\/strong><\/td><td class=\"has-text-align-center\" data-align=\"center\"><img loading=\"lazy\" decoding=\"async\" width=\"300\" height=\"300\" class=\"wp-image-361\" style=\"width: 150px\" src=\"https:\/\/blog.uclm.es\/mediacom\/wp-content\/uploads\/sites\/199\/2022\/03\/belen.jpg\" alt=\"\" srcset=\"https:\/\/blog.uclm.es\/mediacom\/wp-content\/uploads\/sites\/199\/2022\/03\/belen.jpg 300w, https:\/\/blog.uclm.es\/mediacom\/wp-content\/uploads\/sites\/199\/2022\/03\/belen-150x150.jpg 150w, https:\/\/blog.uclm.es\/mediacom\/wp-content\/uploads\/sites\/199\/2022\/03\/belen-100x100.jpg 100w\" sizes=\"auto, (max-width: 300px) 100vw, 300px\" \/><br><strong><a href=\"https:\/\/blog.uclm.es\/mediacom\/belen-galletero-campos\/\">Bel\u00e9n Galletero Campos<\/a><\/strong><\/td><td class=\"has-text-align-center\" data-align=\"center\"><img loading=\"lazy\" decoding=\"async\" width=\"300\" height=\"300\" class=\"wp-image-342\" style=\"width: 150px\" src=\"https:\/\/blog.uclm.es\/mediacom\/wp-content\/uploads\/sites\/199\/2022\/03\/raquel.jpg\" alt=\"\" srcset=\"https:\/\/blog.uclm.es\/mediacom\/wp-content\/uploads\/sites\/199\/2022\/03\/raquel.jpg 300w, https:\/\/blog.uclm.es\/mediacom\/wp-content\/uploads\/sites\/199\/2022\/03\/raquel-150x150.jpg 150w, https:\/\/blog.uclm.es\/mediacom\/wp-content\/uploads\/sites\/199\/2022\/03\/raquel-100x100.jpg 100w\" sizes=\"auto, (max-width: 300px) 100vw, 300px\" \/><br><strong><a href=\"https:\/\/blog.uclm.es\/mediacom\/raquel-gomez-rosado\/\">Raquel G\u00f3mez Rosado<\/a><\/strong><\/td><\/tr><tr><td class=\"has-text-align-center\" data-align=\"center\"><img loading=\"lazy\" decoding=\"async\" width=\"300\" height=\"300\" class=\"wp-image-337\" style=\"width: 150px\" src=\"https:\/\/blog.uclm.es\/mediacom\/wp-content\/uploads\/sites\/199\/2022\/03\/LIDIA.jpg\" alt=\"\" srcset=\"https:\/\/blog.uclm.es\/mediacom\/wp-content\/uploads\/sites\/199\/2022\/03\/LIDIA.jpg 300w, https:\/\/blog.uclm.es\/mediacom\/wp-content\/uploads\/sites\/199\/2022\/03\/LIDIA-150x150.jpg 150w, https:\/\/blog.uclm.es\/mediacom\/wp-content\/uploads\/sites\/199\/2022\/03\/LIDIA-100x100.jpg 100w\" sizes=\"auto, (max-width: 300px) 100vw, 300px\" \/><br><strong><a href=\"https:\/\/blog.uclm.es\/mediacom\/lidia-peralta-garcia\/\">Lidia Peralta Garc\u00eda<\/a><\/strong><\/td><td class=\"has-text-align-center\" data-align=\"center\"><img loading=\"lazy\" decoding=\"async\" width=\"300\" height=\"300\" class=\"wp-image-336\" style=\"width: 150px\" src=\"https:\/\/blog.uclm.es\/mediacom\/wp-content\/uploads\/sites\/199\/2022\/03\/juan-carlos.png\" alt=\"\" srcset=\"https:\/\/blog.uclm.es\/mediacom\/wp-content\/uploads\/sites\/199\/2022\/03\/juan-carlos.png 300w, https:\/\/blog.uclm.es\/mediacom\/wp-content\/uploads\/sites\/199\/2022\/03\/juan-carlos-150x150.png 150w, https:\/\/blog.uclm.es\/mediacom\/wp-content\/uploads\/sites\/199\/2022\/03\/juan-carlos-100x100.png 100w\" sizes=\"auto, (max-width: 300px) 100vw, 300px\" \/><br><strong><a href=\"https:\/\/blog.uclm.es\/mediacom\/juan-carlos-santos-nunez\/\">Juan Carlos Santos N\u00fa\u00f1ez<\/a><\/strong><\/td><td class=\"has-text-align-center\" data-align=\"center\"><img loading=\"lazy\" decoding=\"async\" width=\"300\" height=\"300\" class=\"wp-image-340\" style=\"width: 150px\" src=\"https:\/\/blog.uclm.es\/mediacom\/wp-content\/uploads\/sites\/199\/2022\/03\/MJOSE.png\" alt=\"\" srcset=\"https:\/\/blog.uclm.es\/mediacom\/wp-content\/uploads\/sites\/199\/2022\/03\/MJOSE.png 300w, https:\/\/blog.uclm.es\/mediacom\/wp-content\/uploads\/sites\/199\/2022\/03\/MJOSE-150x150.png 150w, https:\/\/blog.uclm.es\/mediacom\/wp-content\/uploads\/sites\/199\/2022\/03\/MJOSE-100x100.png 100w\" sizes=\"auto, (max-width: 300px) 100vw, 300px\" \/><br><strong><a href=\"https:\/\/blog.uclm.es\/mediacom\/maria-jose-ufarte-ruiz\/\">Mar\u00eda Jos\u00e9 Ufarte Ruiz<\/a><\/strong><\/td><td class=\"has-text-align-center\" data-align=\"center\"><img loading=\"lazy\" decoding=\"async\" width=\"300\" height=\"300\" class=\"wp-image-387\" style=\"width: 150px\" src=\"https:\/\/blog.uclm.es\/mediacom\/wp-content\/uploads\/sites\/199\/2022\/03\/Pepe-2.jpg\" alt=\"\" srcset=\"https:\/\/blog.uclm.es\/mediacom\/wp-content\/uploads\/sites\/199\/2022\/03\/Pepe-2.jpg 300w, https:\/\/blog.uclm.es\/mediacom\/wp-content\/uploads\/sites\/199\/2022\/03\/Pepe-2-150x150.jpg 150w, https:\/\/blog.uclm.es\/mediacom\/wp-content\/uploads\/sites\/199\/2022\/03\/Pepe-2-100x100.jpg 100w\" sizes=\"auto, (max-width: 300px) 100vw, 300px\" \/><br><strong><a href=\"https:\/\/blog.uclm.es\/mediacom\/jose-reig-cruanes\/\">Jos\u00e9 Reig Crua\u00f1es<\/a><\/strong><\/td><td class=\"has-text-align-center\" data-align=\"center\"><img loading=\"lazy\" decoding=\"async\" width=\"300\" height=\"300\" class=\"wp-image-363\" style=\"width: 150px\" src=\"https:\/\/blog.uclm.es\/mediacom\/wp-content\/uploads\/sites\/199\/2022\/03\/vanesa-1.jpg\" alt=\"\" srcset=\"https:\/\/blog.uclm.es\/mediacom\/wp-content\/uploads\/sites\/199\/2022\/03\/vanesa-1.jpg 300w, https:\/\/blog.uclm.es\/mediacom\/wp-content\/uploads\/sites\/199\/2022\/03\/vanesa-1-150x150.jpg 150w, https:\/\/blog.uclm.es\/mediacom\/wp-content\/uploads\/sites\/199\/2022\/03\/vanesa-1-100x100.jpg 100w\" sizes=\"auto, (max-width: 300px) 100vw, 300px\" \/><br><strong><a href=\"https:\/\/blog.uclm.es\/mediacom\/vanesa-saiz-echezarreta\/\">Vanesa Saiz Echezarreta<\/a><\/strong><\/td><\/tr><\/tbody><\/table><\/figure>\n","protected":false},"excerpt":{"rendered":"<p>Ana Mar\u00eda L\u00f3pez Cepeda Miguel \u00c1lvarez Peralta Luis Mauricio Calvo Rubio Bel\u00e9n Galletero Campos Raquel G\u00f3mez Rosado Lidia Peralta Garc\u00eda Juan Carlos Santos N\u00fa\u00f1ez Mar\u00eda Jos\u00e9 Ufarte Ruiz Jos\u00e9 Reig Crua\u00f1es Vanesa Saiz Echezarreta<\/p>\n","protected":false},"author":299,"featured_media":0,"parent":0,"menu_order":0,"comment_status":"closed","ping_status":"closed","template":"","meta":{"footnotes":""},"class_list":["post-72","page","type-page","status-publish","hentry"],"_links":{"self":[{"href":"https:\/\/blog.uclm.es\/mediacom\/wp-json\/wp\/v2\/pages\/72","targetHints":{"allow":["GET"]}}],"collection":[{"href":"https:\/\/blog.uclm.es\/mediacom\/wp-json\/wp\/v2\/pages"}],"about":[{"href":"https:\/\/blog.uclm.es\/mediacom\/wp-json\/wp\/v2\/types\/page"}],"author":[{"embeddable":true,"href":"https:\/\/blog.uclm.es\/mediacom\/wp-json\/wp\/v2\/users\/299"}],"replies":[{"embeddable":true,"href":"https:\/\/blog.uclm.es\/mediacom\/wp-json\/wp\/v2\/comments?post=72"}],"version-history":[{"count":2,"href":"https:\/\/blog.uclm.es\/mediacom\/wp-json\/wp\/v2\/pages\/72\/revisions"}],"predecessor-version":[{"id":611,"href":"https:\/\/blog.uclm.es\/mediacom\/wp-json\/wp\/v2\/pages\/72\/revisions\/611"}],"wp:attachment":[{"href":"https:\/\/blog.uclm.es\/mediacom\/wp-json\/wp\/v2\/media?parent=72"}],"curies":[{"name":"wp","href":"https:\/\/api.w.org\/{rel}","templated":true}]}}