{"id":442,"date":"2022-04-04T20:01:29","date_gmt":"2022-04-04T19:01:29","guid":{"rendered":"https:\/\/blog.uclm.es\/mediacom\/?page_id=442"},"modified":"2022-11-03T19:18:29","modified_gmt":"2022-11-03T19:18:29","slug":"congreso","status":"publish","type":"page","link":"https:\/\/blog.uclm.es\/mediacom\/congreso\/","title":{"rendered":"Congreso"},"content":{"rendered":"<p>A comienzos de 2023 celebraremos varias mesas de comunicaciones en un congreso en Cuenca.<\/p>\n<p>M\u00e1s informaci\u00f3n, pr\u00f3ximamente.<\/p>\n","protected":false},"excerpt":{"rendered":"<p>A comienzos de 2023 celebraremos varias mesas de comunicaciones en un congreso en Cuenca. M\u00e1s informaci\u00f3n, pr\u00f3ximamente.<\/p>\n","protected":false},"author":298,"featured_media":0,"parent":0,"menu_order":0,"comment_status":"closed","ping_status":"closed","template":"","meta":{"footnotes":""},"class_list":["post-442","page","type-page","status-publish","hentry"],"_links":{"self":[{"href":"https:\/\/blog.uclm.es\/mediacom\/wp-json\/wp\/v2\/pages\/442","targetHints":{"allow":["GET"]}}],"collection":[{"href":"https:\/\/blog.uclm.es\/mediacom\/wp-json\/wp\/v2\/pages"}],"about":[{"href":"https:\/\/blog.uclm.es\/mediacom\/wp-json\/wp\/v2\/types\/page"}],"author":[{"embeddable":true,"href":"https:\/\/blog.uclm.es\/mediacom\/wp-json\/wp\/v2\/users\/298"}],"replies":[{"embeddable":true,"href":"https:\/\/blog.uclm.es\/mediacom\/wp-json\/wp\/v2\/comments?post=442"}],"version-history":[{"count":1,"href":"https:\/\/blog.uclm.es\/mediacom\/wp-json\/wp\/v2\/pages\/442\/revisions"}],"predecessor-version":[{"id":667,"href":"https:\/\/blog.uclm.es\/mediacom\/wp-json\/wp\/v2\/pages\/442\/revisions\/667"}],"wp:attachment":[{"href":"https:\/\/blog.uclm.es\/mediacom\/wp-json\/wp\/v2\/media?parent=442"}],"curies":[{"name":"wp","href":"https:\/\/api.w.org\/{rel}","templated":true}]}}