{"id":438,"date":"2022-04-04T20:01:11","date_gmt":"2022-04-04T19:01:11","guid":{"rendered":"https:\/\/blog.uclm.es\/mediacom\/?page_id=438"},"modified":"2022-04-04T20:01:11","modified_gmt":"2022-04-04T19:01:11","slug":"actividades-2","status":"publish","type":"page","link":"https:\/\/blog.uclm.es\/mediacom\/actividades-2\/","title":{"rendered":"Actividades"},"content":{"rendered":"<p>En esta secci\u00f3n puedes consultar las publicaciones del grupo. Se agrupan en torno a tres categor\u00edas:<\/p>\n<p><a href=\"https:\/\/blog.uclm.es\/mediacom\/formacion\/\">\u00b7 Formaci\u00f3n<\/a><\/p>\n<p><a href=\"https:\/\/eventos.uclm.es\/85234\/detail\/simposio-de-investigacion-comunicacion-y-despoblacion.html\"><img loading=\"lazy\" decoding=\"async\" src=\"https:\/\/blog.uclm.es\/mediacom\/wp-content\/uploads\/sites\/199\/2022\/06\/cabecera_simposio-web-300x130.jpg\" alt=\"simposio comunicaci\u00f3n y despoblaci\u00f3n - cuenca\" width=\"500\" height=\"217\" class=\"alignnone wp-image-571\" srcset=\"https:\/\/blog.uclm.es\/mediacom\/wp-content\/uploads\/sites\/199\/2022\/06\/cabecera_simposio-web-300x130.jpg 300w, https:\/\/blog.uclm.es\/mediacom\/wp-content\/uploads\/sites\/199\/2022\/06\/cabecera_simposio-web.jpg 500w\" sizes=\"auto, (max-width: 500px) 100vw, 500px\" \/><\/a><\/p>\n<p><a href=\"https:\/\/eventos.uclm.es\/85234\/detail\/simposio-de-investigacion-comunicacion-y-despoblacion.html\">Pulsa aqu\u00ed para m\u00e1s informaci\u00f3n sobre el Simposio de Investigaci\u00f3n: Comunicaci\u00f3n y Despoblaci\u00f3n<\/a><\/p>\n","protected":false},"excerpt":{"rendered":"<p>En esta secci\u00f3n puedes consultar las publicaciones del grupo. Se agrupan en torno a tres categor\u00edas: \u00b7 Formaci\u00f3n Pulsa aqu\u00ed para m\u00e1s informaci\u00f3n sobre el Simposio de Investigaci\u00f3n: Comunicaci\u00f3n y Despoblaci\u00f3n<\/p>\n","protected":false},"author":298,"featured_media":0,"parent":0,"menu_order":0,"comment_status":"closed","ping_status":"closed","template":"","meta":{"footnotes":""},"class_list":["post-438","page","type-page","status-publish","hentry"],"_links":{"self":[{"href":"https:\/\/blog.uclm.es\/mediacom\/wp-json\/wp\/v2\/pages\/438","targetHints":{"allow":["GET"]}}],"collection":[{"href":"https:\/\/blog.uclm.es\/mediacom\/wp-json\/wp\/v2\/pages"}],"about":[{"href":"https:\/\/blog.uclm.es\/mediacom\/wp-json\/wp\/v2\/types\/page"}],"author":[{"embeddable":true,"href":"https:\/\/blog.uclm.es\/mediacom\/wp-json\/wp\/v2\/users\/298"}],"replies":[{"embeddable":true,"href":"https:\/\/blog.uclm.es\/mediacom\/wp-json\/wp\/v2\/comments?post=438"}],"version-history":[{"count":0,"href":"https:\/\/blog.uclm.es\/mediacom\/wp-json\/wp\/v2\/pages\/438\/revisions"}],"wp:attachment":[{"href":"https:\/\/blog.uclm.es\/mediacom\/wp-json\/wp\/v2\/media?parent=438"}],"curies":[{"name":"wp","href":"https:\/\/api.w.org\/{rel}","templated":true}]}}