{"id":436,"date":"2022-04-04T20:01:00","date_gmt":"2022-04-04T19:01:00","guid":{"rendered":"https:\/\/blog.uclm.es\/mediacom\/?page_id=436"},"modified":"2022-11-03T19:17:37","modified_gmt":"2022-11-03T19:17:37","slug":"indicadores","status":"publish","type":"page","link":"https:\/\/blog.uclm.es\/mediacom\/indicadores\/","title":{"rendered":"Indicadores"},"content":{"rendered":"<p>El equipo de investigaci\u00f3n del proyecto Mediacom ha creado una primera ficha de an\u00e1lisis compuesta por <strong>16 indicadores de calidad e innovaci\u00f3n en los cibermedios de proximidad<\/strong>. Estos indicadores est\u00e1n relacionados con el producto y la distribuci\u00f3n, y se han seleccionado siguiendo las dimensiones que aparecen en las principales referencias te\u00f3ricas de la literatura cient\u00edfica. Por eso, este trabajo contribuye a buscar convergencias entre acad\u00e9micos y profesionales de la comunicaci\u00f3n sobre las \u00e1reas y dimensiones de calidad de los cibermedios de proximidad en funci\u00f3n de valores objetivos o cuantificables.<\/p>\n<p>Los indicadores seleccionados justifican el objeto de estudio y est\u00e1n estructurados en tres macro\u00e1reas o niveles:<\/p>\n<ul>\n<li>El primero de ellos hace referencia a la <strong>descripci\u00f3n propia<\/strong> del medio y engloba siete dimensiones diferentes, que son: las secciones, los tags y etiquetas, la cabecera, la secci\u00f3n de opini\u00f3n, los premios al medio o al editor, las ilustraciones y las fotograf\u00edas y los videos.<\/li>\n<li>El segundo nivel se centra en cuestiones m\u00e1s <strong>innovadoras<\/strong>, como si los contenidos son adaptables a dispositivos diversos, si existe un v\u00ednculo que redirija al lector a la p\u00e1gina principal, si el medio contiene descarga de APP y si anuncia el tiempo de lectura aproximada.<\/li>\n<li>Por \u00faltimo, el tercer nivel est\u00e1 relacionado con los <strong>nuevos formatos<\/strong> period\u00edsticos, donde se cuantifica si el medio cuenta con narrativas de periodismo inmersivo, de periodismo de datos, de periodismo m\u00f3vil, mashup o bien t\u00e9cnicas propias del periodismo dron<\/li>\n<\/ul>\n<p><strong>Indicadores de calidad e innovaci\u00f3n aplicados a la muestra de estudio.<\/strong><\/p>\n<table width=\"566\">\n<tbody>\n<tr>\n<td width=\"189\"><strong>Primer nivel<\/strong><\/td>\n<td width=\"189\"><strong>Segundo nivel<\/strong><\/td>\n<td width=\"189\"><strong>Tercer nivel<\/strong><\/td>\n<\/tr>\n<tr>\n<td width=\"189\">Secciones<span style=\"font-size: 1rem\">\u00a0<\/span><\/td>\n<td width=\"189\">Contenido adaptable a dispositivos diversos<span style=\"font-size: 1rem\">\u00a0<\/span><\/td>\n<td width=\"189\">Periodismo inmersivo<span style=\"font-size: 1rem\">\u00a0<\/span><\/td>\n<\/tr>\n<tr>\n<td width=\"189\">Tags\/etiquetas<span style=\"font-size: 1rem\">\u00a0<\/span><\/td>\n<td width=\"189\">V\u00ednculo a p\u00e1gina principal<span style=\"font-size: 1rem\">\u00a0<\/span><\/td>\n<td width=\"189\">Periodismo de Datos\/Open Data<span style=\"font-size: 1rem\">\u00a0<\/span><\/td>\n<\/tr>\n<tr>\n<td width=\"189\">Cabecera (Posici\u00f3n central)<span style=\"font-size: 1rem\">\u00a0<\/span><\/td>\n<td width=\"189\">Descarga de APP<span style=\"font-size: 1rem\">\u00a0<\/span><\/td>\n<td width=\"189\">Periodismo m\u00f3vil o Mojo<span style=\"font-size: 1rem\">\u00a0<\/span><\/td>\n<\/tr>\n<tr>\n<td width=\"189\">Secci\u00f3n de opini\u00f3n<span style=\"font-size: 1rem\">\u00a0<\/span><\/td>\n<td width=\"189\">Anuncio tiempo de lectura<span style=\"font-size: 1rem\">\u00a0<\/span><\/td>\n<td width=\"189\">Periodismo Mashup<span style=\"font-size: 1rem\">\u00a0<\/span><\/td>\n<\/tr>\n<tr>\n<td width=\"189\">Premios medio\/editor<span style=\"font-size: 1rem\">\u00a0<\/span><\/td>\n<td width=\"189\"><\/td>\n<td width=\"189\">Periodismo Dron<span style=\"font-size: 1rem\">\u00a0<\/span><\/td>\n<\/tr>\n<tr>\n<td width=\"189\">Ilustraciones\/fotograf\u00edas<span style=\"font-size: 1rem\">\u00a0<\/span><\/td>\n<td width=\"189\"><\/td>\n<td width=\"189\"><\/td>\n<\/tr>\n<tr>\n<td width=\"189\">V\u00eddeo<\/td>\n<td width=\"189\"><\/td>\n<td width=\"189\"><\/td>\n<\/tr>\n<\/tbody>\n<\/table>\n","protected":false},"excerpt":{"rendered":"<p>El equipo de investigaci\u00f3n del proyecto Mediacom ha creado una primera ficha de an\u00e1lisis compuesta por 16 indicadores de calidad e innovaci\u00f3n en los cibermedios de proximidad. Estos indicadores est\u00e1n relacionados con el producto y la distribuci\u00f3n, y se han seleccionado siguiendo las dimensiones que aparecen en las principales referencias te\u00f3ricas de la literatura cient\u00edfica. &hellip; <\/p>\n<p class=\"link-more\"><a href=\"https:\/\/blog.uclm.es\/mediacom\/indicadores\/\" class=\"more-link\">Continuar leyendo<span class=\"screen-reader-text\"> \u00abIndicadores\u00bb<\/span><\/a><\/p>\n","protected":false},"author":298,"featured_media":0,"parent":0,"menu_order":0,"comment_status":"closed","ping_status":"closed","template":"","meta":{"footnotes":""},"class_list":["post-436","page","type-page","status-publish","hentry"],"_links":{"self":[{"href":"https:\/\/blog.uclm.es\/mediacom\/wp-json\/wp\/v2\/pages\/436","targetHints":{"allow":["GET"]}}],"collection":[{"href":"https:\/\/blog.uclm.es\/mediacom\/wp-json\/wp\/v2\/pages"}],"about":[{"href":"https:\/\/blog.uclm.es\/mediacom\/wp-json\/wp\/v2\/types\/page"}],"author":[{"embeddable":true,"href":"https:\/\/blog.uclm.es\/mediacom\/wp-json\/wp\/v2\/users\/298"}],"replies":[{"embeddable":true,"href":"https:\/\/blog.uclm.es\/mediacom\/wp-json\/wp\/v2\/comments?post=436"}],"version-history":[{"count":1,"href":"https:\/\/blog.uclm.es\/mediacom\/wp-json\/wp\/v2\/pages\/436\/revisions"}],"predecessor-version":[{"id":666,"href":"https:\/\/blog.uclm.es\/mediacom\/wp-json\/wp\/v2\/pages\/436\/revisions\/666"}],"wp:attachment":[{"href":"https:\/\/blog.uclm.es\/mediacom\/wp-json\/wp\/v2\/media?parent=436"}],"curies":[{"name":"wp","href":"https:\/\/api.w.org\/{rel}","templated":true}]}}