{"id":425,"date":"2022-04-04T19:52:29","date_gmt":"2022-04-04T18:52:29","guid":{"rendered":"https:\/\/blog.uclm.es\/mediacom\/?page_id=425"},"modified":"2022-11-03T19:04:40","modified_gmt":"2022-11-03T19:04:40","slug":"participacion-en-congresos","status":"publish","type":"page","link":"https:\/\/blog.uclm.es\/mediacom\/participacion-en-congresos\/","title":{"rendered":"Participaci\u00f3n en congresos"},"content":{"rendered":"\n<div class=\"wp-block-columns is-layout-flex wp-container-core-columns-is-layout-9d6595d7 wp-block-columns-is-layout-flex\">\n<div class=\"wp-block-column is-layout-flow wp-block-column-is-layout-flow\">\n<figure class=\"wp-block-table has-small-font-size\"><table><tbody><tr><td>        <img loading=\"lazy\" decoding=\"async\" width=\"250\" height=\"200\" class=\"wp-image-496\" style=\"width: 150px\" src=\"https:\/\/blog.uclm.es\/mediacom\/wp-content\/uploads\/sites\/199\/2022\/04\/cicid.png\" alt=\"\"><\/td><\/tr><tr><td><strong>CICID 2019 Indicadores de calidad e innovaci\u00f3n para un periodismo de proximidad. VIII Congreso de Investigaci\u00f3n en Comunicaci\u00f3n e Informaci\u00f3n Digital CICID 2019<\/strong>.<\/td><\/tr><tr><td>Ufarte-Ruiz, Mar\u00eda Jos\u00e9; L\u00f3pez-Cepeda, Ana Mar\u00eda; Galletero Campos, Bel\u00e9n (2019).<br><br>Zaragoza, Espa\u00f1a<br><br>16-18 de octubre de 2019<\/td><\/tr><\/tbody><\/table><\/figure>\n<\/div>\n\n\n\n<div class=\"wp-block-column is-layout-flow wp-block-column-is-layout-flow\">\n<figure class=\"wp-block-table has-small-font-size\"><table><tbody><tr><td>         <img loading=\"lazy\" decoding=\"async\" width=\"250\" height=\"250\" class=\"wp-image-498\" style=\"width: 150px\" src=\"https:\/\/blog.uclm.es\/mediacom\/wp-content\/uploads\/sites\/199\/2022\/04\/chile.jpg\" alt=\"\" srcset=\"https:\/\/blog.uclm.es\/mediacom\/wp-content\/uploads\/sites\/199\/2022\/04\/chile.jpg 250w, https:\/\/blog.uclm.es\/mediacom\/wp-content\/uploads\/sites\/199\/2022\/04\/chile-150x150.jpg 150w, https:\/\/blog.uclm.es\/mediacom\/wp-content\/uploads\/sites\/199\/2022\/04\/chile-100x100.jpg 100w\" sizes=\"auto, (max-width: 250px) 100vw, 250px\" \/><\/td><\/tr><tr><td><strong>The Sixteenth International Conference on Environmental, Cultural, Economic and Social Sustainability<\/strong><\/td><\/tr><tr><td>El indicador de transici\u00f3n ecosocial, funcionamiento y aplicaci\u00f3n. El sector de las ecotransiciones en Castilla-la Mancha como estudio de caso.<br><br>Peralta, Lidia; Chaparro, Manuel; Espinar, Lara (2020).<br><br>Santiago de Chile, Chile<br><br>29-31 de enero de 2020<\/td><\/tr><\/tbody><\/table><\/figure>\n<\/div>\n\n\n\n<div class=\"wp-block-column is-layout-flow wp-block-column-is-layout-flow\">\n<figure class=\"wp-block-table is-style-regular has-small-font-size\"><table><tbody><tr><td>         <img loading=\"lazy\" decoding=\"async\" width=\"250\" height=\"250\" class=\"wp-image-499\" style=\"width: 150px\" src=\"https:\/\/blog.uclm.es\/mediacom\/wp-content\/uploads\/sites\/199\/2022\/04\/cydiveristat.jpg\" alt=\"\" srcset=\"https:\/\/blog.uclm.es\/mediacom\/wp-content\/uploads\/sites\/199\/2022\/04\/cydiveristat.jpg 250w, https:\/\/blog.uclm.es\/mediacom\/wp-content\/uploads\/sites\/199\/2022\/04\/cydiveristat-150x150.jpg 150w, https:\/\/blog.uclm.es\/mediacom\/wp-content\/uploads\/sites\/199\/2022\/04\/cydiveristat-100x100.jpg 100w\" sizes=\"auto, (max-width: 250px) 100vw, 250px\" \/><\/td><\/tr><tr><td><strong>VII Congreso Internacional de la AE-IC, \u201cComunicaci\u00f3n y Diversidad<\/strong>.<\/td><\/tr><tr><td>El indicador medi\u00e1tico de transici\u00f3n ecosocial.<br><br>Chaparro, Manuel; Peralta Lidia; Espinar, Lara (2020).<br><br>Valencia, Espa\u00f1a<br><br>28-30 de octubre de 2020<\/td><\/tr><\/tbody><\/table><\/figure>\n<\/div>\n<\/div>\n\n\n\n<div class=\"wp-block-columns is-layout-flex wp-container-core-columns-is-layout-9d6595d7 wp-block-columns-is-layout-flex\">\n<div class=\"wp-block-column is-layout-flow wp-block-column-is-layout-flow\">\n<figure class=\"wp-block-table has-small-font-size\"><table><tbody><tr><td>         <img loading=\"lazy\" decoding=\"async\" width=\"1080\" height=\"1080\" class=\"wp-image-502\" style=\"width: 150px\" src=\"https:\/\/blog.uclm.es\/mediacom\/wp-content\/uploads\/sites\/199\/2022\/04\/EmxMMIAW4AA9-9f.jpg\" alt=\"\" srcset=\"https:\/\/blog.uclm.es\/mediacom\/wp-content\/uploads\/sites\/199\/2022\/04\/EmxMMIAW4AA9-9f.jpg 1080w, https:\/\/blog.uclm.es\/mediacom\/wp-content\/uploads\/sites\/199\/2022\/04\/EmxMMIAW4AA9-9f-300x300.jpg 300w, https:\/\/blog.uclm.es\/mediacom\/wp-content\/uploads\/sites\/199\/2022\/04\/EmxMMIAW4AA9-9f-1024x1024.jpg 1024w, https:\/\/blog.uclm.es\/mediacom\/wp-content\/uploads\/sites\/199\/2022\/04\/EmxMMIAW4AA9-9f-150x150.jpg 150w, https:\/\/blog.uclm.es\/mediacom\/wp-content\/uploads\/sites\/199\/2022\/04\/EmxMMIAW4AA9-9f-768x768.jpg 768w, https:\/\/blog.uclm.es\/mediacom\/wp-content\/uploads\/sites\/199\/2022\/04\/EmxMMIAW4AA9-9f-100x100.jpg 100w\" sizes=\"auto, (max-width: 706px) 89vw, (max-width: 767px) 82vw, 740px\" \/><\/td><\/tr><tr><td><strong>Periodismos emergentes: transformaci\u00f3n y revitalizaci\u00f3n del periodismo en la era digital<\/strong><\/td><\/tr><tr><td>Las emisoras municipales en Castilla-la Mancha: el estado de salud a trav\u00e9s de la aplicaci\u00f3n del Indicador de Rentabilidad Social en Comunicaci\u00f3n (IRSCOM).<br><br>Peralta,&nbsp;Lidia; Sanz, Maria Clara; \u00c1lvarez, Miguel<br><br>Madrid, Espa\u00f1a<br><br>17-20 de noviembre de 2020<\/td><\/tr><\/tbody><\/table><\/figure>\n<\/div>\n\n\n\n<div class=\"wp-block-column is-layout-flow wp-block-column-is-layout-flow\">\n<figure class=\"wp-block-table has-small-font-size\"><table><tbody><tr><td>         <img loading=\"lazy\" decoding=\"async\" width=\"250\" height=\"250\" class=\"wp-image-503\" style=\"width: 150px\" src=\"https:\/\/blog.uclm.es\/mediacom\/wp-content\/uploads\/sites\/199\/2022\/04\/ulepicc.jpg\" alt=\"\" srcset=\"https:\/\/blog.uclm.es\/mediacom\/wp-content\/uploads\/sites\/199\/2022\/04\/ulepicc.jpg 250w, https:\/\/blog.uclm.es\/mediacom\/wp-content\/uploads\/sites\/199\/2022\/04\/ulepicc-150x150.jpg 150w, https:\/\/blog.uclm.es\/mediacom\/wp-content\/uploads\/sites\/199\/2022\/04\/ulepicc-100x100.jpg 100w\" sizes=\"auto, (max-width: 250px) 100vw, 250px\" \/><\/td><\/tr><tr><td><strong>VII Congreso ULEPICC Espa\u00f1a<\/strong><\/td><\/tr><tr><td>MEDIACOM- grupo de Investigaci\u00f3n en Sociolog\u00eda de la Comunicaci\u00f3n.<br><br>L\u00f3pez-Cepeda, Ana Mar\u00eda, \u00c1lvarez-Peralta, Miguel, Galletero-Campo Bel\u00e9n y Ufarte-Ruiz, Mar\u00eda Jos\u00e9<br><br>Segovia, Espa\u00f1a<br><br>11-12 de febrero de 2021<\/td><\/tr><\/tbody><\/table><\/figure>\n<\/div>\n\n\n\n<div class=\"wp-block-column is-layout-flow wp-block-column-is-layout-flow\">\n<figure class=\"wp-block-table has-small-font-size\"><table><tbody><tr><td>         <img loading=\"lazy\" decoding=\"async\" width=\"250\" height=\"250\" class=\"wp-image-504\" style=\"width: 150px\" src=\"https:\/\/blog.uclm.es\/mediacom\/wp-content\/uploads\/sites\/199\/2022\/04\/COMLOC.jpg\" alt=\"\" srcset=\"https:\/\/blog.uclm.es\/mediacom\/wp-content\/uploads\/sites\/199\/2022\/04\/COMLOC.jpg 250w, https:\/\/blog.uclm.es\/mediacom\/wp-content\/uploads\/sites\/199\/2022\/04\/COMLOC-150x150.jpg 150w, https:\/\/blog.uclm.es\/mediacom\/wp-content\/uploads\/sites\/199\/2022\/04\/COMLOC-100x100.jpg 100w\" sizes=\"auto, (max-width: 250px) 100vw, 250px\" \/><\/td><\/tr><tr><td><strong>ComLoc 2021. XVI Congreso Internacional de Comunicaci\u00f3n Local<\/strong><\/td><\/tr><tr><td>Estrategias para el uso de las redes sociales en los medios de comunicaci\u00f3n locales y regionales. El caso de Castilla-La Mancha.<br><br>Calvo Rubio, Luis Mauricio; L\u00f3pez-Cepeda, Ana Mar\u00eda; Ufarte-Ruiz, Mar\u00eda Jos\u00e9<br><br>Castell\u00f3n, Espa\u00f1a<br><br>04-05 de noviembre de 2021<\/td><\/tr><\/tbody><\/table><\/figure>\n<\/div>\n<\/div>\n","protected":false},"excerpt":{"rendered":"<p>CICID 2019 Indicadores de calidad e innovaci\u00f3n para un periodismo de proximidad. VIII Congreso de Investigaci\u00f3n en Comunicaci\u00f3n e Informaci\u00f3n Digital CICID 2019. Ufarte-Ruiz, Mar\u00eda Jos\u00e9; L\u00f3pez-Cepeda, Ana Mar\u00eda; Galletero Campos, Bel\u00e9n (2019). Zaragoza, Espa\u00f1a 16-18 de octubre de 2019 The Sixteenth International Conference on Environmental, Cultural, Economic and Social Sustainability El indicador de transici\u00f3n &hellip; <\/p>\n<p class=\"link-more\"><a href=\"https:\/\/blog.uclm.es\/mediacom\/participacion-en-congresos\/\" class=\"more-link\">Continuar leyendo<span class=\"screen-reader-text\"> \u00abParticipaci\u00f3n en congresos\u00bb<\/span><\/a><\/p>\n","protected":false},"author":298,"featured_media":0,"parent":0,"menu_order":0,"comment_status":"closed","ping_status":"closed","template":"","meta":{"footnotes":""},"class_list":["post-425","page","type-page","status-publish","hentry"],"_links":{"self":[{"href":"https:\/\/blog.uclm.es\/mediacom\/wp-json\/wp\/v2\/pages\/425","targetHints":{"allow":["GET"]}}],"collection":[{"href":"https:\/\/blog.uclm.es\/mediacom\/wp-json\/wp\/v2\/pages"}],"about":[{"href":"https:\/\/blog.uclm.es\/mediacom\/wp-json\/wp\/v2\/types\/page"}],"author":[{"embeddable":true,"href":"https:\/\/blog.uclm.es\/mediacom\/wp-json\/wp\/v2\/users\/298"}],"replies":[{"embeddable":true,"href":"https:\/\/blog.uclm.es\/mediacom\/wp-json\/wp\/v2\/comments?post=425"}],"version-history":[{"count":4,"href":"https:\/\/blog.uclm.es\/mediacom\/wp-json\/wp\/v2\/pages\/425\/revisions"}],"predecessor-version":[{"id":656,"href":"https:\/\/blog.uclm.es\/mediacom\/wp-json\/wp\/v2\/pages\/425\/revisions\/656"}],"wp:attachment":[{"href":"https:\/\/blog.uclm.es\/mediacom\/wp-json\/wp\/v2\/media?parent=425"}],"curies":[{"name":"wp","href":"https:\/\/api.w.org\/{rel}","templated":true}]}}