{"id":350,"date":"2022-03-31T17:58:58","date_gmt":"2022-03-31T16:58:58","guid":{"rendered":"https:\/\/blog.uclm.es\/mediacom\/?page_id=350"},"modified":"2022-11-03T17:38:56","modified_gmt":"2022-11-03T17:38:56","slug":"juan-carlos-santos-nunez","status":"publish","type":"page","link":"https:\/\/blog.uclm.es\/mediacom\/juan-carlos-santos-nunez\/","title":{"rendered":"Juan Carlos Santos N\u00fa\u00f1ez"},"content":{"rendered":"<p><img loading=\"lazy\" decoding=\"async\" class=\"aligncenter size-full wp-image-336\" src=\"https:\/\/blog.uclm.es\/mediacom\/wp-content\/uploads\/sites\/199\/2022\/03\/juan-carlos.png\" alt=\"\" width=\"300\" height=\"300\" srcset=\"https:\/\/blog.uclm.es\/mediacom\/wp-content\/uploads\/sites\/199\/2022\/03\/juan-carlos.png 300w, https:\/\/blog.uclm.es\/mediacom\/wp-content\/uploads\/sites\/199\/2022\/03\/juan-carlos-150x150.png 150w, https:\/\/blog.uclm.es\/mediacom\/wp-content\/uploads\/sites\/199\/2022\/03\/juan-carlos-100x100.png 100w\" sizes=\"auto, (max-width: 300px) 100vw, 300px\" \/><\/p>\n<p><span style=\"font-size: x-large\"><strong>Juan Carlos Santos N\u00fa\u00f1ez<\/strong><\/span><\/p>\n<p>Licenciado en Periodismo por la Universidad Complutense de Madrid, se encuentra cursando cuarto curso del Grado de Geograf\u00eda e Historia en la Universidad Nacional de Educaci\u00f3n a Distancia (UNED). Ejerce como periodista desde 1990 en la comunidad aut\u00f3noma de Castilla La Mancha. Ha dirigido los informativos locales y regionales de Onda Cero en CLM. En esta emisora de radio ha presentado programas especiales con motivo de convocatorias electorales municipales y auton\u00f3micas as\u00ed como eventos relacionados con la celebraci\u00f3n del D\u00eda de CLM.<\/p>\n<p>Al frente de estas responsabilidades ha coordinado a m\u00e1s de una quincena de profesionales de un total de ocho emisoras que se encuentran en las cinco provincias de Castilla La Macha. Tambi\u00e9n ha intervenido en programas informativos nacionales de Onda Cero as\u00ed como en otros espacios de la programaci\u00f3n que emite esta emisora en todo el Estado.<\/p>\n<p>Adem\u00e1s, ha colaborado en medios de comunicaci\u00f3n nacionales de prensa escrita y en agencias de noticias como corresponsal en Castilla La Mancha y ha participado en programas informativos y de opini\u00f3n de la Radio Televisi\u00f3n de CLM (CCM Media). Ha coordinado varios podcast del Centro de Estudios Europeos de la UCLM sobre asuntos comunitarios que fueron elaborados por estudiantes de la Facultad de Comunicaci\u00f3n de Cuenca con motivo del vig\u00e9simo quinto aniversario de este organismo cuya sede se encuentra en Toledo. Desde 2014 forma parte como profesor asociado de Radio en la Facultad de Comunicaci\u00f3n de la UCLM.<\/p>\n","protected":false},"excerpt":{"rendered":"<p>Juan Carlos Santos N\u00fa\u00f1ez Licenciado en Periodismo por la Universidad Complutense de Madrid, se encuentra cursando cuarto curso del Grado de Geograf\u00eda e Historia en la Universidad Nacional de Educaci\u00f3n a Distancia (UNED). Ejerce como periodista desde 1990 en la comunidad aut\u00f3noma de Castilla La Mancha. Ha dirigido los informativos locales y regionales de Onda &hellip; <\/p>\n<p class=\"link-more\"><a href=\"https:\/\/blog.uclm.es\/mediacom\/juan-carlos-santos-nunez\/\" class=\"more-link\">Continuar leyendo<span class=\"screen-reader-text\"> \u00abJuan Carlos Santos N\u00fa\u00f1ez\u00bb<\/span><\/a><\/p>\n","protected":false},"author":298,"featured_media":0,"parent":0,"menu_order":0,"comment_status":"closed","ping_status":"closed","template":"","meta":{"footnotes":""},"class_list":["post-350","page","type-page","status-publish","hentry"],"_links":{"self":[{"href":"https:\/\/blog.uclm.es\/mediacom\/wp-json\/wp\/v2\/pages\/350","targetHints":{"allow":["GET"]}}],"collection":[{"href":"https:\/\/blog.uclm.es\/mediacom\/wp-json\/wp\/v2\/pages"}],"about":[{"href":"https:\/\/blog.uclm.es\/mediacom\/wp-json\/wp\/v2\/types\/page"}],"author":[{"embeddable":true,"href":"https:\/\/blog.uclm.es\/mediacom\/wp-json\/wp\/v2\/users\/298"}],"replies":[{"embeddable":true,"href":"https:\/\/blog.uclm.es\/mediacom\/wp-json\/wp\/v2\/comments?post=350"}],"version-history":[{"count":1,"href":"https:\/\/blog.uclm.es\/mediacom\/wp-json\/wp\/v2\/pages\/350\/revisions"}],"predecessor-version":[{"id":622,"href":"https:\/\/blog.uclm.es\/mediacom\/wp-json\/wp\/v2\/pages\/350\/revisions\/622"}],"wp:attachment":[{"href":"https:\/\/blog.uclm.es\/mediacom\/wp-json\/wp\/v2\/media?parent=350"}],"curies":[{"name":"wp","href":"https:\/\/api.w.org\/{rel}","templated":true}]}}