{"id":348,"date":"2022-03-31T17:58:14","date_gmt":"2022-03-31T16:58:14","guid":{"rendered":"https:\/\/blog.uclm.es\/mediacom\/?page_id=348"},"modified":"2022-11-03T17:33:42","modified_gmt":"2022-11-03T17:33:42","slug":"luis-mauricio-calvo-rubio","status":"publish","type":"page","link":"https:\/\/blog.uclm.es\/mediacom\/luis-mauricio-calvo-rubio\/","title":{"rendered":"Luis Mauricio Calvo Rubio"},"content":{"rendered":"<p><img loading=\"lazy\" decoding=\"async\" class=\"aligncenter size-full wp-image-359\" src=\"https:\/\/blog.uclm.es\/mediacom\/wp-content\/uploads\/sites\/199\/2022\/03\/luisma.jpg\" alt=\"\" width=\"300\" height=\"300\" srcset=\"https:\/\/blog.uclm.es\/mediacom\/wp-content\/uploads\/sites\/199\/2022\/03\/luisma.jpg 300w, https:\/\/blog.uclm.es\/mediacom\/wp-content\/uploads\/sites\/199\/2022\/03\/luisma-150x150.jpg 150w, https:\/\/blog.uclm.es\/mediacom\/wp-content\/uploads\/sites\/199\/2022\/03\/luisma-100x100.jpg 100w\" sizes=\"auto, (max-width: 300px) 100vw, 300px\" \/><\/p>\n<p><span style=\"font-size: x-large\"><strong>Luis Mauricio Calvo Rubio<\/strong><\/span><\/p>\n<p>Doctor por la Universidad de Castilla-La Mancha. Graduado en Periodismo por la Universidad a Distancia de Madrid (UDIMA) y Master Universitario en Comunicaci\u00f3n, Cultura, Sociedad y Pol\u00edtica por la Universidad Nacional de Educaci\u00f3n a Distancia (UNED). Adem\u00e1s, cuenta con la Especializaci\u00f3n en Redes Sociales y Medios Online por la Universidad de Alcal\u00e1 y es Master Executive en Direcci\u00f3n y Administraci\u00f3n de Empresas por la Universidad Antonio de Nebrija.<\/p>\n<p>Durante m\u00e1s de dos d\u00e9cadas, ha desarrollado su carrera profesional como periodista y responsable de distintos medios de comunicaci\u00f3n en el \u00e1mbito de la prensa escrita, la radio y la televisi\u00f3n, siendo el responsable del desarrollo de los proyectos digitales en algunas de estas empresas. Ha participado en numerosos congresos nacionales e internacionales vinculados a la comunicaci\u00f3n y el periodismo y cuenta con una veintena de publicaciones cient\u00edficas.<\/p>\n<p>Es miembro del grupo de investigaci\u00f3n GISOCOM e integrante de los proyectos nacionales Noticias, redes y usuarios en el sistema h\u00edbrido de medios y La diplomacia p\u00fablica en las mega-ciudades iberoamericanas: estrategias de comunicaci\u00f3n y poder blando para influir en la legislaci\u00f3n ambiental global.<\/p>\n<p>Es subdirector del proyecto de innovaci\u00f3n docente El \u00c1gora: una plataforma formativa para desarrollar nuevas estrategias en el proceso de ense\u00f1anza-aprendizaje de los futuros comunicadores.<\/p>\n<p><a href=\"https:\/\/orcid.org\/0000-0002-4707-5259\">ORCiD<\/a><\/p>\n","protected":false},"excerpt":{"rendered":"<p>Luis Mauricio Calvo Rubio Doctor por la Universidad de Castilla-La Mancha. Graduado en Periodismo por la Universidad a Distancia de Madrid (UDIMA) y Master Universitario en Comunicaci\u00f3n, Cultura, Sociedad y Pol\u00edtica por la Universidad Nacional de Educaci\u00f3n a Distancia (UNED). Adem\u00e1s, cuenta con la Especializaci\u00f3n en Redes Sociales y Medios Online por la Universidad de &hellip; <\/p>\n<p class=\"link-more\"><a href=\"https:\/\/blog.uclm.es\/mediacom\/luis-mauricio-calvo-rubio\/\" class=\"more-link\">Continuar leyendo<span class=\"screen-reader-text\"> \u00abLuis Mauricio Calvo Rubio\u00bb<\/span><\/a><\/p>\n","protected":false},"author":298,"featured_media":0,"parent":0,"menu_order":0,"comment_status":"closed","ping_status":"closed","template":"","meta":{"footnotes":""},"class_list":["post-348","page","type-page","status-publish","hentry"],"_links":{"self":[{"href":"https:\/\/blog.uclm.es\/mediacom\/wp-json\/wp\/v2\/pages\/348","targetHints":{"allow":["GET"]}}],"collection":[{"href":"https:\/\/blog.uclm.es\/mediacom\/wp-json\/wp\/v2\/pages"}],"about":[{"href":"https:\/\/blog.uclm.es\/mediacom\/wp-json\/wp\/v2\/types\/page"}],"author":[{"embeddable":true,"href":"https:\/\/blog.uclm.es\/mediacom\/wp-json\/wp\/v2\/users\/298"}],"replies":[{"embeddable":true,"href":"https:\/\/blog.uclm.es\/mediacom\/wp-json\/wp\/v2\/comments?post=348"}],"version-history":[{"count":1,"href":"https:\/\/blog.uclm.es\/mediacom\/wp-json\/wp\/v2\/pages\/348\/revisions"}],"predecessor-version":[{"id":614,"href":"https:\/\/blog.uclm.es\/mediacom\/wp-json\/wp\/v2\/pages\/348\/revisions\/614"}],"wp:attachment":[{"href":"https:\/\/blog.uclm.es\/mediacom\/wp-json\/wp\/v2\/media?parent=348"}],"curies":[{"name":"wp","href":"https:\/\/api.w.org\/{rel}","templated":true}]}}