{"id":29,"date":"2016-06-20T11:18:32","date_gmt":"2016-06-20T10:18:32","guid":{"rendered":"http:\/\/blog.uclm.es\/mediacom\/?page_id=29"},"modified":"2022-11-03T17:12:54","modified_gmt":"2022-11-03T17:12:54","slug":"que-es-mediacom-uclm","status":"publish","type":"page","link":"https:\/\/blog.uclm.es\/mediacom\/","title":{"rendered":"MEDIACOM"},"content":{"rendered":"<p style=\"text-align: center\"><img loading=\"lazy\" decoding=\"async\" class=\"aligncenter  wp-image-114\" src=\"https:\/\/blog.uclm.es\/mediacom\/wp-content\/uploads\/sites\/199\/2019\/10\/logo_simple_cuadrado.jpg\" alt=\"\" width=\"283\" height=\"283\" srcset=\"https:\/\/blog.uclm.es\/mediacom\/wp-content\/uploads\/sites\/199\/2019\/10\/logo_simple_cuadrado.jpg 800w, https:\/\/blog.uclm.es\/mediacom\/wp-content\/uploads\/sites\/199\/2019\/10\/logo_simple_cuadrado-300x300.jpg 300w, https:\/\/blog.uclm.es\/mediacom\/wp-content\/uploads\/sites\/199\/2019\/10\/logo_simple_cuadrado-150x150.jpg 150w, https:\/\/blog.uclm.es\/mediacom\/wp-content\/uploads\/sites\/199\/2019\/10\/logo_simple_cuadrado-768x768.jpg 768w, https:\/\/blog.uclm.es\/mediacom\/wp-content\/uploads\/sites\/199\/2019\/10\/logo_simple_cuadrado-100x100.jpg 100w\" sizes=\"auto, (max-width: 283px) 100vw, 283px\" \/><\/p>\n<p>Mediacom es un proyecto que se inicia en la Facultad de Comunicaci\u00f3n de la UCLM con la finalidad de crear un Observatorio de la Comunicaci\u00f3n o plataforma para canalizar estudios sobre las transformaciones y el impacto de los medios de comunicaci\u00f3n en la sociedad castellano-manchega.<\/p>\n<p>Su vocaci\u00f3n, desde su creaci\u00f3n, ha sido la de servir de punto de encuentro e intercambio de ideas entre investigadores\/as y profesionales interesados e implicados con el futuro de la comunicaci\u00f3n en la regi\u00f3n.<\/p>\n<p>A ra\u00edz de esta primera investigaci\u00f3n, fruto de la cual se ha publicado el <a href=\"https:\/\/blog.uclm.es\/mediacom\/informes\/\"><span style=\"color: #87355b\"><strong>I Informe Mediacom (2009-2015)<\/strong><\/span><\/a> , se ha conseguido el proyecto de investigaci\u00f3n <em>Indicadores de rentabilidad social en los medios de comunicaci\u00f3n para el desarrollo regional<\/em> financiado por la Consejer\u00eda de Educaci\u00f3n, Cultura y Deportes de la Junta de Castilla-La Mancha y el Fondo Europeo de Desarrollo Regional.<\/p>\n<p><\/p>\n<p><span style=\"font-size: large\"><strong>Objetivos del proyecto <em>Indicadores de rentabilidad social en los medios de comunicaci\u00f3n para el desarrollo regional<\/em><\/strong> .<\/span><\/p>\n\n\n<figure class=\"wp-block-table is-style-regular has-small-font-size\"><table class=\"has-white-background-color has-background has-fixed-layout\"><thead><tr><th class=\"has-text-align-left\" data-align=\"left\">Objetivo 1. Mapear.<\/th><th>Objetivo 2. An\u00e1lisis de<br>la estructura de medios en CLM.<\/th><th>Objetivo 3. Medici\u00f3n de la <br>rentabilidad social a trav\u00e9s de indicadores.<\/th><\/tr><\/thead><tbody><tr><td class=\"has-text-align-left\" data-align=\"left\">&#8211; Mapear y censar los medios <br>de comunicaci\u00f3n en <br>Castilla-La mancha.<br>&#8211; Dise\u00f1ar un mapa<br>accesible de consulta del censo.<br><br><br> <\/td><td>&#8211; Identificar patrones, tendencias, <br>soportes, etc. en los medios de comunicaci\u00f3n de Castilla-La Mancha.<br>&#8211; Identificar zonas con baja presencia de medios de comunicaci\u00f3n.<br><\/td><td>&#8211; Revisi\u00f3n de indicadores existentes sobre medios de comunicaci\u00f3n en la literatura cient\u00edfica.<br>&#8211; Propuesta de indicadores adaptados al contexto regional.<br>&#8211; Aplicaci\u00f3n de indicadores a una muestra representativa de medios.<br><\/td><\/tr><\/tbody><\/table><\/figure>\n\n\n\n<figure class=\"wp-block-table has-small-font-size\"><table class=\"has-fixed-layout\"><thead><tr><th>Objetivo 4.  Proyecto piloto: percepci\u00f3n ciudadana sobre la rentabilidad social de los medios en contextos despoblados.<\/th><th>Objetivo 5. Transferencia.<\/th><th>Objetivo 6. Proyecci\u00f3n grupo.<\/th><\/tr><\/thead><tbody><tr><td>&#8211; Testeo de la herramienta de indicadores  por parte de poblaci\u00f3n general.<br>&#8211; Revisi\u00f3n de los resultados de la medici\u00f3n sobre rentabilidad social vinculada.<br>&#8211; Reflexionar sobre la relaci\u00f3n entre rentabilidad social de los medios y los contextos en riesgos de despoblaci\u00f3n.<br><br><br><br><br><br><\/td><td>&#8211; Publicar el II informe MEDIACOM.<br>&#8211; Organizar un Simposio sobre medios de comunicaci\u00f3n y entornos en riesgo de despoblaci\u00f3n.<br>&#8211; Establecer relaciones con los colectivos y asociaciones medi\u00e1ticos.<br><br><br><br><br><br><br><br><\/td><td>&#8211; Fortalecer el grupo emergente como equipo consolidado en UCLM.<br>&#8211; Abrir una l\u00ednea de indagaci\u00f3n sobre medios y despoblaci\u00f3n.<br>&#8211; Establecer conexiones con otros observatorios nacionales e internacionales y otros grupos de investigaci\u00f3n.<br>&#8211; Aumentar la capacidad formativa del grupo: Promover trabajos de investigaci\u00f3n sobre indicadores de rentabilidad social y estructura de Castilla-La Mancha.<br>&#8211; Fomentar la incorporaci\u00f3n de nuevos investigadores a MEDIACOM.<\/td><\/tr><\/tbody><\/table><\/figure>\n\n\n\n<p>El proyecto de investigaci\u00f3n \u201cIndicadores de rentabilidad social en los medios de comunicaci\u00f3n para el desarrollo regional\u201d (SBPLY\/19\/180501\/000232) est\u00e1 financiado con las ayudas para la realizaci\u00f3n de proyectos de investigaci\u00f3n cient\u00edfica y transferencia de tecnolog\u00eda, cofinanciados por la Consejer\u00eda de Educaci\u00f3n, Cultura y Deportes de la Junta de Castilla-La Mancha y el Fondo Europeo de Desarrollo Regional (FEDER) (Resoluci\u00f3n 18\/12\/2018).<\/p>\n\n\n\n<figure class=\"wp-block-image size-large\"><img loading=\"lazy\" decoding=\"async\" width=\"1024\" height=\"140\" src=\"https:\/\/blog.uclm.es\/mediacom\/wp-content\/uploads\/sites\/199\/2022\/04\/logospie-scaled-1-1024x140.jpg\" alt=\"\" class=\"wp-image-556\" srcset=\"https:\/\/blog.uclm.es\/mediacom\/wp-content\/uploads\/sites\/199\/2022\/04\/logospie-scaled-1-1024x140.jpg 1024w, https:\/\/blog.uclm.es\/mediacom\/wp-content\/uploads\/sites\/199\/2022\/04\/logospie-scaled-1-300x41.jpg 300w, https:\/\/blog.uclm.es\/mediacom\/wp-content\/uploads\/sites\/199\/2022\/04\/logospie-scaled-1-768x105.jpg 768w, https:\/\/blog.uclm.es\/mediacom\/wp-content\/uploads\/sites\/199\/2022\/04\/logospie-scaled-1-1536x211.jpg 1536w, https:\/\/blog.uclm.es\/mediacom\/wp-content\/uploads\/sites\/199\/2022\/04\/logospie-scaled-1-2048x281.jpg 2048w\" sizes=\"auto, (max-width: 706px) 89vw, (max-width: 767px) 82vw, 740px\" \/><\/figure>\n","protected":false},"excerpt":{"rendered":"<p>Mediacom es un proyecto que se inicia en la Facultad de Comunicaci\u00f3n de la UCLM con la finalidad de crear un Observatorio de la Comunicaci\u00f3n o plataforma para canalizar estudios sobre las transformaciones y el impacto de los medios de comunicaci\u00f3n en la sociedad castellano-manchega. Su vocaci\u00f3n, desde su creaci\u00f3n, ha sido la de servir &hellip; <\/p>\n<p class=\"link-more\"><a href=\"https:\/\/blog.uclm.es\/mediacom\/\" class=\"more-link\">Continuar leyendo<span class=\"screen-reader-text\"> \u00abMEDIACOM\u00bb<\/span><\/a><\/p>\n","protected":false},"author":169,"featured_media":0,"parent":0,"menu_order":0,"comment_status":"closed","ping_status":"closed","template":"","meta":{"footnotes":""},"class_list":["post-29","page","type-page","status-publish","hentry"],"_links":{"self":[{"href":"https:\/\/blog.uclm.es\/mediacom\/wp-json\/wp\/v2\/pages\/29","targetHints":{"allow":["GET"]}}],"collection":[{"href":"https:\/\/blog.uclm.es\/mediacom\/wp-json\/wp\/v2\/pages"}],"about":[{"href":"https:\/\/blog.uclm.es\/mediacom\/wp-json\/wp\/v2\/types\/page"}],"author":[{"embeddable":true,"href":"https:\/\/blog.uclm.es\/mediacom\/wp-json\/wp\/v2\/users\/169"}],"replies":[{"embeddable":true,"href":"https:\/\/blog.uclm.es\/mediacom\/wp-json\/wp\/v2\/comments?post=29"}],"version-history":[{"count":4,"href":"https:\/\/blog.uclm.es\/mediacom\/wp-json\/wp\/v2\/pages\/29\/revisions"}],"predecessor-version":[{"id":607,"href":"https:\/\/blog.uclm.es\/mediacom\/wp-json\/wp\/v2\/pages\/29\/revisions\/607"}],"wp:attachment":[{"href":"https:\/\/blog.uclm.es\/mediacom\/wp-json\/wp\/v2\/media?parent=29"}],"curies":[{"name":"wp","href":"https:\/\/api.w.org\/{rel}","templated":true}]}}