{"id":189,"date":"2019-10-09T10:22:43","date_gmt":"2019-10-09T09:22:43","guid":{"rendered":"http:\/\/blog.uclm.es\/mediacom\/?page_id=189"},"modified":"2022-11-03T19:19:02","modified_gmt":"2022-11-03T19:19:02","slug":"contacto","status":"publish","type":"page","link":"https:\/\/blog.uclm.es\/mediacom\/contacto\/","title":{"rendered":"Contacto"},"content":{"rendered":"<p>No dudes en hacernos llegar datos de nuevos medios o sobre si hay alg\u00fan error que puedas haber detectado a <span style=\"color: #87355b\"><a style=\"color: #87355b\" href=\"mailto:ana.lopezcepeda@uclm.es\"><strong>ana.lopezcepeda@uclm.es<\/strong><\/a><\/span><\/p>\n<p>Nos puedes encontrar tambi\u00e9n en:<\/p>\n<p>Facultad de Comunicaci\u00f3n de la Universidad de Castilla-La Mancha<br \/>\nPlaza de la Libertad de Expresi\u00f3n s\/n<br \/>\n16071 Cuenca<\/p>\n","protected":false},"excerpt":{"rendered":"<p>No dudes en hacernos llegar datos de nuevos medios o sobre si hay alg\u00fan error que puedas haber detectado a ana.lopezcepeda@uclm.es Nos puedes encontrar tambi\u00e9n en: Facultad de Comunicaci\u00f3n de la Universidad de Castilla-La Mancha Plaza de la Libertad de Expresi\u00f3n s\/n 16071 Cuenca<\/p>\n","protected":false},"author":299,"featured_media":0,"parent":0,"menu_order":0,"comment_status":"closed","ping_status":"closed","template":"","meta":{"footnotes":""},"class_list":["post-189","page","type-page","status-publish","hentry"],"_links":{"self":[{"href":"https:\/\/blog.uclm.es\/mediacom\/wp-json\/wp\/v2\/pages\/189","targetHints":{"allow":["GET"]}}],"collection":[{"href":"https:\/\/blog.uclm.es\/mediacom\/wp-json\/wp\/v2\/pages"}],"about":[{"href":"https:\/\/blog.uclm.es\/mediacom\/wp-json\/wp\/v2\/types\/page"}],"author":[{"embeddable":true,"href":"https:\/\/blog.uclm.es\/mediacom\/wp-json\/wp\/v2\/users\/299"}],"replies":[{"embeddable":true,"href":"https:\/\/blog.uclm.es\/mediacom\/wp-json\/wp\/v2\/comments?post=189"}],"version-history":[{"count":1,"href":"https:\/\/blog.uclm.es\/mediacom\/wp-json\/wp\/v2\/pages\/189\/revisions"}],"predecessor-version":[{"id":668,"href":"https:\/\/blog.uclm.es\/mediacom\/wp-json\/wp\/v2\/pages\/189\/revisions\/668"}],"wp:attachment":[{"href":"https:\/\/blog.uclm.es\/mediacom\/wp-json\/wp\/v2\/media?parent=189"}],"curies":[{"name":"wp","href":"https:\/\/api.w.org\/{rel}","templated":true}]}}