{"id":160,"date":"2019-10-09T09:36:41","date_gmt":"2019-10-09T08:36:41","guid":{"rendered":"http:\/\/blog.uclm.es\/mediacom\/?page_id=160"},"modified":"2022-11-03T17:40:37","modified_gmt":"2022-11-03T17:40:37","slug":"vanesa-saiz-echezarreta","status":"publish","type":"page","link":"https:\/\/blog.uclm.es\/mediacom\/vanesa-saiz-echezarreta\/","title":{"rendered":"Vanesa Saiz Echezarreta"},"content":{"rendered":"<p><img loading=\"lazy\" decoding=\"async\" class=\"aligncenter size-full wp-image-343\" src=\"https:\/\/blog.uclm.es\/mediacom\/wp-content\/uploads\/sites\/199\/2022\/03\/vanesa.jpg\" alt=\"\" width=\"300\" height=\"300\" srcset=\"https:\/\/blog.uclm.es\/mediacom\/wp-content\/uploads\/sites\/199\/2022\/03\/vanesa.jpg 300w, https:\/\/blog.uclm.es\/mediacom\/wp-content\/uploads\/sites\/199\/2022\/03\/vanesa-150x150.jpg 150w, https:\/\/blog.uclm.es\/mediacom\/wp-content\/uploads\/sites\/199\/2022\/03\/vanesa-100x100.jpg 100w\" sizes=\"auto, (max-width: 300px) 100vw, 300px\" \/><\/p>\n<p><span style=\"font-size: x-large\"><strong>Vanesa Saiz Echezarreta<\/strong><\/span><\/p>\n<p>Doctora en Periodismo por la Universidad Complutense de Madrid y actualmente profesora en la Facultad de Comunicaci\u00f3n de la Universidad de Castilla-La Mancha. Pertenece al grupo de investigaci\u00f3n Semi\u00f3tica, Comunicaci\u00f3n y Cultura (UCM) y es especialista en semi\u00f3tica, estudios de g\u00e9nero y an\u00e1lisis socio-cultural. Desarrolla su investigaci\u00f3n en el Proyecto Problemas p\u00fablicos y controversias, sobre la mediatizaci\u00f3n de los asuntos p\u00fablicos en la esfera mediatizada, ocup\u00e1ndose de la controversia sobre prostituci\u00f3n e imaginarios socio-sexuales.<\/p>\n","protected":false},"excerpt":{"rendered":"<p>Vanesa Saiz Echezarreta Doctora en Periodismo por la Universidad Complutense de Madrid y actualmente profesora en la Facultad de Comunicaci\u00f3n de la Universidad de Castilla-La Mancha. Pertenece al grupo de investigaci\u00f3n Semi\u00f3tica, Comunicaci\u00f3n y Cultura (UCM) y es especialista en semi\u00f3tica, estudios de g\u00e9nero y an\u00e1lisis socio-cultural. Desarrolla su investigaci\u00f3n en el Proyecto Problemas p\u00fablicos &hellip; <\/p>\n<p class=\"link-more\"><a href=\"https:\/\/blog.uclm.es\/mediacom\/vanesa-saiz-echezarreta\/\" class=\"more-link\">Continuar leyendo<span class=\"screen-reader-text\"> \u00abVanesa Saiz Echezarreta\u00bb<\/span><\/a><\/p>\n","protected":false},"author":299,"featured_media":0,"parent":0,"menu_order":0,"comment_status":"closed","ping_status":"closed","template":"","meta":{"footnotes":""},"class_list":["post-160","page","type-page","status-publish","hentry"],"_links":{"self":[{"href":"https:\/\/blog.uclm.es\/mediacom\/wp-json\/wp\/v2\/pages\/160","targetHints":{"allow":["GET"]}}],"collection":[{"href":"https:\/\/blog.uclm.es\/mediacom\/wp-json\/wp\/v2\/pages"}],"about":[{"href":"https:\/\/blog.uclm.es\/mediacom\/wp-json\/wp\/v2\/types\/page"}],"author":[{"embeddable":true,"href":"https:\/\/blog.uclm.es\/mediacom\/wp-json\/wp\/v2\/users\/299"}],"replies":[{"embeddable":true,"href":"https:\/\/blog.uclm.es\/mediacom\/wp-json\/wp\/v2\/comments?post=160"}],"version-history":[{"count":1,"href":"https:\/\/blog.uclm.es\/mediacom\/wp-json\/wp\/v2\/pages\/160\/revisions"}],"predecessor-version":[{"id":625,"href":"https:\/\/blog.uclm.es\/mediacom\/wp-json\/wp\/v2\/pages\/160\/revisions\/625"}],"wp:attachment":[{"href":"https:\/\/blog.uclm.es\/mediacom\/wp-json\/wp\/v2\/media?parent=160"}],"curies":[{"name":"wp","href":"https:\/\/api.w.org\/{rel}","templated":true}]}}