{"id":158,"date":"2019-10-09T09:36:26","date_gmt":"2019-10-09T08:36:26","guid":{"rendered":"http:\/\/blog.uclm.es\/mediacom\/?page_id=158"},"modified":"2022-11-03T17:33:03","modified_gmt":"2022-11-03T17:33:03","slug":"miguel-alvarez-peralta","status":"publish","type":"page","link":"https:\/\/blog.uclm.es\/mediacom\/miguel-alvarez-peralta\/","title":{"rendered":"Miguel \u00c1lvarez Peralta"},"content":{"rendered":"<p><img loading=\"lazy\" decoding=\"async\" class=\"aligncenter size-full wp-image-360\" src=\"https:\/\/blog.uclm.es\/mediacom\/wp-content\/uploads\/sites\/199\/2022\/03\/Miguel-1.jpg\" alt=\"\" width=\"300\" height=\"300\" srcset=\"https:\/\/blog.uclm.es\/mediacom\/wp-content\/uploads\/sites\/199\/2022\/03\/Miguel-1.jpg 300w, https:\/\/blog.uclm.es\/mediacom\/wp-content\/uploads\/sites\/199\/2022\/03\/Miguel-1-150x150.jpg 150w, https:\/\/blog.uclm.es\/mediacom\/wp-content\/uploads\/sites\/199\/2022\/03\/Miguel-1-100x100.jpg 100w\" sizes=\"auto, (max-width: 300px) 100vw, 300px\" \/><\/p>\n<p><span style=\"font-size: x-large\"><strong>Miguel \u00c1lvarez Peralta<\/strong><\/span><\/p>\n<p>Profesor e investigador en la Facultad de Comunicaci\u00f3n UCLM, donde imparte clases de Comunicaci\u00f3n Pol\u00edtica y Narrativa Audiovisual.<\/p>\n<p>Previamente he impartido docencia en universidades como la Universidad Complutense de Madrid (UCM), la Universidad Nacional de Educaci\u00f3n a Distancia (UNED), la Universidad Internacional Men\u00e9ndez Pelayo (UIMP), la Universidad de Bolonia (Italia) y la Universidad de Harvard (Cambridge), donde trabaj\u00f3 como Fellow Researcher (2012-2013). Adem\u00e1s ha impartido conferencias en otras universidades de Estados Unidos, Reino Unido, Grecia, M\u00e9xico, Argentina, Chile, Portugal e Italia. Ha participado en m\u00e1s de doce proyectos de investigaci\u00f3n I+D oficiales.<\/p>\n<p><a href=\"https:\/\/orcid.org\/0000-0001-5619-8106\">ORCiD<\/a><\/p>\n","protected":false},"excerpt":{"rendered":"<p>Miguel \u00c1lvarez Peralta Profesor e investigador en la Facultad de Comunicaci\u00f3n UCLM, donde imparte clases de Comunicaci\u00f3n Pol\u00edtica y Narrativa Audiovisual. Previamente he impartido docencia en universidades como la Universidad Complutense de Madrid (UCM), la Universidad Nacional de Educaci\u00f3n a Distancia (UNED), la Universidad Internacional Men\u00e9ndez Pelayo (UIMP), la Universidad de Bolonia (Italia) y la &hellip; <\/p>\n<p class=\"link-more\"><a href=\"https:\/\/blog.uclm.es\/mediacom\/miguel-alvarez-peralta\/\" class=\"more-link\">Continuar leyendo<span class=\"screen-reader-text\"> \u00abMiguel \u00c1lvarez Peralta\u00bb<\/span><\/a><\/p>\n","protected":false},"author":299,"featured_media":0,"parent":0,"menu_order":0,"comment_status":"closed","ping_status":"closed","template":"","meta":{"footnotes":""},"class_list":["post-158","page","type-page","status-publish","hentry"],"_links":{"self":[{"href":"https:\/\/blog.uclm.es\/mediacom\/wp-json\/wp\/v2\/pages\/158","targetHints":{"allow":["GET"]}}],"collection":[{"href":"https:\/\/blog.uclm.es\/mediacom\/wp-json\/wp\/v2\/pages"}],"about":[{"href":"https:\/\/blog.uclm.es\/mediacom\/wp-json\/wp\/v2\/types\/page"}],"author":[{"embeddable":true,"href":"https:\/\/blog.uclm.es\/mediacom\/wp-json\/wp\/v2\/users\/299"}],"replies":[{"embeddable":true,"href":"https:\/\/blog.uclm.es\/mediacom\/wp-json\/wp\/v2\/comments?post=158"}],"version-history":[{"count":1,"href":"https:\/\/blog.uclm.es\/mediacom\/wp-json\/wp\/v2\/pages\/158\/revisions"}],"predecessor-version":[{"id":613,"href":"https:\/\/blog.uclm.es\/mediacom\/wp-json\/wp\/v2\/pages\/158\/revisions\/613"}],"wp:attachment":[{"href":"https:\/\/blog.uclm.es\/mediacom\/wp-json\/wp\/v2\/media?parent=158"}],"curies":[{"name":"wp","href":"https:\/\/api.w.org\/{rel}","templated":true}]}}