{"id":154,"date":"2019-10-09T09:36:04","date_gmt":"2019-10-09T08:36:04","guid":{"rendered":"http:\/\/blog.uclm.es\/mediacom\/?page_id=154"},"modified":"2022-11-03T17:35:37","modified_gmt":"2022-11-03T17:35:37","slug":"lidia-peralta-garcia","status":"publish","type":"page","link":"https:\/\/blog.uclm.es\/mediacom\/lidia-peralta-garcia\/","title":{"rendered":"Lidia Peralta Garc\u00eda"},"content":{"rendered":"<p><img loading=\"lazy\" decoding=\"async\" class=\"aligncenter size-full wp-image-337\" src=\"https:\/\/blog.uclm.es\/mediacom\/wp-content\/uploads\/sites\/199\/2022\/03\/LIDIA.jpg\" alt=\"\" width=\"300\" height=\"300\" srcset=\"https:\/\/blog.uclm.es\/mediacom\/wp-content\/uploads\/sites\/199\/2022\/03\/LIDIA.jpg 300w, https:\/\/blog.uclm.es\/mediacom\/wp-content\/uploads\/sites\/199\/2022\/03\/LIDIA-150x150.jpg 150w, https:\/\/blog.uclm.es\/mediacom\/wp-content\/uploads\/sites\/199\/2022\/03\/LIDIA-100x100.jpg 100w\" sizes=\"auto, (max-width: 300px) 100vw, 300px\" \/><\/p>\n<p><span style=\"font-size: x-large\"><strong>Lidia Peralta Garc\u00eda<\/strong><\/span><\/p>\n<p>Doctora en Periodismo por la Universidad de M\u00e1laga. Profesora en el \u00e1rea de Comunicaci\u00f3n Audiovisual (Documentales) y Alfabetizaci\u00f3n Medi\u00e1tica en la Facultad de Comunicaci\u00f3n de Cuenca (Universidad de Castilla-La Mancha). Forma parte del grupo de investigaci\u00f3n gisocom de la misma Facultad, centrado en la estructura de los medios en esta comunidad aut\u00f3noma, donde investiga sobre indicadores de rentabilidad social aplicados a los medios audiovisuales y las industrias culturales, as\u00ed como indicadores de transici\u00f3n ecosocial. Es Realizadora de documentales. Ha participado o liderado otros proyectos de investigaci\u00f3n sobre cine y temas migratorios y de g\u00e9nero.<\/p>\n<p><a href=\"https:\/\/orcid.org\/0000-0003-2934-0108\">ORCiD<\/a><\/p>\n","protected":false},"excerpt":{"rendered":"<p>Lidia Peralta Garc\u00eda Doctora en Periodismo por la Universidad de M\u00e1laga. Profesora en el \u00e1rea de Comunicaci\u00f3n Audiovisual (Documentales) y Alfabetizaci\u00f3n Medi\u00e1tica en la Facultad de Comunicaci\u00f3n de Cuenca (Universidad de Castilla-La Mancha). Forma parte del grupo de investigaci\u00f3n gisocom de la misma Facultad, centrado en la estructura de los medios en esta comunidad aut\u00f3noma, &hellip; <\/p>\n<p class=\"link-more\"><a href=\"https:\/\/blog.uclm.es\/mediacom\/lidia-peralta-garcia\/\" class=\"more-link\">Continuar leyendo<span class=\"screen-reader-text\"> \u00abLidia Peralta Garc\u00eda\u00bb<\/span><\/a><\/p>\n","protected":false},"author":299,"featured_media":0,"parent":0,"menu_order":0,"comment_status":"closed","ping_status":"closed","template":"","meta":{"footnotes":""},"class_list":["post-154","page","type-page","status-publish","hentry"],"_links":{"self":[{"href":"https:\/\/blog.uclm.es\/mediacom\/wp-json\/wp\/v2\/pages\/154","targetHints":{"allow":["GET"]}}],"collection":[{"href":"https:\/\/blog.uclm.es\/mediacom\/wp-json\/wp\/v2\/pages"}],"about":[{"href":"https:\/\/blog.uclm.es\/mediacom\/wp-json\/wp\/v2\/types\/page"}],"author":[{"embeddable":true,"href":"https:\/\/blog.uclm.es\/mediacom\/wp-json\/wp\/v2\/users\/299"}],"replies":[{"embeddable":true,"href":"https:\/\/blog.uclm.es\/mediacom\/wp-json\/wp\/v2\/comments?post=154"}],"version-history":[{"count":1,"href":"https:\/\/blog.uclm.es\/mediacom\/wp-json\/wp\/v2\/pages\/154\/revisions"}],"predecessor-version":[{"id":617,"href":"https:\/\/blog.uclm.es\/mediacom\/wp-json\/wp\/v2\/pages\/154\/revisions\/617"}],"wp:attachment":[{"href":"https:\/\/blog.uclm.es\/mediacom\/wp-json\/wp\/v2\/media?parent=154"}],"curies":[{"name":"wp","href":"https:\/\/api.w.org\/{rel}","templated":true}]}}