{"id":152,"date":"2019-10-09T09:35:51","date_gmt":"2019-10-09T08:35:51","guid":{"rendered":"http:\/\/blog.uclm.es\/mediacom\/?page_id=152"},"modified":"2022-11-03T17:40:10","modified_gmt":"2022-11-03T17:40:10","slug":"jose-reig-cruanes","status":"publish","type":"page","link":"https:\/\/blog.uclm.es\/mediacom\/jose-reig-cruanes\/","title":{"rendered":"Jos\u00e9 Reig Crua\u00f1es"},"content":{"rendered":"<p><img loading=\"lazy\" decoding=\"async\" class=\"aligncenter size-full wp-image-362\" src=\"https:\/\/blog.uclm.es\/mediacom\/wp-content\/uploads\/sites\/199\/2022\/03\/Pepe-1.jpg\" alt=\"\" width=\"300\" height=\"300\" srcset=\"https:\/\/blog.uclm.es\/mediacom\/wp-content\/uploads\/sites\/199\/2022\/03\/Pepe-1.jpg 300w, https:\/\/blog.uclm.es\/mediacom\/wp-content\/uploads\/sites\/199\/2022\/03\/Pepe-1-150x150.jpg 150w, https:\/\/blog.uclm.es\/mediacom\/wp-content\/uploads\/sites\/199\/2022\/03\/Pepe-1-100x100.jpg 100w\" sizes=\"auto, (max-width: 300px) 100vw, 300px\" \/><\/p>\n<p><span style=\"font-size: x-large\"><strong>Jos\u00e9 Reig Crua\u00f1es<\/strong><\/span><\/p>\n<p>Licenciado en Geograf\u00eda e Historia por la Universidad de Valencia y doctor en Historia por la Universitat d\u2019Alacant, con una tesis sobre <em>Opini\u00f3n p\u00fablica y comunicaci\u00f3n pol\u00edtica en la transici\u00f3n democr\u00e1tica <\/em>(1999). Posgrado en Biblioteconom\u00eda y Documentaci\u00f3n de la UA. Trabaj\u00f3 como documentalista en el Consell Assessor de RTVE de la Comunitat Valenciana. Profesor durante 17 a\u00f1os la Facultad de<br \/>\nCiencias Sociales y Jur\u00eddicas de la Universidad Cardenal Herrera-CEU de Valencia. Colaborador en el blog <em>AL REV\u00c9S Y AL DERECHO<\/em> del diario digital <em>INFOLIBRE <\/em>y en la revista digital<em> Ojos de<br \/>\nHipatia<\/em>. Secretario de la Asociaci\u00f3n de Historiadores de la Comunicaci\u00f3n (AHC) y miembro de la C\u00e1tedra Complutense de Memoria Hist\u00f3rica (CCMHSXX). Miembro del Consell de la Ciutadania de la Corporaci\u00f3 Valenciana de Mitjans de Comunicaci\u00f3 (CVMC).<\/p>\n","protected":false},"excerpt":{"rendered":"<p>Jos\u00e9 Reig Crua\u00f1es Licenciado en Geograf\u00eda e Historia por la Universidad de Valencia y doctor en Historia por la Universitat d\u2019Alacant, con una tesis sobre Opini\u00f3n p\u00fablica y comunicaci\u00f3n pol\u00edtica en la transici\u00f3n democr\u00e1tica (1999). Posgrado en Biblioteconom\u00eda y Documentaci\u00f3n de la UA. Trabaj\u00f3 como documentalista en el Consell Assessor de RTVE de la Comunitat &hellip; <\/p>\n<p class=\"link-more\"><a href=\"https:\/\/blog.uclm.es\/mediacom\/jose-reig-cruanes\/\" class=\"more-link\">Continuar leyendo<span class=\"screen-reader-text\"> \u00abJos\u00e9 Reig Crua\u00f1es\u00bb<\/span><\/a><\/p>\n","protected":false},"author":299,"featured_media":0,"parent":0,"menu_order":0,"comment_status":"closed","ping_status":"closed","template":"","meta":{"footnotes":""},"class_list":["post-152","page","type-page","status-publish","hentry"],"_links":{"self":[{"href":"https:\/\/blog.uclm.es\/mediacom\/wp-json\/wp\/v2\/pages\/152","targetHints":{"allow":["GET"]}}],"collection":[{"href":"https:\/\/blog.uclm.es\/mediacom\/wp-json\/wp\/v2\/pages"}],"about":[{"href":"https:\/\/blog.uclm.es\/mediacom\/wp-json\/wp\/v2\/types\/page"}],"author":[{"embeddable":true,"href":"https:\/\/blog.uclm.es\/mediacom\/wp-json\/wp\/v2\/users\/299"}],"replies":[{"embeddable":true,"href":"https:\/\/blog.uclm.es\/mediacom\/wp-json\/wp\/v2\/comments?post=152"}],"version-history":[{"count":1,"href":"https:\/\/blog.uclm.es\/mediacom\/wp-json\/wp\/v2\/pages\/152\/revisions"}],"predecessor-version":[{"id":624,"href":"https:\/\/blog.uclm.es\/mediacom\/wp-json\/wp\/v2\/pages\/152\/revisions\/624"}],"wp:attachment":[{"href":"https:\/\/blog.uclm.es\/mediacom\/wp-json\/wp\/v2\/media?parent=152"}],"curies":[{"name":"wp","href":"https:\/\/api.w.org\/{rel}","templated":true}]}}