{"id":140,"date":"2019-10-09T09:22:29","date_gmt":"2019-10-09T08:22:29","guid":{"rendered":"http:\/\/blog.uclm.es\/mediacom\/?page_id=140"},"modified":"2022-11-03T17:34:57","modified_gmt":"2022-11-03T17:34:57","slug":"raquel-gomez-rosado","status":"publish","type":"page","link":"https:\/\/blog.uclm.es\/mediacom\/raquel-gomez-rosado\/","title":{"rendered":"Raquel G\u00f3mez Rosado"},"content":{"rendered":"<p><img loading=\"lazy\" decoding=\"async\" class=\"aligncenter size-full wp-image-342\" src=\"https:\/\/blog.uclm.es\/mediacom\/wp-content\/uploads\/sites\/199\/2022\/03\/raquel.jpg\" alt=\"\" width=\"300\" height=\"300\" srcset=\"https:\/\/blog.uclm.es\/mediacom\/wp-content\/uploads\/sites\/199\/2022\/03\/raquel.jpg 300w, https:\/\/blog.uclm.es\/mediacom\/wp-content\/uploads\/sites\/199\/2022\/03\/raquel-150x150.jpg 150w, https:\/\/blog.uclm.es\/mediacom\/wp-content\/uploads\/sites\/199\/2022\/03\/raquel-100x100.jpg 100w\" sizes=\"auto, (max-width: 300px) 100vw, 300px\" \/><\/p>\n<p><span style=\"font-size: x-large\"><strong>Raquel G\u00f3mez Rosado<\/strong><\/span><\/p>\n<p>Profesora de Realizaci\u00f3n Audiovisual, Producci\u00f3n I y Producci\u00f3n II en la UCLM, Facultad de comunicaci\u00f3n (Cuenca). Pertenece al grupo de investigaci\u00f3n Sociolog\u00eda de la Comunicaci\u00f3n. Licenciada en CC de la informaci\u00f3n por la UCM y con un Bachelor of Arts en Media and Theater Arts de Montana State Univeristy-USA. Ha sido becada por distintas organizaciones internacionales para ampliar sus estudios cinematogr\u00e1ficos y teatrales en Francia, Italia, Argentina y EEUU, donde rueda sus primeros cortos.<\/p>\n<p>Fue coordinadora de estudios en la \u00fanica escuela de cine de Hait\u00ed: Cineinstitute. 2013-2015. Ayudando a arrancar e implantar el primer plan de estudios de este proyecto iniciado por Artist for Haiti y apoyado por profesionales de Hollywood como: Susan Sarandon, Ben Stiller y Paul Haggis. Ha dirigido talleres audiovisuales de Publicidad, Documental, Ficci\u00f3n y rodaje multic\u00e1mara, e impartido clases de Montaje en I.E.S. Puerta Bonita, Ondas Escolares, CES, Documenta Madrid y otros. Colaborando desde 2019 en el proyecto colombiano de formaci\u00f3n y cine comunitario HEK (Historias en Kil\u00f3metros). Su trayectoria profesional ha estado marcada por el mundo de las promos y el de la publicidad.<\/p>\n<p><a href=\"https:\/\/orcid.org\/0000-0002-1881-5203\">ORCiD<\/a><\/p>\n","protected":false},"excerpt":{"rendered":"<p>Raquel G\u00f3mez Rosado Profesora de Realizaci\u00f3n Audiovisual, Producci\u00f3n I y Producci\u00f3n II en la UCLM, Facultad de comunicaci\u00f3n (Cuenca). Pertenece al grupo de investigaci\u00f3n Sociolog\u00eda de la Comunicaci\u00f3n. Licenciada en CC de la informaci\u00f3n por la UCM y con un Bachelor of Arts en Media and Theater Arts de Montana State Univeristy-USA. Ha sido becada &hellip; <\/p>\n<p class=\"link-more\"><a href=\"https:\/\/blog.uclm.es\/mediacom\/raquel-gomez-rosado\/\" class=\"more-link\">Continuar leyendo<span class=\"screen-reader-text\"> \u00abRaquel G\u00f3mez Rosado\u00bb<\/span><\/a><\/p>\n","protected":false},"author":299,"featured_media":0,"parent":0,"menu_order":0,"comment_status":"closed","ping_status":"closed","template":"","meta":{"footnotes":""},"class_list":["post-140","page","type-page","status-publish","hentry"],"_links":{"self":[{"href":"https:\/\/blog.uclm.es\/mediacom\/wp-json\/wp\/v2\/pages\/140","targetHints":{"allow":["GET"]}}],"collection":[{"href":"https:\/\/blog.uclm.es\/mediacom\/wp-json\/wp\/v2\/pages"}],"about":[{"href":"https:\/\/blog.uclm.es\/mediacom\/wp-json\/wp\/v2\/types\/page"}],"author":[{"embeddable":true,"href":"https:\/\/blog.uclm.es\/mediacom\/wp-json\/wp\/v2\/users\/299"}],"replies":[{"embeddable":true,"href":"https:\/\/blog.uclm.es\/mediacom\/wp-json\/wp\/v2\/comments?post=140"}],"version-history":[{"count":1,"href":"https:\/\/blog.uclm.es\/mediacom\/wp-json\/wp\/v2\/pages\/140\/revisions"}],"predecessor-version":[{"id":616,"href":"https:\/\/blog.uclm.es\/mediacom\/wp-json\/wp\/v2\/pages\/140\/revisions\/616"}],"wp:attachment":[{"href":"https:\/\/blog.uclm.es\/mediacom\/wp-json\/wp\/v2\/media?parent=140"}],"curies":[{"name":"wp","href":"https:\/\/api.w.org\/{rel}","templated":true}]}}