{"id":131,"date":"2019-10-08T10:04:22","date_gmt":"2019-10-08T09:04:22","guid":{"rendered":"http:\/\/blog.uclm.es\/mediacom\/?page_id=131"},"modified":"2022-11-03T17:34:16","modified_gmt":"2022-11-03T17:34:16","slug":"belen-galletero-campos","status":"publish","type":"page","link":"https:\/\/blog.uclm.es\/mediacom\/belen-galletero-campos\/","title":{"rendered":"Bel\u00e9n Galletero Campos"},"content":{"rendered":"<p><img loading=\"lazy\" decoding=\"async\" class=\"aligncenter size-full wp-image-361\" src=\"https:\/\/blog.uclm.es\/mediacom\/wp-content\/uploads\/sites\/199\/2022\/03\/belen.jpg\" alt=\"\" width=\"300\" height=\"300\" srcset=\"https:\/\/blog.uclm.es\/mediacom\/wp-content\/uploads\/sites\/199\/2022\/03\/belen.jpg 300w, https:\/\/blog.uclm.es\/mediacom\/wp-content\/uploads\/sites\/199\/2022\/03\/belen-150x150.jpg 150w, https:\/\/blog.uclm.es\/mediacom\/wp-content\/uploads\/sites\/199\/2022\/03\/belen-100x100.jpg 100w\" sizes=\"auto, (max-width: 300px) 100vw, 300px\" \/><\/p>\n<p><span style=\"font-size: x-large\"><strong>Bel\u00e9n Galletero Campos<\/strong><\/span><\/p>\n<p>Licenciada en Periodismo por la Universidad de Navarra, experta en Guion para Televisi\u00f3n y Cine por la Universidad Pontificia de Salamanca, m\u00e1ster en Comunicaci\u00f3n Pol\u00edtica y Empresarial por la Universidad Camilo Jos\u00e9 Cela, y doctora por la Universidad de Castilla-La Mancha (UCLM). Desde 2015, trabaja como docente e investigadora a tiempo completo en Facultad de Comunicaci\u00f3n de la UCLM, donde imparte asignaturas del \u00e1rea de Redacci\u00f3n Period\u00edstica. En 2018 obtuvo financiaci\u00f3n del Instituto de la Mujer de Castilla-La Mancha en una convocatoria competitiva para dirigir un proyecto de investigaci\u00f3n sobre la situaci\u00f3n sociolaboral de la mujer periodista en esta comunidad aut\u00f3noma. En 2021 de nuevo ha liderado un proyecto con perspectiva de g\u00e9nero, centrado en el contenido de opini\u00f3n de los medios regionales. Sus intereses de investigaci\u00f3n son la estructura de medios en Castilla-La Mancha, la televisi\u00f3n p\u00fablica y el periodismo de proximidad.<\/p>\n<p><a href=\"https:\/\/orcid.org\/0000-0002-9549-9507\">ORCiD<\/a><\/p>\n","protected":false},"excerpt":{"rendered":"<p>Bel\u00e9n Galletero Campos Licenciada en Periodismo por la Universidad de Navarra, experta en Guion para Televisi\u00f3n y Cine por la Universidad Pontificia de Salamanca, m\u00e1ster en Comunicaci\u00f3n Pol\u00edtica y Empresarial por la Universidad Camilo Jos\u00e9 Cela, y doctora por la Universidad de Castilla-La Mancha (UCLM). Desde 2015, trabaja como docente e investigadora a tiempo completo &hellip; <\/p>\n<p class=\"link-more\"><a href=\"https:\/\/blog.uclm.es\/mediacom\/belen-galletero-campos\/\" class=\"more-link\">Continuar leyendo<span class=\"screen-reader-text\"> \u00abBel\u00e9n Galletero Campos\u00bb<\/span><\/a><\/p>\n","protected":false},"author":299,"featured_media":0,"parent":0,"menu_order":0,"comment_status":"closed","ping_status":"closed","template":"","meta":{"footnotes":""},"class_list":["post-131","page","type-page","status-publish","hentry"],"_links":{"self":[{"href":"https:\/\/blog.uclm.es\/mediacom\/wp-json\/wp\/v2\/pages\/131","targetHints":{"allow":["GET"]}}],"collection":[{"href":"https:\/\/blog.uclm.es\/mediacom\/wp-json\/wp\/v2\/pages"}],"about":[{"href":"https:\/\/blog.uclm.es\/mediacom\/wp-json\/wp\/v2\/types\/page"}],"author":[{"embeddable":true,"href":"https:\/\/blog.uclm.es\/mediacom\/wp-json\/wp\/v2\/users\/299"}],"replies":[{"embeddable":true,"href":"https:\/\/blog.uclm.es\/mediacom\/wp-json\/wp\/v2\/comments?post=131"}],"version-history":[{"count":1,"href":"https:\/\/blog.uclm.es\/mediacom\/wp-json\/wp\/v2\/pages\/131\/revisions"}],"predecessor-version":[{"id":615,"href":"https:\/\/blog.uclm.es\/mediacom\/wp-json\/wp\/v2\/pages\/131\/revisions\/615"}],"wp:attachment":[{"href":"https:\/\/blog.uclm.es\/mediacom\/wp-json\/wp\/v2\/media?parent=131"}],"curies":[{"name":"wp","href":"https:\/\/api.w.org\/{rel}","templated":true}]}}