{"id":87,"date":"2017-07-19T08:59:25","date_gmt":"2017-07-19T07:59:25","guid":{"rendered":"http:\/\/blogdev.uclm.es\/marianoamo\/?page_id=87"},"modified":"2024-01-25T10:02:29","modified_gmt":"2024-01-25T09:02:29","slug":"enlaces","status":"publish","type":"page","link":"https:\/\/blog.uclm.es\/marianoamo\/enlaces\/","title":{"rendered":"Enlaces"},"content":{"rendered":"<ul>\n<li><a href=\"https:\/\/www.uclm.es\/\" target=\"_blank\" rel=\"noopener\">Universidad de Castilla-La Mancha (UCLM)<\/a><\/li>\n<li><a href=\"https:\/\/www.uclm.es\/grupos\/oed\" target=\"_blank\" rel=\"noopener\">Grupo de Dise\u00f1o \u00d3ptimo de Experimentos (OED group)<\/a><\/li>\n<li><a href=\"https:\/\/www.uclm.es\/ciudad-real\/medicina\/\">Facultad de Medicina de Ciudad Real<\/a><\/li>\n<li><a href=\"https:\/\/www.uclm.es\/centros-investigacion\/imaci\" target=\"_blank\" rel=\"noopener\">Instituto de Matem\u00e1tica Aplicada a la Ciencia y la Ingenier\u00eda (IMACI)<\/a><\/li>\n<li><a href=\"https:\/\/www.uclm.es\/departamentos\/matematicas\" target=\"_blank\" rel=\"noopener\">Departamento de Matem\u00e1ticas<\/a><\/li>\n<li><a href=\"https:\/\/www.seio.es\/home\/\">Sociedad de Estad\u00edstica e Investigaci\u00f3n Operativa (SEIO)<\/a><\/li>\n<li><a href=\"https:\/\/biostatnet.com\/\" target=\"_blank\" rel=\"noopener\">Red Nacional de Bioestad\u00edstica (BIOSTATNET)<\/a><\/li>\n<\/ul>\n","protected":false},"excerpt":{"rendered":"<p>Universidad de Castilla-La Mancha (UCLM) Grupo de Dise\u00f1o \u00d3ptimo de Experimentos (OED group) Facultad de Medicina de Ciudad Real Instituto de Matem\u00e1tica Aplicada a la Ciencia y la Ingenier\u00eda (IMACI) Departamento de Matem\u00e1ticas Sociedad de Estad\u00edstica e Investigaci\u00f3n Operativa (SEIO) Red Nacional de Bioestad\u00edstica (BIOSTATNET)<\/p>\n","protected":false},"author":106,"featured_media":0,"parent":0,"menu_order":0,"comment_status":"closed","ping_status":"closed","template":"","meta":{"footnotes":""},"class_list":["post-87","page","type-page","status-publish","hentry"],"_links":{"self":[{"href":"https:\/\/blog.uclm.es\/marianoamo\/wp-json\/wp\/v2\/pages\/87","targetHints":{"allow":["GET"]}}],"collection":[{"href":"https:\/\/blog.uclm.es\/marianoamo\/wp-json\/wp\/v2\/pages"}],"about":[{"href":"https:\/\/blog.uclm.es\/marianoamo\/wp-json\/wp\/v2\/types\/page"}],"author":[{"embeddable":true,"href":"https:\/\/blog.uclm.es\/marianoamo\/wp-json\/wp\/v2\/users\/106"}],"replies":[{"embeddable":true,"href":"https:\/\/blog.uclm.es\/marianoamo\/wp-json\/wp\/v2\/comments?post=87"}],"version-history":[{"count":4,"href":"https:\/\/blog.uclm.es\/marianoamo\/wp-json\/wp\/v2\/pages\/87\/revisions"}],"predecessor-version":[{"id":580,"href":"https:\/\/blog.uclm.es\/marianoamo\/wp-json\/wp\/v2\/pages\/87\/revisions\/580"}],"wp:attachment":[{"href":"https:\/\/blog.uclm.es\/marianoamo\/wp-json\/wp\/v2\/media?parent=87"}],"curies":[{"name":"wp","href":"https:\/\/api.w.org\/{rel}","templated":true}]}}