{"id":81,"date":"2017-07-19T08:57:58","date_gmt":"2017-07-19T07:57:58","guid":{"rendered":"http:\/\/blogdev.uclm.es\/marianoamo\/?page_id=81"},"modified":"2024-01-25T09:57:17","modified_gmt":"2024-01-25T08:57:17","slug":"investigacion","status":"publish","type":"page","link":"https:\/\/blog.uclm.es\/marianoamo\/investigacion\/","title":{"rendered":"Investigaci\u00f3n"},"content":{"rendered":"<p>L\u00edneas de investigaci\u00f3n.<\/p>\n<ul>\n<li><span class=\"negrita\">Dise\u00f1o \u00d3ptimo de Experimentos.\u00a0<\/span><\/li>\n<li><span class=\"negrita\">Modelizaci\u00f3n Biol\u00f3gica.\u00a0<\/span><\/li>\n<li><span class=\"negrita\">Bioestad\u00edstica.\u00a0<\/span><\/li>\n<li><span class=\"negrita\">Estad\u00edstica Aplicada.\u00a0<\/span><\/li>\n<\/ul>\n<p>Proyectos.<\/p>\n<ul>\n<li style=\"list-style-type: none\">\n<ul>\n<li>T\u00edtulo: Construcci\u00f3n de dise\u00f1os \u00f3ptimos de experimentos para modelos no lineales.<br \/>\nInvestigador Principal: Prof. Jes\u00fas L\u00f3pez Fidalgo.<br \/>\nEntidad: Junta de Comunidades de Castilla-La Mancha.<br \/>\nPeriodo: 2007-2009.<\/li>\n<li>T\u00edtulo: Dise\u00f1o \u00f3ptimo de experimentos para modelos no lineales con aplicaciones a la bioestad\u00edstica, medioambiente, biocin\u00e9tica, ingenier\u00eda, ciencias agrarias y ciencias sociales.<br \/>\nInvestigador Principal: Prof. Jes\u00fas L\u00f3pez-Fidalgo (UCLM) y Dr. Isabel Ort\u00edz Rodr\u00edguez (UAL).<br \/>\nEntidad: Ministerio de Educaci\u00f3n y Ciencia.<br \/>\nPeriodo: 2008-2010.<\/li>\n<li>T\u00edtulo: Dise\u00f1o y an\u00e1lisis de modelos de retenci\u00f3n de la radiaci\u00f3n en el cuerpo humano.<br \/>\nInvestigador Principal: Prof. Jes\u00fas L\u00f3pez Fidalgo.<br \/>\nEntidad: Universidad de Castilla-La Mancha.<br \/>\nPeriodo: 2008-2010.<\/li>\n<li>T\u00edtulo: Construcci\u00f3n de dise\u00f1os \u00f3ptimos de experimentos para modelos no lineales.<br \/>\nInvestigador Principal: Prof. Jes\u00fas L\u00f3pez Fidalgo.<br \/>\nEntidad: Junta de Comunidades de Castilla-La Mancha.<br \/>\nPeriodo: 2010-2013.<\/li>\n<li>T\u00edtulo: Dise\u00f1o \u00f3ptimo de experimentos para modelos no lineales con aplicaciones a la bioestad\u00edstica, medioambiente, biocin\u00e9tica, ingenier\u00eda, ciencias agrarias y ciencias sociales.<br \/>\nInvestigador Principal: Prof. Jes\u00fas L\u00f3pez-Fidalgo (UCLM) y Dr. Isabel Ort\u00edz Rodr\u00edguez (UAL).<br \/>\nEntidad: Ministerio de Educaci\u00f3n y Ciencia.<br \/>\nPeriodo: 2011-2013.<\/li>\n<li>T\u00edtulo: Dise\u00f1os experimentales para modelos no lineales con aplicaciones a la ciencia y a la ingenier\u00eda.<br \/>\nInvestigador Principal: Prof. Jes\u00fas L\u00f3pez-Fidalgo (UCLM).<br \/>\nEntidad: Ministerio de Econom\u00eda y Competitividad.<br \/>\nPeriodo: 2014-2016.<\/li>\n<li>T\u00edtulo: Dise\u00f1o \u00f3ptimo de experimentos aplicado a la salud y a la investigaci\u00f3n en seguridad.<br \/>\nInvestigador Principal: Dr. Ra\u00fal Mart\u00edn Mart\u00edn (UCLM) y Dr. Mariano Amo Salas (UCLM).<br \/>\nEntidad: Ministerio de Econom\u00eda, Industria y Competitividad.<br \/>\nPeriodo: 2016-2020.<\/li>\n<li>T\u00edtulo: Dise\u00f1o \u00f3ptimo de experimentos aplicado a la\u00a0industria agroalimentaria, farmace\u00fatica y\u00a0metalmec\u00e1nica.<br \/>\nInvestigador Principal: Dr. Ra\u00fal Mart\u00edn Mart\u00edn (UCLM) y Dr. Mariano Amo Salas (UCLM).<br \/>\nEntidad: Junta de Comunidades de Castilla-La Mancha.<br \/>\nPeriodo: 2018-2021.<\/li>\n<li>T\u00edtulo: Dise\u00f1os Experimentales en Investigaci\u00f3n Industrial Salud y Tratamiento de Grandes Cantidades de Datos.<br \/>\nInvestigador Principal: Prof. Jes\u00fas L\u00f3pez-Fidalgo (UNAV) y Dr. Ra\u00fal Mart\u00edn Mart\u00edn (UCLM).<br \/>\nEntidad: Agencia Estatal de Investigaci\u00f3n.<br \/>\nPeriodo: 2021-2025.<\/li>\n<li>T\u00edtulo: Estrategias de Planificaci\u00f3n \u00d3ptima de Procesos Industriales, Agroalimentarios, de Salud y Calidad de Vida.<br \/>\nInvestigador Principal: Dr. Mariano Amo Salas (UCLM) y Dra. Irene Garc\u00eda-Camacha Guti\u00e9rrez (UCLM).<br \/>\nEntidad: Junta de Comunidades de Castilla-La Mancha.<br \/>\nPeriodo: 2022-2025.<\/li>\n<\/ul>\n<\/li>\n<\/ul>\n<p>Tesis dirigidas.<\/p>\n<ul>\n<li style=\"list-style-type: none\">\n<ul>\n<li>Doctoranda: Elvira Delgado M\u00e1rquez.<br \/>\nT\u00edtulo: Dise\u00f1o \u00f3ptimo de experimentos para modelos de flujo de part\u00edculas.<br \/>\nFecha: 30\/11\/2015.<br \/>\nCalificaci\u00f3n: Sobresaliente CUM LAUDE (menci\u00f3n internacional).<\/li>\n<li>Doctoranda: Sergio Pozuelo Campos.<br \/>\nT\u00edtulo: Estudio de la distribuci\u00f3n de probabilidad en el dise\u00f1o \u00f3ptimo de experimentos.<br \/>\nFecha: 18\/03\/2022.<br \/>\nCalificaci\u00f3n: Sobresaliente CUM LAUDE.<\/li>\n<\/ul>\n<\/li>\n<\/ul>\n","protected":false},"excerpt":{"rendered":"<p>L\u00edneas de investigaci\u00f3n. Dise\u00f1o \u00d3ptimo de Experimentos.\u00a0 Modelizaci\u00f3n Biol\u00f3gica.\u00a0 Bioestad\u00edstica.\u00a0 Estad\u00edstica Aplicada.\u00a0 Proyectos. T\u00edtulo: Construcci\u00f3n de dise\u00f1os \u00f3ptimos de experimentos para modelos no lineales. Investigador Principal: Prof. Jes\u00fas L\u00f3pez Fidalgo. Entidad: Junta de Comunidades de Castilla-La Mancha. Periodo: 2007-2009. T\u00edtulo: Dise\u00f1o \u00f3ptimo de experimentos para modelos no lineales con aplicaciones a la bioestad\u00edstica, medioambiente, biocin\u00e9tica, [&hellip;]<\/p>\n","protected":false},"author":106,"featured_media":0,"parent":0,"menu_order":0,"comment_status":"closed","ping_status":"closed","template":"page-templates\/full-width.php","meta":{"footnotes":""},"class_list":["post-81","page","type-page","status-publish","hentry"],"_links":{"self":[{"href":"https:\/\/blog.uclm.es\/marianoamo\/wp-json\/wp\/v2\/pages\/81","targetHints":{"allow":["GET"]}}],"collection":[{"href":"https:\/\/blog.uclm.es\/marianoamo\/wp-json\/wp\/v2\/pages"}],"about":[{"href":"https:\/\/blog.uclm.es\/marianoamo\/wp-json\/wp\/v2\/types\/page"}],"author":[{"embeddable":true,"href":"https:\/\/blog.uclm.es\/marianoamo\/wp-json\/wp\/v2\/users\/106"}],"replies":[{"embeddable":true,"href":"https:\/\/blog.uclm.es\/marianoamo\/wp-json\/wp\/v2\/comments?post=81"}],"version-history":[{"count":4,"href":"https:\/\/blog.uclm.es\/marianoamo\/wp-json\/wp\/v2\/pages\/81\/revisions"}],"predecessor-version":[{"id":577,"href":"https:\/\/blog.uclm.es\/marianoamo\/wp-json\/wp\/v2\/pages\/81\/revisions\/577"}],"wp:attachment":[{"href":"https:\/\/blog.uclm.es\/marianoamo\/wp-json\/wp\/v2\/media?parent=81"}],"curies":[{"name":"wp","href":"https:\/\/api.w.org\/{rel}","templated":true}]}}