{"id":78,"date":"2017-07-19T08:56:09","date_gmt":"2017-07-19T07:56:09","guid":{"rendered":"http:\/\/blogdev.uclm.es\/marianoamo\/?page_id=78"},"modified":"2024-01-25T09:56:27","modified_gmt":"2024-01-25T08:56:27","slug":"docencia","status":"publish","type":"page","link":"https:\/\/blog.uclm.es\/marianoamo\/docencia\/","title":{"rendered":"Docencia"},"content":{"rendered":"<p>Facultad de Medicina<\/p>\n<ul>\n<li>Bioestad\u00edstica: Fundamentos y Aplicaci\u00f3n en Medicina. (1\u00ba curso)<\/li>\n<li>Fundamentos de Investigaci\u00f3n en Medicina. (1\u00ba curso)<\/li>\n<li>Epidemiolog\u00eda y Salud P\u00fablica en el siglo XXI. (3\u00ba curso)<\/li>\n<\/ul>\n<p>M\u00e1ster oficial<\/p>\n<ul>\n<li>Bioestad\u00edstica y Bioinform\u00e1tica. M\u00e1ster de F\u00edsica y Matem\u00e1ticas (FisyMat).<\/li>\n<\/ul>\n<p>Otras asignaturas impartidas anteriormente<\/p>\n<ul>\n<li>Dise\u00f1o de Sistemas de Producci\u00f3n Log\u00edstica. M\u00e1ster de Ingeniero Industrial.<\/li>\n<li>Innovaci\u00f3n Docente en las Ciencias. M\u00e1ster Universitario en Profesor de Educaci\u00f3n Secundaria Obligatoria y Bachillerato, Formaci\u00f3n Profesional y Ense\u00f1anza de Idiomas.<\/li>\n<li>Estad\u00edstica y M\u00e9todos Computacionales. Escuela de Ingenieros Agr\u00f3nomos.<\/li>\n<li>M\u00e9todos Estad\u00edsticos en Ingenier\u00eda. E.T.S. Ingenier\u00eda Industrial.<\/li>\n<li>T\u00e9cnicas de Calidad Total. E.T.S. Ingenier\u00eda Industrial.<\/li>\n<li>Ecuaciones en Derivadas Parciales. E.T.S. Ingenier\u00eda Industrial.<\/li>\n<li>\u00c1lgebra. E.T.S. Ingenier\u00eda Industrial.<\/li>\n<li>Matem\u00e1ticas II. E.U.T. Ingenier\u00eda T\u00e9cnica Agr\u00edcola. Universidad de Castilla-La Mancha.<\/li>\n<\/ul>\n","protected":false},"excerpt":{"rendered":"<p>Facultad de Medicina Bioestad\u00edstica: Fundamentos y Aplicaci\u00f3n en Medicina. (1\u00ba curso) Fundamentos de Investigaci\u00f3n en Medicina. (1\u00ba curso) Epidemiolog\u00eda y Salud P\u00fablica en el siglo XXI. (3\u00ba curso) M\u00e1ster oficial Bioestad\u00edstica y Bioinform\u00e1tica. M\u00e1ster de F\u00edsica y Matem\u00e1ticas (FisyMat). Otras asignaturas impartidas anteriormente Dise\u00f1o de Sistemas de Producci\u00f3n Log\u00edstica. M\u00e1ster de Ingeniero Industrial. Innovaci\u00f3n Docente [&hellip;]<\/p>\n","protected":false},"author":106,"featured_media":0,"parent":0,"menu_order":0,"comment_status":"closed","ping_status":"closed","template":"page-templates\/full-width.php","meta":{"footnotes":""},"class_list":["post-78","page","type-page","status-publish","hentry"],"_links":{"self":[{"href":"https:\/\/blog.uclm.es\/marianoamo\/wp-json\/wp\/v2\/pages\/78","targetHints":{"allow":["GET"]}}],"collection":[{"href":"https:\/\/blog.uclm.es\/marianoamo\/wp-json\/wp\/v2\/pages"}],"about":[{"href":"https:\/\/blog.uclm.es\/marianoamo\/wp-json\/wp\/v2\/types\/page"}],"author":[{"embeddable":true,"href":"https:\/\/blog.uclm.es\/marianoamo\/wp-json\/wp\/v2\/users\/106"}],"replies":[{"embeddable":true,"href":"https:\/\/blog.uclm.es\/marianoamo\/wp-json\/wp\/v2\/comments?post=78"}],"version-history":[{"count":2,"href":"https:\/\/blog.uclm.es\/marianoamo\/wp-json\/wp\/v2\/pages\/78\/revisions"}],"predecessor-version":[{"id":576,"href":"https:\/\/blog.uclm.es\/marianoamo\/wp-json\/wp\/v2\/pages\/78\/revisions\/576"}],"wp:attachment":[{"href":"https:\/\/blog.uclm.es\/marianoamo\/wp-json\/wp\/v2\/media?parent=78"}],"curies":[{"name":"wp","href":"https:\/\/api.w.org\/{rel}","templated":true}]}}