{"id":81,"date":"2016-05-16T23:52:22","date_gmt":"2016-05-16T22:52:22","guid":{"rendered":"http:\/\/blog.uclm.es\/marialozano\/?page_id=81"},"modified":"2016-05-16T23:52:22","modified_gmt":"2016-05-16T22:52:22","slug":"phd-theses-supervised","status":"publish","type":"page","link":"https:\/\/blog.uclm.es\/marialozano\/research\/phd-theses-supervised\/","title":{"rendered":"PhD Theses Supervised"},"content":{"rendered":"<p><strong>PhD Theses Supervised: <\/strong><\/p>\n<p>1. TITULO: Soluci\u00f3n Integral para Mejorar la Colaboraci\u00f3n y el Awareness en Entornos Healthcare Ubicuos y Sensibles al Contexto<br \/>\n   DOCTORANDO: D. Juan Enrique Garrido Navarro<br \/>\n   UNIVERSIDAD: UNIVERSIDAD DE CASTILLA-LA MANCHA<br \/>\n   FACULTAD\/ESCUELA:    ESCUELA SUPERIOR DE INGENIER\u00cdA INFORM\u00c1TICA DE ALBACETE<br \/>\n   PROGRAMA DE DOCTORADO: Tecnolog\u00edas Inform\u00e1ticas Avanzadas. Menci\u00f3n hacia la Excelencia: MEE2011-0177<br \/>\n   CALIFICACION: SOBRESALIENTE (Doctorado con Menci\u00f3n Internacional)<br \/>\n   A\u00d1O: Julio, 2014<\/p>\n<p>2. TITULO: CAUCE: Model-driven development of Context-aware Applications for Ubiquitous Computing Environments<br \/>\n   DOCTORANDO: D. Ricardo Tesoriero<br \/>\n   UNIVERSIDAD: UNIVERSIDAD DE CASTILLA-LA MANCHA<br \/>\n   FACULTAD\/ESCUELA: ESCUELA SUPERIOR DE INGENIER\u00cdA INFORM\u00c1TICA DE ALBACETE<br \/>\n   PROGRAMA DE DOCTORADO: Tecnolog\u00edas Inform\u00e1ticas Avanzadas. Menci\u00f3n de Calidad: MCD2006-00423<br \/>\n   CALIFICACION: SOBRESALIENTE CUM LAUDE (Doctorado con Menci\u00f3n Internacional)<br \/>\n   A\u00d1O: Diciembre, 2009 <\/p>\n<p>3. TITULO: Modelo de Proceso para el Desarrollo de Interfaces en Entornos CSCW Centrado en los Usuarios y Dirigido por Tareas<br \/>\n   DOCTORANDO: D. V\u00edctor Manuel Ruiz Penichet<br \/>\n   UNIVERSIDAD: UNIVERSIDAD DE CASTILLA-LA MANCHA<br \/>\n   FACULTAD\/ESCUELA: ESCUELA SUPERIOR DE INGENIER\u00cdA INFORM\u00c1TICA DE ALBACETE<br \/>\n   PROGRAMA DE DOCTORADO: Arquitectura y Gesti\u00f3n de la Informaci\u00f3n y del Conocimiento en Sistemas en Red. Menci\u00f3n de Calidad: MCD2003-00768<br \/>\n   CALIFICACION: SOBRESALIENTE CUM LAUDE (Doctorado con Menci\u00f3n Internacional)<br \/>\n   A\u00d1O: Noviembre, 2007 <\/p>\n<p>4. TITULO: Integraci\u00f3n de Calidad y Experiencia en el Desarrollo de Interfaces de Usuario dirigido por Modelos<br \/>\n   DOCTORANDO: D. Francisco Montero Simarro<br \/>\n   UNIVERSIDAD: UNIVERSIDAD DE CASTILLA-LA MANCHA<br \/>\n   FACULTAD\/ESCUELA:    ESCUELA SUPERIOR DE INGENIER\u00cdA INFORM\u00c1TICA DE ALBACETE<br \/>\n   PROGRAMA DE DOCTORADO: Arquitectura y Gesti\u00f3n de la Informaci\u00f3n y del Conocimiento en Sistemas en Red. Menci\u00f3n de Calidad: MCD2003-00768<br \/>\n   CALIFICACION: SOBRESALIENTE CUM LAUDE (Doctorado con Menci\u00f3n Internacional)<br \/>\n   A\u00d1O: Octubre, 2005 <\/p>\n<p>5. TITULO: Framework para el desarrollo de sistemas interactivos basados en DUIs y m\u00faltiples dispositivos<br \/>\n   DOCTORANDO: D\u00f1a. Elena de la Gu\u00eda Cantero<br \/>\n   UNIVERSIDAD: UNIVERSIDAD DE CASTILLA-LA MANCHA<br \/>\n   FACULTAD\/ESCUELA: Escuela Superior de Ingenier\u00eda Inform\u00e1tica de Albacete<br \/>\n   A\u00d1O: In progress\t<\/p>\n<p>6. TITULO: Nuevas T\u00e9cnicas de Interacci\u00f3n Basada en Movimiento Aplicadas a Procesos de Rehabilitaci\u00f3n<br \/>\n   DOCTORANDO: D. Jose Antonio Fern\u00e1ndez Valls<br \/>\n   UNIVERSIDAD: UNIVERSIDAD DE CASTILLA-LA MANCHA<br \/>\n   FACULTAD\/ESCUELA: Escuela Superior de Ingenier\u00eda Inform\u00e1tica de Albacete<br \/>\n   A\u00d1O: In progress <\/p>\n","protected":false},"excerpt":{"rendered":"<p>PhD Theses Supervised: 1. TITULO: Soluci\u00f3n Integral para Mejorar la Colaboraci\u00f3n y el Awareness en Entornos Healthcare Ubicuos y Sensibles al Contexto DOCTORANDO: D. Juan Enrique Garrido Navarro UNIVERSIDAD: UNIVERSIDAD DE CASTILLA-LA MANCHA FACULTAD\/ESCUELA: ESCUELA SUPERIOR DE INGENIER\u00cdA INFORM\u00c1TICA DE ALBACETE PROGRAMA DE DOCTORADO: Tecnolog\u00edas Inform\u00e1ticas Avanzadas. Menci\u00f3n hacia la Excelencia: MEE2011-0177 CALIFICACION: SOBRESALIENTE (Doctorado &hellip; <a href=\"https:\/\/blog.uclm.es\/marialozano\/research\/phd-theses-supervised\/\" class=\"more-link\">Seguir leyendo <span class=\"screen-reader-text\">PhD Theses Supervised<\/span> <span class=\"meta-nav\">&rarr;<\/span><\/a><\/p>\n","protected":false},"author":86,"featured_media":0,"parent":100,"menu_order":0,"comment_status":"closed","ping_status":"closed","template":"","meta":{"footnotes":""},"class_list":["post-81","page","type-page","status-publish","hentry"],"_links":{"self":[{"href":"https:\/\/blog.uclm.es\/marialozano\/wp-json\/wp\/v2\/pages\/81","targetHints":{"allow":["GET"]}}],"collection":[{"href":"https:\/\/blog.uclm.es\/marialozano\/wp-json\/wp\/v2\/pages"}],"about":[{"href":"https:\/\/blog.uclm.es\/marialozano\/wp-json\/wp\/v2\/types\/page"}],"author":[{"embeddable":true,"href":"https:\/\/blog.uclm.es\/marialozano\/wp-json\/wp\/v2\/users\/86"}],"replies":[{"embeddable":true,"href":"https:\/\/blog.uclm.es\/marialozano\/wp-json\/wp\/v2\/comments?post=81"}],"version-history":[{"count":0,"href":"https:\/\/blog.uclm.es\/marialozano\/wp-json\/wp\/v2\/pages\/81\/revisions"}],"up":[{"embeddable":true,"href":"https:\/\/blog.uclm.es\/marialozano\/wp-json\/wp\/v2\/pages\/100"}],"wp:attachment":[{"href":"https:\/\/blog.uclm.es\/marialozano\/wp-json\/wp\/v2\/media?parent=81"}],"curies":[{"name":"wp","href":"https:\/\/api.w.org\/{rel}","templated":true}]}}