{"id":65,"date":"2016-05-16T23:09:16","date_gmt":"2016-05-16T22:09:16","guid":{"rendered":"http:\/\/blog.uclm.es\/marialozano\/?page_id=65"},"modified":"2016-05-16T23:09:16","modified_gmt":"2016-05-16T22:09:16","slug":"teaching","status":"publish","type":"page","link":"https:\/\/blog.uclm.es\/marialozano\/teaching\/","title":{"rendered":"Teaching"},"content":{"rendered":"<p><strong>Teaching within the Degree in Computer Engineering: <\/strong><\/p>\n<p><a href=\"https:\/\/esiiab.uclm.es\/asig.php?codasig=42314&amp;curso=2015-16\" target=\"_blank\" rel=\"noopener\">Software Engineering I (English and Spanish groups) <\/a>  \/  <a href=\"https:\/\/guiae.uclm.es\/vistaPrevia\/20403\/999\" target=\"_blank\" rel=\"noopener\"><em>Teaching Guide (e-guide)<\/em><\/a><\/p>\n<p>       Core Subject. 2nd Year, 1st Semester<br \/>\n       6 ECTS (4 Theory + 2 Practice)<\/p>\n<p><strong>Dissertations and Master Theses \/ Trabajos Fin de Grado y Trabajos Fin de M\u00e1ster: <\/strong><\/p>\n<p><em>Current Academic Year 2015\/2016:<\/em><\/p>\n<p>\u2022  Control de ca\u00eddas y desmayos en casa. Alejandro L\u00f3pez Cardo. Julio 2016<\/p>\n<p>\u2022  Desarrollo de Aplicaci\u00f3n en Android para la Implementaci\u00f3n de Tecnolog\u00edas de Apoyo para Familiares y Pacientes afectados de Alzheimer. David Mar\u00edn Mart\u00ednez. Julio 2016<\/p>\n<p>\u2022  Herramienta de apoyo al desarrollo emocional para ni\u00f1os. Llanos Molina Dirusso. Julio 2016<\/p>\n<p>\u2022  Interfaces tangibles para facilitar el aprendizaje de personas con discapacidad. Jos\u00e9 Juan Iniesta T\u00e9bar. 2016<\/p>\n<p>\u2022  Plataforma de Recomendaci\u00f3n y Gesti\u00f3n de Cursos de Formaci\u00f3n. Carlos Vadillo Toledano. Julio 2016<\/p>\n<p>\u2022  Monitorizaci\u00f3n y gu\u00eda de ejercicios en Kinect a partir de ficheros de datos. Alberto Mora Plata. Enero 2016<\/p>\n<p><em>Last 5 years: <\/em><\/p>\n<p>\u2022  Distribuci\u00f3n de un CMS para el Investigador. Adri\u00e1n Castillo Dastis. Enero 2016 <\/p>\n<p>\u2022  Desarrollo de una aplicaci\u00f3n m\u00f3vil para el intercambio de recursos y conocimientos de Idiomas. Iris Lecegui Pereperez. Julio 2015<\/p>\n<p>\u2022  Serious Games en aplicaciones m\u00f3viles para terapias cognitivo-conductuales. Pilar de la Vara Belmonte. Julio 2015<\/p>\n<p>\u2022  Tecnolog\u00eda RFID de apoyo a la organizaci\u00f3n de un ni\u00f1o para un campamento. Angel Domingo Perea. Julio 2015<\/p>\n<p>\u2022  Dise\u00f1o e Implementaci\u00f3n de una Aplicaci\u00f3n Web de Servicios y Productos Ecol\u00f3gicos. Antonia S\u00e1nchez Mart\u00ednez. Julio 2014<\/p>\n<p>\u2022  Entorno Educativo basado en juegos colaborativos desarrollado para dispositivos t\u00e1ctiles con tecnolog\u00eda NFC. Rub\u00e9n Nieto Alba. Julio 2013<\/p>\n<p>\u2022  Desarrollo de una Aplicaci\u00f3n Android Basada en Interfaces de Usuario Distribuidas para la Coordinaci\u00f3n y Monitorizaci\u00f3n de Juegos Colaborativos. Luis Alberto Mart\u00ednez Garc\u00eda. Julio 2013<\/p>\n<p>\u2022  Estudio de las Necesidades Espec\u00edficas para un Laboratorio de Usabilidad. Mar\u00eda Trinidad G\u00f3mez L\u00f3pez. Julio 2013<\/p>\n<p>\u2022  Entorno multidispositivo basado en tecnolog\u00eda NFC para mejorar el desarrollo cognitivo de personas con deficiencia intelectual. Raquel Serrano Sarri\u00e1. Julio 2013<\/p>\n<p>\u2022  Modelo de Calidad en Uso para Interfaces de Usuario Distribuidas y Entornos multidispositivo. Nieves Garc\u00eda S\u00e1nchez. Julio 2013<\/p>\n<p>\u2022  Dise\u00f1o e Implementaci\u00f3n de una Intranet para la Mejora de la Interacci\u00f3n Profesor-Alumnos en un CRA. Mar\u00eda Isabel Fern\u00e1ndez L\u00f3pez. Julio 2013<\/p>\n<p>\u2022  An\u00e1lisis de Metodolog\u00edas \u00c1giles y Desarrollo de una herramienta para la Metodolog\u00eda SCRUM. Carlos Ruiz Aparicio. Enero 2013<\/p>\n<p>\u2022  Dise\u00f1o e Implementaci\u00f3n de una Intranet para un CRA: Implicaci\u00f3n Activa de los Padres como Tercer Elemento Educativo. Ver\u00f3nica Garc\u00eda Garc\u00eda. Septiembre 2012<\/p>\n<p>\u2022  Nuevas Tecnolog\u00edas Aplicadas a la Atenci\u00f3n de Personas Afectadas de Alzheimer. Francisco Vizca\u00edno Garc\u00eda. Septiembre 2012<\/p>\n<p>\u2022  Dise\u00f1o e Implementaci\u00f3n de un  Sistema basado en Android para mejorar la comunicaci\u00f3n en ambientes sanitarios sensibles al contexto. Miguel G\u00f3mez Jim\u00e9nez. Enero 2012<\/p>\n<p>\u2022  Sistema Interactivo Basado en Tecnolog\u00eda RFID Para la Estimulaci\u00f3n de Personas con Discapacidad Intelectual. Erica Gonz\u00e1lez Guti\u00e9rrez. Enero 2012<\/p>\n<p>\u2022  Sistema Interactivo basado en Tecnolog\u00eda RFID para la Mejora de la Atenci\u00f3n en Ni\u00f1os con TDAH. Yolanda Cotillas Aranda. Enero 2012<\/p>\n<p>\u2022  Despliegue y Evaluaci\u00f3n de una Intranet para la coordinaci\u00f3n docente entre profesores de un CRA. Carmen Rosa Useros Sierra. Julio 2011<\/p>\n<p>\u2022  Dise\u00f1o e Implementaci\u00f3n de un Sistema Ubicuo para Mejorar la Colaboraci\u00f3n y Coordinaci\u00f3n en un Centro Geri\u00e1trico. H\u00e9ctor Garc\u00eda Mart\u00ednez. Julio 2011<\/p>\n<p>\u2022  Propuesta de Nuevos Mecanismos para Mejorar la Colaboraci\u00f3n en Sistemas de e-Learning. Luisa Marina Fern\u00e1ndez Ru\u00edz. Julio 2011<\/p>\n<p>\u2022  Implantaci\u00f3n y despliegue de sistemas de e-learning. Estudio de caso. Jes\u00fas Lara Garc\u00eda. Diciembre 2010<\/p>\n","protected":false},"excerpt":{"rendered":"<p>Teaching within the Degree in Computer Engineering: Software Engineering I (English and Spanish groups) \/ Teaching Guide (e-guide) Core Subject. 2nd Year, 1st Semester 6 ECTS (4 Theory + 2 Practice) Dissertations and Master Theses \/ Trabajos Fin de Grado y Trabajos Fin de M\u00e1ster: Current Academic Year 2015\/2016: \u2022 Control de ca\u00eddas y desmayos &hellip; <a href=\"https:\/\/blog.uclm.es\/marialozano\/teaching\/\" class=\"more-link\">Seguir leyendo <span class=\"screen-reader-text\">Teaching<\/span> <span class=\"meta-nav\">&rarr;<\/span><\/a><\/p>\n","protected":false},"author":86,"featured_media":0,"parent":0,"menu_order":0,"comment_status":"closed","ping_status":"closed","template":"","meta":{"footnotes":""},"class_list":["post-65","page","type-page","status-publish","hentry"],"_links":{"self":[{"href":"https:\/\/blog.uclm.es\/marialozano\/wp-json\/wp\/v2\/pages\/65","targetHints":{"allow":["GET"]}}],"collection":[{"href":"https:\/\/blog.uclm.es\/marialozano\/wp-json\/wp\/v2\/pages"}],"about":[{"href":"https:\/\/blog.uclm.es\/marialozano\/wp-json\/wp\/v2\/types\/page"}],"author":[{"embeddable":true,"href":"https:\/\/blog.uclm.es\/marialozano\/wp-json\/wp\/v2\/users\/86"}],"replies":[{"embeddable":true,"href":"https:\/\/blog.uclm.es\/marialozano\/wp-json\/wp\/v2\/comments?post=65"}],"version-history":[{"count":0,"href":"https:\/\/blog.uclm.es\/marialozano\/wp-json\/wp\/v2\/pages\/65\/revisions"}],"wp:attachment":[{"href":"https:\/\/blog.uclm.es\/marialozano\/wp-json\/wp\/v2\/media?parent=65"}],"curies":[{"name":"wp","href":"https:\/\/api.w.org\/{rel}","templated":true}]}}