{"id":50,"date":"2016-05-16T17:33:31","date_gmt":"2016-05-16T16:33:31","guid":{"rendered":"http:\/\/blog.uclm.es\/marialozano\/?page_id=50"},"modified":"2016-05-16T17:33:31","modified_gmt":"2016-05-16T16:33:31","slug":"contact","status":"publish","type":"page","link":"https:\/\/blog.uclm.es\/marialozano\/contact\/","title":{"rendered":"Contact"},"content":{"rendered":"<p>Mar\u00eda Dolores Lozano P\u00e9rez<br \/>\nDepartamento de Sistemas Inform\u00e1ticos<br \/>\nEscuela Superior de Ingenier\u00eda Inform\u00e1tica<br \/>\nUniversidad de Castilla-La Mancha<br \/>\n02071 &#8211; ALBACETE<\/p>\n<p>Office: 0.C.13 <\/p>\n<p>Telephone: +34 967599200 Ext.: 2428<\/p>\n<p>email: maria.lozano(at)uclm.es <\/p>\n","protected":false},"excerpt":{"rendered":"<p>Mar\u00eda Dolores Lozano P\u00e9rez Departamento de Sistemas Inform\u00e1ticos Escuela Superior de Ingenier\u00eda Inform\u00e1tica Universidad de Castilla-La Mancha 02071 &#8211; ALBACETE Office: 0.C.13 Telephone: +34 967599200 Ext.: 2428 email: maria.lozano(at)uclm.es<\/p>\n","protected":false},"author":86,"featured_media":0,"parent":0,"menu_order":0,"comment_status":"closed","ping_status":"closed","template":"","meta":{"footnotes":""},"class_list":["post-50","page","type-page","status-publish","hentry"],"_links":{"self":[{"href":"https:\/\/blog.uclm.es\/marialozano\/wp-json\/wp\/v2\/pages\/50","targetHints":{"allow":["GET"]}}],"collection":[{"href":"https:\/\/blog.uclm.es\/marialozano\/wp-json\/wp\/v2\/pages"}],"about":[{"href":"https:\/\/blog.uclm.es\/marialozano\/wp-json\/wp\/v2\/types\/page"}],"author":[{"embeddable":true,"href":"https:\/\/blog.uclm.es\/marialozano\/wp-json\/wp\/v2\/users\/86"}],"replies":[{"embeddable":true,"href":"https:\/\/blog.uclm.es\/marialozano\/wp-json\/wp\/v2\/comments?post=50"}],"version-history":[{"count":0,"href":"https:\/\/blog.uclm.es\/marialozano\/wp-json\/wp\/v2\/pages\/50\/revisions"}],"wp:attachment":[{"href":"https:\/\/blog.uclm.es\/marialozano\/wp-json\/wp\/v2\/media?parent=50"}],"curies":[{"name":"wp","href":"https:\/\/api.w.org\/{rel}","templated":true}]}}