{"id":436,"date":"2025-06-09T14:25:27","date_gmt":"2025-06-09T12:25:27","guid":{"rendered":"https:\/\/blog.uclm.es\/mariafsalgado\/?page_id=436"},"modified":"2026-03-18T14:55:17","modified_gmt":"2026-03-18T13:55:17","slug":"hav-i","status":"publish","type":"page","link":"https:\/\/blog.uclm.es\/mariafsalgado\/hav-i\/","title":{"rendered":"HAV I"},"content":{"rendered":"\n<p class=\"has-small-font-size\">HISTORIA DE LAS ARTES VISUALES I \u00b7 025\/026 <br>Grado Bellas Artes \u00b7 UCLM <\/p>\n\n\n\n<div class=\"wp-block-columns is-layout-flex wp-container-core-columns-is-layout-9d6595d7 wp-block-columns-is-layout-flex\">\n<div class=\"wp-block-column is-layout-flow wp-block-column-is-layout-flow\" style=\"flex-basis:100%\">\n<figure class=\"wp-block-image size-full is-resized wp-duotone-unset-1\"><img loading=\"lazy\" decoding=\"async\" width=\"491\" height=\"491\" src=\"https:\/\/blog.uclm.es\/mariafsalgado\/wp-content\/uploads\/sites\/317\/2025\/06\/cropped-1-edited.jpg\" alt=\"\" class=\"wp-image-477\" style=\"width:289px;height:auto\" srcset=\"https:\/\/blog.uclm.es\/mariafsalgado\/wp-content\/uploads\/sites\/317\/2025\/06\/cropped-1-edited.jpg 491w, https:\/\/blog.uclm.es\/mariafsalgado\/wp-content\/uploads\/sites\/317\/2025\/06\/cropped-1-edited-300x300.jpg 300w, https:\/\/blog.uclm.es\/mariafsalgado\/wp-content\/uploads\/sites\/317\/2025\/06\/cropped-1-edited-150x150.jpg 150w, https:\/\/blog.uclm.es\/mariafsalgado\/wp-content\/uploads\/sites\/317\/2025\/06\/cropped-1-edited-100x100.jpg 100w\" sizes=\"auto, (max-width: 491px) 100vw, 491px\" \/><figcaption class=\"wp-element-caption\">Lygia Clark, Planos em superficie modulada, <em>1957-58<\/em><\/figcaption><\/figure>\n<\/div>\n<\/div>\n\n\n\n<p class=\"has-text-align-left has-small-font-size\">\u00abLet me recite what history teaches. History teaches\u00bb (G. Stein)<\/p>\n\n\n\n<p class=\"has-text-align-right\">INTRO<\/p>\n\n\n\n<p class=\"has-small-font-size\">Oiticica y Clark<\/p>\n\n\n\n<p class=\"has-small-font-size\"><em>Lujo comunal<\/em><\/p>\n\n\n\n<p class=\"has-text-align-right\">1.<\/p>\n\n\n\n<p class=\"has-small-font-size\">1. Crisis de la representaci\u00f3n<\/p>\n\n\n\n<p class=\"has-small-font-size\">2. <em>La noche espa\u00f1ola<\/em><\/p>\n\n\n\n<p class=\"has-text-align-right\">2.<\/p>\n\n\n\n<p class=\"has-small-font-size\">3. Destrucci\u00f3n. Dad\u00e1. Duchamp<\/p>\n\n\n\n<p class=\"has-small-font-size\">4. Formas de la forma<\/p>\n\n\n\n<p class=\"has-text-align-right\">3.<\/p>\n\n\n\n<p class=\"has-small-font-size\">5. Espacios decoloniales: historia, desmemoria y reparaci\u00f3n<\/p>\n\n\n\n<p class=\"has-small-font-size\">6. Formas de vida<\/p>\n\n\n\n<p class=\"has-text-align-right\">4.<\/p>\n\n\n\n<p class=\"has-small-font-size\">7. <em>Fantasm\u00e1tica del cuerpo<\/em><\/p>\n\n\n\n<p class=\"has-small-font-size\">8. Neo<\/p>\n\n\n\n<p class=\"has-text-align-right\">5.<\/p>\n\n\n\n<p class=\"has-small-font-size\">9. Tiempo queer<\/p>\n\n\n\n<p class=\"has-small-font-size\">10. <em>La era es muy sentimental<\/em><\/p>\n\n\n\n<p><\/p>\n\n\n\n<p class=\"has-text-align-left has-small-font-size\"><br>C_ LASE_ FECHA ___________________________________________________________025\/026__________<br>C00_10-11\/09\/25 &gt;&gt; (Intro) Cartas Oiticica y Clark \/ Presentaci\u00f3n <br>C01_17-18\/09\/25 &gt;&gt; (Intro) Lujo comunal<br>C02_24-25\/09\/25 &gt; (Intro) Modos de ver. Seminario + Taller <mark class=\"has-inline-color has-pale-pink-color\">\u00b7 Aula 106 + Parkett<\/mark><br>C03_01-02\/10\/25 &gt;&gt; (1) Crisis de la representaci\u00f3n. Stein \/ Picasso \/ W. Benjamin<br>C04_08-09\/10\/25 &gt;&gt; (1) Crisis de la representaci\u00f3n. Delaunay \/ Boccioni \/ Marc \/ Cendrars<br>C05_15-16\/10\/25 &gt;&gt; (1) La noche espa\u00f1ola <br>C06_22-23\/10\/25 &gt;&gt; (2) Modos de leer. Taller + Seminario <mark class=\"has-inline-color has-pale-pink-color\">\u00b7 Biblioteca UCLM Cuenca<\/mark> <br><mark style=\"background-color:#ff0000\" class=\"has-inline-color\">C07_29-30\/10\/25 &gt;&gt;<a href=\"https:\/\/www.davidbestue.net\/\">DAVID BESTU\u00c9<\/a> &#8211; Conferencia + masterclass<\/mark> \u00b7<mark class=\"has-inline-color has-pale-pink-color\">Aula 111 <\/mark><br>C08_05-06\/11\/25 &gt; (2) Molde. Collage. Ready-made <br>C09_12-13\/11\/25 &gt;&gt; (3) Destrucci\u00f3n. Dad\u00e1. Duchamp <br>C10_19-20\/11\/25 &gt;&gt; (3) <a href=\"https:\/\/luzbroto.net\/\">Luz Broto<\/a>. Yves Klein. Broodthaers \/\/ Duchamp<br>C11_26-27\/11\/25 &gt;&gt; (3) Ram\u00f3n \/\/ <a href=\"https:\/\/www.instagram.com\/p\/DQuLsV0Ap-z\/\">Piel de pl\u00e1tano, humor y artes vivas<\/a> \/\/ <a href=\"https:\/\/www.liberaldecastilla.com\/seminario-y-ciclo-de-visionado-esteticas-del-paisaje-transitorio-en-la-facultad-de-bellas-artes-de-cuenca\/\">Est\u00e9ticas del paisaje transitorio <\/a><br>C12_03-04\/12\/25 &gt; (4) Modos de escribir. Taller + Seminario<br>C13_10-11\/12\/25 &gt;&gt; (4) Abstracci\u00f3n <br>C14_17-18\/12\/25 &gt;&gt; [Pr\u00e1ctica 3] <mark class=\"has-inline-color has-vivid-red-color\">Presentaciones orales del libro elegido como lectura anual del curso + [Pr\u00e1ctica 2] Entrega del Tablero v\u00eda Campus virtual<\/mark><br>_______________________________________________________________2C__________________________________________________________Prof: Youssef Taki______________<br>C15_28-29\/01\/26 &gt;&gt; (5) Introducci\u00f3n y presentaci\u00f3n \/\/ Frantz Fanon, Aim\u00e9 C\u00e9saire, Ina C\u00e9saire, Edward Said, Stuart Hall, Gayatry Spivak, Walter Mignolo, Achille Mbembe, Homi K. Bhabha. Enrique Dussel, Sylvia Wynter<br>C16_04-05\/02\/26 &gt;&gt; (5) Movimientos de liberaci\u00f3n. Arte y resistencia. Las vanguardias y el exotismo del otro. \/\/ Black Panther Party, liberaci\u00f3n argelina y el panafricanismo \/\/ Yinka Shonibare. Mohamed Darwich<br>C17_11-12\/02\/26 &gt;&gt; (5) Salvajes, b\u00e1rbaros y civilizados. Memoria y desmemoria \/\/ Kara Walker. Paul Gilroy, Yinka Shonibare, Ana Mendieta, Ariella Azoulay<br>C18_18-19\/02\/26 &gt;&gt; (5) La \u00e9tica de la representaci\u00f3n. Abrir la visi\u00f3n. Descolonizar la mente. Mixturas. Artistas, di\u00e1sporas y Criollizaci\u00f3n \/\/ Gloria Anzald\u00faa\/ Edouard Glissant <br>C19_25-26\/02\/26 &gt;&gt; (5) Migraci\u00f3n y globalizaci\u00f3n. Restituci\u00f3n y reparaci\u00f3n. Un estado de la cuesti\u00f3n \/\/ Kader Attia \/ Doris Salcedo \/ Sarr-Savo \/ Alice Procter \/ Zanele Muholi<br>_____________________________________________________________________________ <br>C20_04-05\/03\/26 &gt; (6) Formas de vida I \/ El espect\u00e1culo \/ Debord \/ Jorn \/ Alice Becker-Ho \/ Constant<br>C21_11-12\/03\/26 &gt;&gt; (6) Formas de vida II \/ El consumo \/ Internacional situacionista \/\/\/ Richard Hamilton <br>C22_18-19\/03\/26 &gt;&gt; (6) Formas de vida III \/ Fondo y superficie \/ Debord \/\/\/ Warhol <br>C23_25-26\/03\/26 &gt; (7) <em>Fantasm\u00e1tica del cuerpo <\/em>\/H\u00e9lio Oiticica y Lygia Clark <br>&#8212;&#8212;-01-02\/4\/26 &gt;&gt; No hay clase <br>C24_08-09\/4\/26 &gt;&gt; (8) Neo \/ Matta Clark + [<strong>Pr\u00e1ctica 4] Entrega  v\u00eda campus virtual<\/strong><br>C25_15-16\/4\/26 &gt;&gt;\u2028 (8) Neo \/ vanguardias de los a\u00f1os 60 y 70 <br>C26_22-23\/4\/26 &gt;&gt; (9) Tiempo queer \/ Ballroom, drag \/ Oca\u00f1a \/ Lemebel \/ Felix Gonz\u00e1lez Torres<br>C27_29-30\/4\/26 &gt;&gt; (10) <em>La era es muy sentimental<\/em> \/ Los 90 en Argentina \/ Fernanda Laguna + <mark class=\"has-inline-color has-vivid-red-color\">[Pr\u00e1ctica 1] Entrega de las cartas v\u00eda campus virtual + v\u00eda papel + [Pr\u00e1ctica 5] Entrega v\u00eda campus virtual y v\u00eda papel<\/mark><br><mark style=\"background-color:#ff0000\" class=\"has-inline-color\">C28_06-07\/5\/26 &gt;&gt; (10)<a href=\"https:\/\/metalmagazine.eu\/es\/post\/sahatsa-jauregui\">SAHATSA J\u00c1UREGUI<\/a>&#8211; Conferencia + masterclass<\/mark><mark class=\"has-inline-color has-pale-pink-color\">\u00b7 Aula 111<\/mark><br>C29_13-14\/5\/26 &gt;&gt; (10) <em>Te dijeron que el futuro hab\u00eda terminado<\/em> \/ Belleza y Felicidad<br>__________________________________________________________________________<br>C30_22\/05\/26 \u2013 10h \u2013 Examen \u2013 Convocatoria ordinaria <br>C31_26\/06\/26 \u2013 10h \u2013 Examen \u2013 Convocatoria extraordinaria <br><\/p>\n\n\n\n<p><\/p>\n\n\n\n<p class=\"has-text-align-center\">______________________________________________________________ <\/p>\n\n\n\n<p class=\"has-text-align-center has-medium-font-size\">LECTURA SEMANAL <\/p>\n\n\n\n<p class=\"has-text-align-center has-medium-font-size\"><a href=\"https:\/\/blog.uclm.es\/mariafsalgado\/tag\/lectura-semanal-avisos\">https:\/\/blog.uclm.es\/mariafsalgado\/tag\/lectura-semanal-avisos<\/a><\/p>\n\n\n\n<p class=\"has-text-align-center has-medium-font-size\"><br>LECTURAS SUGERIDAS<br><a href=\"https:\/\/blog.uclm.es\/mariafsalgado\/wp-content\/uploads\/sites\/317\/2025\/10\/ListaLecturasSugeridas_30092025.pdf\">https:\/\/blog.uclm.es\/mariafsalgado\/wp-content\/uploads\/sites\/317\/2025\/10\/ListaLecturasSugeridas_30092025.pdf<\/a><br><br><br>_________________________________________________<\/p>\n\n\n\n<p class=\"has-text-align-center has-medium-font-size\">BIBLIOGRAF\u00cdA GENERAL<\/p>\n\n\n\n<p class=\"has-text-align-left has-small-font-size\">FOSTER, Hal \/ KRAUSS Rosalind E \/ BOIS Yve-Alain \/ BUCHLOCH, Benjamin H.D., <em>Arte desde 1900: modernidad, antimodernidad, posmodernidad<\/em> (2004), Akal, 2006. Temas 1-5<br>POLLOCK, Griselda, <em>Diferenciando el canon: El deseo feminista y la escritura de las historias del arte<\/em>, Exit, 2002. Temas 1-5<br>KRAUSS, Rosalind, <em>La originalidad de la vanguardia y otros mitos modernos<\/em> (1985), Alianza, 2015. Temas 1-5<br>ARGAN, Giulio Carlo, <em>El arte moderno. Del iluminismo a los movimientos contempor\u00e1neos<\/em> (1970), Akal, 2004. Temas 1-4<br>ROMERO, Pedro G., <em>El ojo partido. Flamenco, cultura de masas y vanguardias. Tientos y materiales para una correcci\u00f3n \u00f3ptica de la historia del flamenco<\/em>, Athenaica, 2016. Temas 1 y 2<br>RASULA, Jed, <em>Dad\u00e1<\/em> (2015), Anagrama, 2016. Tema 2<br>RAMIREZ, Juan Antonio, <em>Duchamp, el amor y la muerte, incluso,<\/em> Siruela, 1999. Tema 2<br>MAS\u00d3, Joana \/ FASSIN, Eric, E<em>lsa von Freytag-Loringhoven. La artista que dio cuerpo a la vanguardia,<\/em> Arcadia, 2024. Tema 2<br>DIDI-HUBERMAN, George, <em>La ressemblance par contact: Arch\u00e9ologie, anachronisme et modernit\u00e9 de l&#8217;empreinte<\/em>, Minuit, 2008. Temas 1-2<br>&#8212;&#8211;, <em>Cuando las im\u00e1genes toman posici\u00f3n,<\/em> Antonio Machado Libros, 2008. Tema 2<br>FANON, Frantz, <em>Los condenados de la tierra<\/em> (1961), FCE, 2018. Tema 3<br>FEDERICI, Silvia, <em>Calib\u00e1n y la bruja. Mujeres, cuerpo y acumulaci\u00f3n originaria <\/em>(2004), Traficantes de sue\u00f1os, 2010. Temas 3 y 5<br>LIPPARD, Lucy, <em>Seis a\u00f1os: la desmaterializacion del objeto art\u00edstico. De 1966 a 1972<\/em> (1973), Akal, 2004. Tema 4<br>LEBOVICI, Elisabeth, <em>Sida<\/em>, Colecci\u00f3n et al, Arcadia, 2020. Tema 5<br>GLISSANT, Edouard, <em><a href=\"https:\/\/blog.uclm.es\/mariafsalgado\/wp-content\/uploads\/sites\/317\/2025\/09\/pdfcoffee.com_5glissant-edouard-tratado-del-todo-mundo-5-pdf-free.pdf\">Tratado del Todo-mundo<\/a> (<\/em>1997), El cobre, 2006. Temas 3 y 5<br>YOUSFI, Louise,<em> Seguir siendo b\u00e1rbaro<\/em> (2022), Anagrama, 2023. Temas 3 y 5<br>IGLESIAS, Claudio M, <em>Coraz\u00f3n y realidad, <\/em>Consonni, 2018. Tema 5<br>ESCOBAR, Ticio, <a href=\"https:\/\/blog.uclm.es\/mariafsalgado\/wp-content\/uploads\/sites\/317\/2025\/09\/pdfcoffee.com_5escobar-ticio-el-mito-del-arte-y-el-mito-del-pueblo-seleccion-pdf-free.pdf\"><em>El mito del arte y el mito del pueblo: cuestiones sobre el arte popular<\/em> <\/a>(1986), Metales pesados, 2008. Temas 1-5<br>BESTU\u00c9, David, <em>El sentit de l\u2019escultura,<\/em> Fundaci\u00f3 Joan Mir\u00f3, 2021. Temas 1-5<\/p>\n\n\n\n<p><\/p>\n\n\n\n<p class=\"has-text-align-center has-medium-font-size\"><br>PR\u00c1CTICAS<\/p>\n\n\n\n<p>_________________________ Evaluaci\u00f3n Continua<\/p>\n\n\n\n<ol class=\"wp-block-list\">\n<li>Cartas O\/C &#8211; <span style=\"text-decoration: underline\">Entrega v\u00eda campus virtual y en papel &gt; <mark class=\"has-inline-color has-pale-pink-color\">29-30\/4\/26 <\/mark><\/span> (descripci\u00f3n del ejercicio en Campus Virtual, pr\u00e1ctica anual)<br><br><\/li>\n\n\n\n<li>Presentaci\u00f3n oral de 1 libro-disco-pel\u00edcula-cat\u00e1logo de la<a href=\"https:\/\/blog.uclm.es\/mariafsalgado\/wp-content\/uploads\/sites\/317\/2025\/10\/ListaLecturasSugeridas_30092025.pdf\"> lista de lecturas sugeridas<\/a> &gt; Prueba presencial <mark class=\"has-inline-color has-pale-pink-color\">17-18\/12\/25<\/mark> &lt; Ap\u00fantate <a href=\"https:\/\/pruebasaluuclm-my.sharepoint.com\/:x:\/g\/personal\/maria_fsalgado_uclm_es\/EWEjr6ePef1Gi3Tdts9UbKwBgyplzKGPMd7zUlzUL4Ovlg?e=PNvcE3\">en este excel<\/a> en la fecha y hora que prefieras y est\u00e9 disponible  (descripci\u00f3n del ejercicio en Campus Virtual, pr\u00e1ctica 1C)<a href=\"https:\/\/pruebasaluuclm-my.sharepoint.com\/:x:\/g\/personal\/maria_fsalgado_uclm_es\/EWEjr6ePef1Gi3Tdts9UbKwBgyplzKGPMd7zUlzUL4Ovlg?e=TO7jkO\"><br><br><\/a><\/li>\n\n\n\n<li>Lo \/ tablero &gt; <a href=\"https:\/\/padlet.com\/\">https:\/\/padlet.com\/<\/a> &gt; Entrega v\u00eda campus virtual el <mark class=\"has-inline-color has-pale-pink-color\">18\/12\/25 <\/mark>&gt; descripci\u00f3n del ejercicio en Campus Virtual &gt; <a href=\"https:\/\/pruebasaluuclm-my.sharepoint.com\/:x:\/g\/personal\/maria_fsalgado_uclm_es\/EVfYcY-rKS9Fk5OUexsMoiYBliM2CpT7LtbljuMiBMX2uw?e=1np0Co\">Lista Padlets [Pr\u00e1ctica 3 &#8211; LO &#8211; TABLERO]<\/a> (descripci\u00f3n del ejercicio en Campus Virtual, pr\u00e1ctica 1C)<br><br><\/li>\n\n\n\n<li><em>\u00bfQu\u00e9 es lo que hace que los hogares de hoy sean tan diferentes, tan atractivos?<\/em> <em>2026<\/em> &gt; <span style=\"text-decoration: underline\">Entrega v\u00eda campus virtual<\/span> &gt; <mark class=\"has-inline-color has-pale-pink-color\">9\/04\/26 <\/mark> (descripci\u00f3n del ejercicio en Campus Virtual, pr\u00e1ctica 2C)<br><br><\/li>\n\n\n\n<li>Ensayo escrito &gt; <span style=\"text-decoration: underline\">Entrega v\u00eda campus virtual y en papel<\/span> &gt; <mark class=\"has-inline-color has-pale-pink-color\">29-30\/4\/26<\/mark> (descripci\u00f3n del ejercicio en Campus Virtual, pr\u00e1ctica 2C)<br><br>_________________________ Libres<br><br><\/li>\n\n\n\n<li>Rese\u00f1as &gt; 1 hoja o 1\/2 hoja sobre un libro de la lista de sugerencias, una exposici\u00f3n que hayas visto, una pieza audiovisual o sonora &gt; subir a <a href=\"https:\/\/pruebasaluuclm-my.sharepoint.com\/:f:\/g\/personal\/maria_fsalgado_uclm_es\/Er57C704_39Oq_zsMn9hockBQTPR6OrRMlIP60KU2B680g?e=kl9QtE\">HAVI 2025-2026_Practicas_Libres<\/a> &gt; hasta el <span style=\"text-decoration: underline\"><mark class=\"has-inline-color has-pale-pink-color\">30\/4\/26 <\/mark><\/span><br><br><\/li>\n\n\n\n<li>Mapas situacionistas &gt; subir a <a href=\"https:\/\/pruebasaluuclm-my.sharepoint.com\/:f:\/g\/personal\/maria_fsalgado_uclm_es\/Er57C704_39Oq_zsMn9hockBQTPR6OrRMlIP60KU2B680g?e=kl9QtE\">HAVI 2025-2026_Practicas_Libres<\/a> &gt; hasta el <span style=\"text-decoration: underline\"><mark class=\"has-inline-color has-pale-pink-color\">30\/4\/26 <\/mark><\/span><br><br><\/li>\n\n\n\n<li>[&#8230;]<\/li>\n<\/ol>\n\n\n\n<p class=\"has-small-font-size\"><\/p>\n\n\n\n<p><\/p>\n","protected":false},"excerpt":{"rendered":"<p>HISTORIA DE LAS ARTES VISUALES I \u00b7 025\/026 Grado Bellas Artes \u00b7 UCLM \u00abLet me recite what history teaches. History teaches\u00bb (G. Stein) INTRO Oiticica y Clark Lujo comunal 1. 1. Crisis de la representaci\u00f3n 2. La noche espa\u00f1ola 2. 3. Destrucci\u00f3n. Dad\u00e1. Duchamp 4. Formas de la forma 3. 5. Espacios decoloniales: historia, desmemoria &hellip; <\/p>\n<p class=\"link-more\"><a href=\"https:\/\/blog.uclm.es\/mariafsalgado\/hav-i\/\" class=\"more-link\">Continuar leyendo<span class=\"screen-reader-text\"> \u00abHAV I\u00bb<\/span><\/a><\/p>\n","protected":false},"author":524,"featured_media":0,"parent":0,"menu_order":0,"comment_status":"closed","ping_status":"closed","template":"","meta":{"footnotes":""},"class_list":["post-436","page","type-page","status-publish","hentry"],"_links":{"self":[{"href":"https:\/\/blog.uclm.es\/mariafsalgado\/wp-json\/wp\/v2\/pages\/436","targetHints":{"allow":["GET"]}}],"collection":[{"href":"https:\/\/blog.uclm.es\/mariafsalgado\/wp-json\/wp\/v2\/pages"}],"about":[{"href":"https:\/\/blog.uclm.es\/mariafsalgado\/wp-json\/wp\/v2\/types\/page"}],"author":[{"embeddable":true,"href":"https:\/\/blog.uclm.es\/mariafsalgado\/wp-json\/wp\/v2\/users\/524"}],"replies":[{"embeddable":true,"href":"https:\/\/blog.uclm.es\/mariafsalgado\/wp-json\/wp\/v2\/comments?post=436"}],"version-history":[{"count":230,"href":"https:\/\/blog.uclm.es\/mariafsalgado\/wp-json\/wp\/v2\/pages\/436\/revisions"}],"predecessor-version":[{"id":1646,"href":"https:\/\/blog.uclm.es\/mariafsalgado\/wp-json\/wp\/v2\/pages\/436\/revisions\/1646"}],"wp:attachment":[{"href":"https:\/\/blog.uclm.es\/mariafsalgado\/wp-json\/wp\/v2\/media?parent=436"}],"curies":[{"name":"wp","href":"https:\/\/api.w.org\/{rel}","templated":true}]}}