{"id":1563,"date":"2026-03-10T13:13:11","date_gmt":"2026-03-10T12:13:11","guid":{"rendered":"https:\/\/blog.uclm.es\/mariafsalgado\/?page_id=1563"},"modified":"2026-03-17T11:35:55","modified_gmt":"2026-03-17T10:35:55","slug":"seminarios-ii","status":"publish","type":"page","link":"https:\/\/blog.uclm.es\/mariafsalgado\/seminarios-ii\/","title":{"rendered":"seminarios II"},"content":{"rendered":"\n<p class=\"has-small-font-size\">taller de de escritura impartido dentro de Seminarios de Investigaci\u00f3n II \u00b7 Master de investigaci\u00f3n en pr\u00e1cticas art\u00edsticas y visuales \u00b7 Bellas Artes \u00b7 UCLM \u00b7 12 y 26 marzo 026<\/p>\n\n\n\n<div class=\"wp-block-group\"><div class=\"wp-block-group__inner-container is-layout-constrained wp-block-group-is-layout-constrained\">\n<figure class=\"wp-block-image size-full wp-duotone-unset-1\"><img loading=\"lazy\" decoding=\"async\" width=\"600\" height=\"400\" src=\"https:\/\/blog.uclm.es\/mariafsalgado\/wp-content\/uploads\/sites\/317\/2026\/03\/2a34d8_2c2a06c50dcf4e52bfa1767d1dafd017mv2.webp\" alt=\"\" class=\"wp-image-1597\" srcset=\"https:\/\/blog.uclm.es\/mariafsalgado\/wp-content\/uploads\/sites\/317\/2026\/03\/2a34d8_2c2a06c50dcf4e52bfa1767d1dafd017mv2.webp 600w, https:\/\/blog.uclm.es\/mariafsalgado\/wp-content\/uploads\/sites\/317\/2026\/03\/2a34d8_2c2a06c50dcf4e52bfa1767d1dafd017mv2-300x200.webp 300w\" sizes=\"auto, (max-width: 600px) 100vw, 600px\" \/><figcaption class=\"wp-element-caption\">Paul Elliman, found font, 1995-presente<\/figcaption><\/figure>\n\n\n\n<p class=\"has-text-align-center has-small-font-size\"><br>Material solicitado<\/p>\n<\/div><\/div>\n\n\n\n<p class=\"has-small-font-size\">a. Trae 1 o 2 p\u00e1rrafo\/s de un texto de prosa del mundo del arte que te resulte particularmente caracter\u00edstico de c\u00f3mo se escribe hoy en d\u00eda en dicho mundo. Puede ser un texto de hoja de sala, de dossier de aplicaci\u00f3n de becas, de un libro de ensayo muy de moda, de una descripci\u00f3n de una obra o actividad en la web. Vamos a tratar de entender y mover esa voz a lo largo del taller, leyendo y escribiendo otras prosas y versos que la cambian de ritmo.&nbsp;<br><br>b. Trae 1 o 2 p\u00e1rrafos de un texto de prosa acad\u00e9mida tuya con los que est\u00e9s peleade, porque no transmiten bien la idea, porque no te representan, porque no se explican bien. Pueden ser p\u00e1rrafos de tu texto de TFM en curso, de un dossier o aplicaci\u00f3n, de una descripci\u00f3n de obra tuya. Vamos a tratar de buscar c\u00f3mo hacer con ellos, y a partir de ellos, ir a otras partes.&nbsp;<\/p>\n\n\n\n<p class=\"has-text-align-center has-small-font-size\"><br>Lecturas<\/p>\n\n\n\n<ul class=\"wp-block-list\">\n<li class=\"has-small-font-size\">Fernanda Laguna, \u00ab<a href=\"https:\/\/blog.uclm.es\/mariafsalgado\/wp-content\/uploads\/sites\/317\/2026\/03\/FernandaLaguna_Montajelandia-2019_2025_compressed-1.pdf\">Montajelandia<\/a>\u00bb (2019), en <em>Muy espectacular. Deseos, cartas y textos de arte (1995-2025)<\/em>. Buenos Aires: Reservoir Books, 2025.<br><br><\/li>\n\n\n\n<li class=\"has-small-font-size\">Marina Closs, \u00ab<a href=\"https:\/\/blog.uclm.es\/mariafsalgado\/wp-content\/uploads\/sites\/317\/2026\/03\/CLOSS_Alvar-Nunez-cap1.pdf\">El mundo, la Tierra Florida. De c\u00f3mo \u00c1lvar N\u00fa\u00f1ez se pierde en el mundode indios y conoce entre ellos la historia de una ciudad de oro, hundida bajo la tierra\u00bb<\/a>, cap. I de <em>Alvar N\u00fa\u00f1ez. Trabajos de hambre y de sed<\/em>. Buenos Aires: Contexto, 2019.<br><br><\/li>\n\n\n\n<li class=\"has-small-font-size\">Alvar N\u00fa\u00f1ez Cabeza de Vaca, <a href=\"https:\/\/blog.uclm.es\/mariafsalgado\/wp-content\/uploads\/sites\/317\/2026\/03\/capI-III-cabezadevacanaufragios.pdf\">cap. I-III de <em>Naufragios<\/em><\/a>, 1555.<br><br><\/li>\n\n\n\n<li class=\"has-small-font-size\">Mar\u00eda Salgado, <em><a href=\"https:\/\/archivoorsini.com\/2025\/03\/20\/plebeya-proposicion-primera\/\">plebeya proposici\u00f3n primera<\/a><\/em>, revista Archivo Orsini, 20 marzo 2025.  <br><br>&#8212;&#8212;&#8212;&#8212;&#8212;&#8212;&#8212;&#8212;&#8212;&#8212;&#8212;&#8212;&#8212;&#8212;&#8212;&#8212;&#8212;&#8212;&#8212;&#8212;&#8212;&#8212;&#8212;&#8212;&#8212;&#8212;&#8212;&#8212;&#8212;&#8212;&#8212;&#8212;&#8212;&#8212;&#8212;&#8212;&#8212;&#8212;&#8212;&#8212;&#8212;&#8212;&#8212;-<\/li>\n<\/ul>\n\n\n\n<p class=\"has-text-align-center has-small-font-size\">Prosa &gt; verso &gt; prosa <\/p>\n\n\n\n<ul class=\"wp-block-list\">\n<li class=\"has-small-font-size\">Audre Lorde: \u201c<a href=\"https:\/\/blog.uclm.es\/mariafsalgado\/wp-content\/uploads\/sites\/317\/2026\/03\/A_Power-by-Audre-Lorde-Poetry-Foundation-copia.pdf\">Power<\/a>\u201d, Collected poems, 1978. <a href=\"https:\/\/blog.uclm.es\/mariafsalgado\/wp-content\/uploads\/sites\/317\/2026\/03\/A_audre-lorde-copia.docx\">Traducci\u00f3n<\/a> en espa\u00f1ol.<\/li>\n\n\n\n<li class=\"has-small-font-size\">Gertrude Stein: <em><a href=\"https:\/\/blog.uclm.es\/mariafsalgado\/wp-content\/uploads\/sites\/317\/2026\/03\/1_Composition-as-Explanation-by-Gertrude-Stein-copia-2.pdf\">Composition as explanation<\/a>,<\/em> 1925-1926 Existe traducci\u00f3n de Jos\u00e9 Luis<\/li>\n\n\n\n<li class=\"has-small-font-size\">Jos\u00e9 Luis Castillejo, <em>Composici\u00f3n como explicaci\u00f3n<\/em>, Tusquets, 1974. <\/li>\n\n\n\n<li class=\"has-small-font-size\">Jos\u00e9 Luis Castillejo: <a href=\"https:\/\/seminarioeuraca.wordpress.com\/wp-content\/uploads\/2015\/11\/jlc_ene.pdf\">frag. de <em>La Escritura no escrita<\/em><\/a> (1972), publicado en 1994 por el Taller de ediciones de la Faculta de Bellas Artes de Cuenca.<\/li>\n\n\n\n<li class=\"has-small-font-size\">Jos\u00e9 Luis Castillejo: <a href=\"https:\/\/seminarioeuraca.wordpress.com\/wp-content\/uploads\/2020\/10\/joseluiscastillejo_lapolitica_1968_seleccion.pdf\">frag. de <em>La pol\u00edtica<\/em><\/a>, ZAJ, 1968. <\/li>\n\n\n\n<li class=\"has-small-font-size\">Lyn Hejinan: <em><a href=\"https:\/\/seminarioeuraca.wordpress.com\/wp-content\/uploads\/2019\/09\/2_lyn-hejinian-my-life.pdf\">My life<\/a><\/em>, 1987 (1980). <em><a href=\"https:\/\/seminarioeuraca.wordpress.com\/wp-content\/uploads\/2024\/06\/mivida-1.pdf\">Mi vida,<\/a><\/em> traducci\u00f3n de Pilar V\u00e1zquez y Esteban Pujals, 2011. <\/li>\n\n\n\n<li class=\"has-small-font-size\">John Ashbery,<a href=\"https:\/\/blog.uclm.es\/mariafsalgado\/wp-content\/uploads\/sites\/317\/2026\/03\/4_Tres_Poemas-copia_compressed.pdf\"> frag. de <em>Tres poemas<\/em><\/a> en traducido de Juli\u00e1n Jim\u00e9nez Heffernan , DVD, 2005. <\/li>\n\n\n\n<li class=\"has-small-font-size\">Lyn Hejinian, \u00ab<a href=\"https:\/\/www.poetryfoundation.org\/poems\/52316\/constant-change-figures\">from constant changes figures<\/a>\u00ab, 2006. <\/li>\n\n\n\n<li class=\"has-small-font-size\">Violeta Kesselman: <a href=\"https:\/\/blog.uclm.es\/mariafsalgado\/wp-content\/uploads\/sites\/317\/2026\/03\/6-VioletaKesselman_INTERCAMBIOSobreUnaOrganizacion_2013_3pp-copia_compressed.pdf\">2 p\u00e1ginas de <em>Intercambio sobre una organizaci\u00f3n<\/em>,<\/a> Blatt y R\u00edos, 2013. <\/li>\n\n\n\n<li class=\"has-small-font-size\">Violeta Kesselman: \u201c<a href=\"https:\/\/blog.uclm.es\/mariafsalgado\/wp-content\/uploads\/sites\/317\/2026\/03\/6_VioletaKesselman_A_Rapallo2_2017_Elcontextoestabarecubierto-copia.pdf\">El contexto\u2026<\/a>\u201d, A, en <em>Rapallo<\/em> 2 (2017). <\/li>\n\n\n\n<li class=\"has-small-font-size\">Mart\u00edn Gambarotta: <a href=\"https:\/\/blog.uclm.es\/mariafsalgado\/wp-content\/uploads\/sites\/317\/2026\/03\/7_MG_punctum_1poema-copia.pdf\">\u201cUna habitaci\u00f3n\u2026\u201d<\/a>, <em>Punctum<\/em>, Libros de Tierra Firme, 1996. <\/li>\n\n\n\n<li class=\"has-small-font-size\">Mart\u00edn Gambarotta: <a href=\"https:\/\/blog.uclm.es\/mariafsalgado\/wp-content\/uploads\/sites\/317\/2026\/03\/7_MG_2poemasRelapso-copia.pdf\">\u201cSe puede llegar haciendo\u2026\u201d y \u201cLo que dec\u00eda no era\u2026\u201d<\/a>, <em>Relapso + Angola<\/em>, Vox, 2005.<\/li>\n\n\n\n<li class=\"has-small-font-size\">Yanko Gonz\u00e1lez: \u201c<a href=\"https:\/\/blog.uclm.es\/mariafsalgado\/wp-content\/uploads\/sites\/317\/2026\/03\/7_yanko_metalesyvolta_2poemas-copia.pdf\">Por ponerte un caso\u201d<\/a> (<em>Metales Pesados<\/em>, 1988-1995) y <a href=\"https:\/\/blog.uclm.es\/mariafsalgado\/wp-content\/uploads\/sites\/317\/2026\/03\/7_yanko_metalesyvolta_2poemas-copia.pdf\">\u201ces que\u201d<\/a> (<em>Alto Volta<\/em>, 1998-2005).<\/li>\n\n\n\n<li class=\"has-small-font-size\">Luz Pichel:<a href=\"https:\/\/blog.uclm.es\/mariafsalgado\/wp-content\/uploads\/sites\/317\/2026\/03\/9_LuzPichel_CO-CO-CO-U_1p-copia.pdf\"> \u201ccantandu\u2026\u201d,<\/a> <em>CO CO CO U<\/em>, <em>La u\u00d1a RoTa<\/em>, 2017.<\/li>\n\n\n\n<li class=\"has-small-font-size\">Mala Rodr\u00edguez: \u201c<a href=\"https:\/\/www.youtube.com\/watch?v=cgfMbBNYZXc&amp;list=RDcgfMbBNYZXc&amp;start_radio=1\">La Cocinera<\/a>\u201d, <em>Lujo ib\u00e9rico,<\/em> 2000.  <\/li>\n\n\n\n<li class=\"has-small-font-size\">Pedro Lemebel, \u00ab<a href=\"https:\/\/blog.uclm.es\/mariafsalgado\/wp-content\/uploads\/sites\/317\/2026\/03\/11_Lemebel_Manifiesto-Hablo-por-mi-diferencia-copia.pdf\">Manifiesto (Hablo por mi diferencia)\u00bb<\/a>, 1986. <\/li>\n\n\n\n<li class=\"has-small-font-size\">Eileen Myles, \u00ab<a href=\"https:\/\/blog.uclm.es\/mariafsalgado\/wp-content\/uploads\/sites\/317\/2026\/03\/12_Un-poema-americano-Eileen-Myles-zaidenwerg-copia.pdf\">Un poema americano<\/a>\u00bb (1991), traducci\u00f3n de Ezequiel Zidenwerg, 2016. <\/li>\n\n\n\n<li class=\"has-small-font-size\">Zoe Leonard, <em><a href=\"https:\/\/www.macba.cat\/en\/obra\/r5775-i-want-a-president\/\">I want a president<\/a><\/em>, 1992<\/li>\n\n\n\n<li class=\"has-small-font-size\">Gertrude Stein: \u201c<a href=\"https:\/\/blog.uclm.es\/mariafsalgado\/wp-content\/uploads\/sites\/317\/2026\/03\/15_lethertry-copia.pdf\">Let her try\u2026<\/a>\u201d, frag. de <em>Patriarchal Poetry,<\/em> 1927.<br><\/li>\n<\/ul>\n\n\n\n<p><\/p>\n","protected":false},"excerpt":{"rendered":"<p>taller de de escritura impartido dentro de Seminarios de Investigaci\u00f3n II \u00b7 Master de investigaci\u00f3n en pr\u00e1cticas art\u00edsticas y visuales \u00b7 Bellas Artes \u00b7 UCLM \u00b7 12 y 26 marzo 026 Material solicitado a. Trae 1 o 2 p\u00e1rrafo\/s de un texto de prosa del mundo del arte que te resulte particularmente caracter\u00edstico de c\u00f3mo &hellip; <\/p>\n<p class=\"link-more\"><a href=\"https:\/\/blog.uclm.es\/mariafsalgado\/seminarios-ii\/\" class=\"more-link\">Continuar leyendo<span class=\"screen-reader-text\"> \u00abseminarios II\u00bb<\/span><\/a><\/p>\n","protected":false},"author":524,"featured_media":0,"parent":0,"menu_order":0,"comment_status":"closed","ping_status":"closed","template":"","meta":{"footnotes":""},"class_list":["post-1563","page","type-page","status-publish","hentry"],"_links":{"self":[{"href":"https:\/\/blog.uclm.es\/mariafsalgado\/wp-json\/wp\/v2\/pages\/1563","targetHints":{"allow":["GET"]}}],"collection":[{"href":"https:\/\/blog.uclm.es\/mariafsalgado\/wp-json\/wp\/v2\/pages"}],"about":[{"href":"https:\/\/blog.uclm.es\/mariafsalgado\/wp-json\/wp\/v2\/types\/page"}],"author":[{"embeddable":true,"href":"https:\/\/blog.uclm.es\/mariafsalgado\/wp-json\/wp\/v2\/users\/524"}],"replies":[{"embeddable":true,"href":"https:\/\/blog.uclm.es\/mariafsalgado\/wp-json\/wp\/v2\/comments?post=1563"}],"version-history":[{"count":43,"href":"https:\/\/blog.uclm.es\/mariafsalgado\/wp-json\/wp\/v2\/pages\/1563\/revisions"}],"predecessor-version":[{"id":1634,"href":"https:\/\/blog.uclm.es\/mariafsalgado\/wp-json\/wp\/v2\/pages\/1563\/revisions\/1634"}],"wp:attachment":[{"href":"https:\/\/blog.uclm.es\/mariafsalgado\/wp-json\/wp\/v2\/media?parent=1563"}],"curies":[{"name":"wp","href":"https:\/\/api.w.org\/{rel}","templated":true}]}}