{"id":89,"date":"2016-09-12T12:31:37","date_gmt":"2016-09-12T10:31:37","guid":{"rendered":"http:\/\/blog.uclm.es\/mariacarmenmata\/?page_id=89"},"modified":"2016-09-12T12:31:37","modified_gmt":"2016-09-12T10:31:37","slug":"asignaturas","status":"publish","type":"page","link":"https:\/\/blog.uclm.es\/mariacarmenmata\/asignaturas\/","title":{"rendered":"Asignaturas"},"content":{"rendered":"<h3><strong>Asignaturas Actuales \u00a0 \u00a0 \u00a0 \u00a0 \u00a0<\/strong><\/h3>\n<h4><strong>Docencia en el <span style=\"color: #ea835d\">\u00c1rea M\u00e1quinas y Motores T\u00e9rmicos\u00a0<\/span><\/strong><\/h4>\n<p><strong>\u00a0Asignatura\/Titulaci\u00f3n\/Fechas<\/strong><\/p>\n<p><em>Mec\u00e1nica de Fluidos<\/em>. Grado en Ingenier\u00eda Mec\u00e1nica y Grado en Ingenier\u00eda El\u00e9ctrica.\u00a02\u00ba Curso. Obligatoria. <strong>6 cr\u00e9ditos. <\/strong>Desde el\u00a0Curso 2012\/2013.<\/p>\n<p><em>Sistemas y M\u00e1quinas\u00a0de Fluidos<\/em>. Grado en Ingenier\u00eda Mec\u00e1nica. 3\u00ba Curso. Obligatoria. <strong>6 cr\u00e9ditos. <\/strong>Desde el\u00a0Curso 2012\/2013.<\/p>\n<p><em>Ingenier\u00eda T\u00e9rmica<\/em>. Grado en Ingenier\u00eda Mec\u00e1nica. 3\u00ba Curso. Obligatoria. <strong>6 cr\u00e9ditos. <\/strong>Desde el\u00a0Curso 2012\/2013.<\/p>\n<h3><strong>Asignaturas Impartidas \u00a0 \u00a0 \u00a0 \u00a0 \u00a0<\/strong><\/h3>\n<h4><strong>Docencia en el <span style=\"color: #ea835d\">\u00c1rea de Ingenier\u00eda de los Procesos de Fabricaci\u00f3n\u00a0 \u00a0 \u00a0 \u00a0<\/span> \u00a0 \u00a0 \u00a0 \u00a0 \u00a0 <\/strong><\/h4>\n<p><strong>\u00a0Asignatura\/Titulaci\u00f3n\/Fechas<\/strong><\/p>\n<p><em>Gesti\u00f3n de la Calidad y Metrolog\u00eda<\/em>.\u00a0Ingeniero T\u00e9cnico Mec\u00e1nico.\u00a01\u00ba Curso. Troncal. <strong>6 cr\u00e9ditos.\u00a0<\/strong>Cursos 2008\/2009 a 2010\/2011.<\/p>\n<p><em>Tecnolog\u00eda Mec\u00e1nica<\/em>.\u00a0Ingeniero T\u00e9cnico Mec\u00e1nico.2\u00ba Curso. Troncal. <strong>6 cr\u00e9ditos.<\/strong><strong>\u00a0<\/strong>Cursos 2008\/2009 a 2011\/2012.<\/p>\n<p><em>Automatizaci\u00f3n de la Producci\u00f3n<\/em>.\u00a0Ingeniero T\u00e9cnico Mec\u00e1nico.3\u00ba Curso. Optativa. <strong>6 cr\u00e9ditos.<\/strong><strong>\u00a0<\/strong>Cursos 2008\/2009 a 2011\/2012.<\/p>\n<p><em>Sistemas de Producci\u00f3n y Organizaci\u00f3n Industrial<\/em>. Grado en Ingenier\u00eda\u00a0Mec\u00e1nica y Grado en Ingenier\u00eda El\u00e9ctrica.2\u00ba Curso. Obligatoria. <strong>3\u00a0cr\u00e9ditos.\u00a0<\/strong>Curso 2011\/2012.<\/p>\n<p><em>Tecnolog\u00eda de Fabricaci\u00f3n<\/em>. Grado en Ingenier\u00eda\u00a0Mec\u00e1nica.3\u00ba Curso. Obligatoria. <strong>6\u00a0cr\u00e9ditos.\u00a0<\/strong>Curso 2012\/2013.<\/p>\n<p><em>Metrolog\u00eda y Automatizaci\u00f3n de la Producci\u00f3n<\/em>. Grado en Ingenier\u00eda\u00a0Mec\u00e1nica.4\u00ba Curso. Optativa. <strong>6\u00a0cr\u00e9ditos.\u00a0<\/strong>Curso 2012\/2013.<\/p>\n<p>&nbsp;<\/p>\n","protected":false},"excerpt":{"rendered":"<p>Asignaturas Actuales \u00a0 \u00a0 \u00a0 \u00a0 \u00a0 Docencia en el \u00c1rea M\u00e1quinas y Motores T\u00e9rmicos\u00a0 \u00a0Asignatura\/Titulaci\u00f3n\/Fechas Mec\u00e1nica de Fluidos. Grado en Ingenier\u00eda Mec\u00e1nica y Grado en Ingenier\u00eda El\u00e9ctrica.\u00a02\u00ba Curso. Obligatoria. 6 cr\u00e9ditos. Desde el\u00a0Curso 2012\/2013. Sistemas y M\u00e1quinas\u00a0de Fluidos. Grado en Ingenier\u00eda Mec\u00e1nica. 3\u00ba Curso. Obligatoria. 6 cr\u00e9ditos. Desde el\u00a0Curso 2012\/2013. Ingenier\u00eda T\u00e9rmica. Grado en &hellip; <a href=\"https:\/\/blog.uclm.es\/mariacarmenmata\/asignaturas\/\" class=\"more-link\">Seguir leyendo <span class=\"screen-reader-text\">Asignaturas<\/span> <span class=\"meta-nav\">&rarr;<\/span><\/a><\/p>\n","protected":false},"author":176,"featured_media":0,"parent":0,"menu_order":0,"comment_status":"closed","ping_status":"closed","template":"","meta":{"footnotes":""},"class_list":["post-89","page","type-page","status-publish","hentry"],"_links":{"self":[{"href":"https:\/\/blog.uclm.es\/mariacarmenmata\/wp-json\/wp\/v2\/pages\/89","targetHints":{"allow":["GET"]}}],"collection":[{"href":"https:\/\/blog.uclm.es\/mariacarmenmata\/wp-json\/wp\/v2\/pages"}],"about":[{"href":"https:\/\/blog.uclm.es\/mariacarmenmata\/wp-json\/wp\/v2\/types\/page"}],"author":[{"embeddable":true,"href":"https:\/\/blog.uclm.es\/mariacarmenmata\/wp-json\/wp\/v2\/users\/176"}],"replies":[{"embeddable":true,"href":"https:\/\/blog.uclm.es\/mariacarmenmata\/wp-json\/wp\/v2\/comments?post=89"}],"version-history":[{"count":0,"href":"https:\/\/blog.uclm.es\/mariacarmenmata\/wp-json\/wp\/v2\/pages\/89\/revisions"}],"wp:attachment":[{"href":"https:\/\/blog.uclm.es\/mariacarmenmata\/wp-json\/wp\/v2\/media?parent=89"}],"curies":[{"name":"wp","href":"https:\/\/api.w.org\/{rel}","templated":true}]}}