{"id":85,"date":"2016-09-12T12:19:50","date_gmt":"2016-09-12T10:19:50","guid":{"rendered":"http:\/\/blog.uclm.es\/mariacarmenmata\/?page_id=85"},"modified":"2016-09-12T12:19:50","modified_gmt":"2016-09-12T10:19:50","slug":"acerca-de","status":"publish","type":"page","link":"https:\/\/blog.uclm.es\/mariacarmenmata\/","title":{"rendered":"Acerca de"},"content":{"rendered":"<div style=\"margin: 5px 0px 5px 5px;float: left;width: 50%;text-align: justify\"><strong>Ingeniera Industrial<\/strong> por la Escuela T\u00e9cnica Superior de Ingenieros Industriales de Ciudad Real desde 2006. Diploma de Estudios Avanzados (2008) en el Plan de Doctorado con Menci\u00f3n de Calidad de &#8216;Ingenier\u00eda Qu\u00edmica, Ambiental y de los Materiales&#8217; impartido en los Departamentos de Ingenier\u00eda Qu\u00edmica de la Universidad de Castilla la Mancha y de la Universidad Rey Juan Carlos I. Doctora Ingeniera Industrial por la Universidad de Castilla la Mancha (2010) con tem\u00e1tica de estudio &#8216;Emisiones Contaminantes de Veh\u00edculos Di\u00e9sel y Durabilidad de Sistemas de Inyecci\u00f3n&#8217;. Profesora de la Escuela de Ingenier\u00eda Minera e Industrial de Almad\u00e9n desde 2008.<\/div>\n<div style=\"margin: 5px 0px 5px 5px;float: right;width: 45%\"><img loading=\"lazy\" decoding=\"async\" class=\"aligncenter  wp-image-86\" src=\"https:\/\/blog.uclm.es\/mariacarmenmata\/wp-content\/uploads\/sites\/79\/2016\/09\/DSC_0186-300x300.jpg\" alt=\"dsc_0186\" width=\"372\" height=\"372\" srcset=\"https:\/\/blog.uclm.es\/mariacarmenmata\/wp-content\/uploads\/sites\/79\/2016\/09\/DSC_0186-300x300.jpg 300w, https:\/\/blog.uclm.es\/mariacarmenmata\/wp-content\/uploads\/sites\/79\/2016\/09\/DSC_0186-150x150.jpg 150w, https:\/\/blog.uclm.es\/mariacarmenmata\/wp-content\/uploads\/sites\/79\/2016\/09\/DSC_0186.jpg 400w\" sizes=\"auto, (max-width: 372px) 100vw, 372px\" \/><\/div>\n<div style=\"clear: both\"><\/div>\n","protected":false},"excerpt":{"rendered":"<p>Ingeniera Industrial por la Escuela T\u00e9cnica Superior de Ingenieros Industriales de Ciudad Real desde 2006. Diploma de Estudios Avanzados (2008) en el Plan de Doctorado con Menci\u00f3n de Calidad de &#8216;Ingenier\u00eda Qu\u00edmica, Ambiental y de los Materiales&#8217; impartido en los Departamentos de Ingenier\u00eda Qu\u00edmica de la Universidad de Castilla la Mancha y de la Universidad &hellip; <a href=\"https:\/\/blog.uclm.es\/mariacarmenmata\/\" class=\"more-link\">Seguir leyendo <span class=\"screen-reader-text\">Acerca de<\/span> <span class=\"meta-nav\">&rarr;<\/span><\/a><\/p>\n","protected":false},"author":176,"featured_media":0,"parent":0,"menu_order":0,"comment_status":"closed","ping_status":"closed","template":"","meta":{"footnotes":""},"class_list":["post-85","page","type-page","status-publish","hentry"],"_links":{"self":[{"href":"https:\/\/blog.uclm.es\/mariacarmenmata\/wp-json\/wp\/v2\/pages\/85","targetHints":{"allow":["GET"]}}],"collection":[{"href":"https:\/\/blog.uclm.es\/mariacarmenmata\/wp-json\/wp\/v2\/pages"}],"about":[{"href":"https:\/\/blog.uclm.es\/mariacarmenmata\/wp-json\/wp\/v2\/types\/page"}],"author":[{"embeddable":true,"href":"https:\/\/blog.uclm.es\/mariacarmenmata\/wp-json\/wp\/v2\/users\/176"}],"replies":[{"embeddable":true,"href":"https:\/\/blog.uclm.es\/mariacarmenmata\/wp-json\/wp\/v2\/comments?post=85"}],"version-history":[{"count":0,"href":"https:\/\/blog.uclm.es\/mariacarmenmata\/wp-json\/wp\/v2\/pages\/85\/revisions"}],"wp:attachment":[{"href":"https:\/\/blog.uclm.es\/mariacarmenmata\/wp-json\/wp\/v2\/media?parent=85"}],"curies":[{"name":"wp","href":"https:\/\/api.w.org\/{rel}","templated":true}]}}