{"id":54,"date":"2016-09-09T18:12:06","date_gmt":"2016-09-09T16:12:06","guid":{"rendered":"http:\/\/blog.uclm.es\/mariacarmenmata\/?page_id=54"},"modified":"2016-09-09T18:12:06","modified_gmt":"2016-09-09T16:12:06","slug":"congresos-docentes","status":"publish","type":"page","link":"https:\/\/blog.uclm.es\/mariacarmenmata\/publicaciones\/docencia\/congresos-docentes\/","title":{"rendered":"Congresos Docentes"},"content":{"rendered":"<h2>Art\u00edculos Docentes:<\/h2>\n<p><strong>Mata, C.;<\/strong> Beamud, E.M.; Calvo-Parra, D. \u2018Utilizaci\u00f3n de t\u00e9cnicas de gamificaci\u00f3n para potenciar el aprendizaje en una asignatura optativa. XXIII Congreso Universitario de Innovaci\u00f3n Educativa en las Ense\u00f1anzas T\u00e9cnicas (CUIEET2015).Valencia (Espa\u00f1a). 15-17 de Julio de 2015.<\/p>\n<p><strong>Mata, C.;<\/strong> Fuentes, D. \u2018Fomento de la habilidad de b\u00fasqueda bibliogr\u00e1fica de los alumnos a trav\u00e9s de un Proyecto de Innovaci\u00f3n Docente. XXIII Congreso Universitario de Innovaci\u00f3n Educativa en las Ense\u00f1anzas T\u00e9cnicas (CUIEET2015).Valencia (Espa\u00f1a). 15-17 de Julio de 2015.<\/p>\n<p><strong>Mata, C.;<\/strong> Rubio-Mesas, M.L.; Soto, M. \u2018Influencia de una pr\u00e1ctica sobre el aprendizaje de los estudiantes\u2019. XXII Congreso Universitario de Innovaci\u00f3n Educativa en las Ense\u00f1anzas T\u00e9cnicas (CUIEET2014).Almad\u00e9n (Espa\u00f1a). 17-19 de Septiembre de 2014.<\/p>\n<p>G\u00f3mez, M.A.; Mart\u00edn, C.;<strong> Mata, C.;<\/strong> \u2018Dise\u00f1o y planificaci\u00f3n de un programa de mentor\u00eda en distintas escuelas y facultades de la Universidad de Castilla\u2013La Mancha\u2019. XXII Congreso Universitario de Innovaci\u00f3n Educativa en las Ense\u00f1anzas T\u00e9cnicas (CUIEET2014).Almad\u00e9n (Espa\u00f1a). 17-19 de Septiembre de 2014.<\/p>\n<p>Beamud, E.M.; <strong>Mata, C.;<\/strong> Gonz\u00e1lez, J.I.; Bastante, R. \u2018La participaci\u00f3n de la empresa en la formaci\u00f3n de los estudiantes de ingenier\u00eda. Un ejemplo en asignaturas del \u00e1rea de fabricaci\u00f3n\u2019. XXII Congreso Universitario de Innovaci\u00f3n Educativa en las Ense\u00f1anzas T\u00e9cnicas (CUIEET2014).Almad\u00e9n (Espa\u00f1a). 17-19 de Septiembre de 2014.<\/p>\n<p><strong>Mata, C.;<\/strong> Garc\u00eda-Contreras, R.; G\u00f3mez, A. \u2018Pr\u00e1ctica de Laboratorio: Balance energ\u00e9tico de un moto-generador diesel utilizado para la elevaci\u00f3n de agua\u2019. I Jornada de Experiencias Docentes en Educaci\u00f3n Superior en Energ\u00eda y Medioambiente University Vocational Training Network (UVT Network).Ciudad Real (Espa\u00f1a). 26 de Junio de 2013.<\/p>\n","protected":false},"excerpt":{"rendered":"<p>Art\u00edculos Docentes: Mata, C.; Beamud, E.M.; Calvo-Parra, D. \u2018Utilizaci\u00f3n de t\u00e9cnicas de gamificaci\u00f3n para potenciar el aprendizaje en una asignatura optativa. XXIII Congreso Universitario de Innovaci\u00f3n Educativa en las Ense\u00f1anzas T\u00e9cnicas (CUIEET2015).Valencia (Espa\u00f1a). 15-17 de Julio de 2015. Mata, C.; Fuentes, D. \u2018Fomento de la habilidad de b\u00fasqueda bibliogr\u00e1fica de los alumnos a trav\u00e9s de &hellip; <a href=\"https:\/\/blog.uclm.es\/mariacarmenmata\/publicaciones\/docencia\/congresos-docentes\/\" class=\"more-link\">Seguir leyendo <span class=\"screen-reader-text\">Congresos Docentes<\/span> <span class=\"meta-nav\">&rarr;<\/span><\/a><\/p>\n","protected":false},"author":176,"featured_media":0,"parent":56,"menu_order":1,"comment_status":"closed","ping_status":"closed","template":"","meta":{"footnotes":""},"class_list":["post-54","page","type-page","status-publish","hentry"],"_links":{"self":[{"href":"https:\/\/blog.uclm.es\/mariacarmenmata\/wp-json\/wp\/v2\/pages\/54","targetHints":{"allow":["GET"]}}],"collection":[{"href":"https:\/\/blog.uclm.es\/mariacarmenmata\/wp-json\/wp\/v2\/pages"}],"about":[{"href":"https:\/\/blog.uclm.es\/mariacarmenmata\/wp-json\/wp\/v2\/types\/page"}],"author":[{"embeddable":true,"href":"https:\/\/blog.uclm.es\/mariacarmenmata\/wp-json\/wp\/v2\/users\/176"}],"replies":[{"embeddable":true,"href":"https:\/\/blog.uclm.es\/mariacarmenmata\/wp-json\/wp\/v2\/comments?post=54"}],"version-history":[{"count":0,"href":"https:\/\/blog.uclm.es\/mariacarmenmata\/wp-json\/wp\/v2\/pages\/54\/revisions"}],"up":[{"embeddable":true,"href":"https:\/\/blog.uclm.es\/mariacarmenmata\/wp-json\/wp\/v2\/pages\/56"}],"wp:attachment":[{"href":"https:\/\/blog.uclm.es\/mariacarmenmata\/wp-json\/wp\/v2\/media?parent=54"}],"curies":[{"name":"wp","href":"https:\/\/api.w.org\/{rel}","templated":true}]}}