{"id":50,"date":"2016-09-05T22:58:56","date_gmt":"2016-09-05T20:58:56","guid":{"rendered":"http:\/\/blog.uclm.es\/mariacarmenmata\/?page_id=50"},"modified":"2016-09-05T22:58:56","modified_gmt":"2016-09-05T20:58:56","slug":"congresos","status":"publish","type":"page","link":"https:\/\/blog.uclm.es\/mariacarmenmata\/publicaciones\/investigacion\/congresos\/","title":{"rendered":"Congresos"},"content":{"rendered":"<h2>Ponencias y Comunicaciones<\/h2>\n<h3>Congresos Nacionales<\/h3>\n<p>Armas, O.; C\u00e1rdenas, D.; <strong>Mata, C;<\/strong> Diagnostico Termodin\u00e1mico de la combusti\u00f3n de un motor operando con biodiesel durante secuencias transitorias de carga. <em>VI Jornadas nacionales de Ingenier\u00eda Termodin\u00e1mica<\/em> &#8211; C\u00f3rdoba (Espa\u00f1a) 2009.<\/p>\n<p>Armas, O.; G\u00f3mez, A.; <strong>Mata, C;<\/strong> Determination of diesel particle size distributions produced by city bus during an acceleration sequence in passenger transportation. <em>III Reuni\u00f3n Espa\u00f1ola de Ciencia y Tecnolog\u00eda de Aerosoles (RECTA 2009)<\/em> &#8211; Bilbao (Espa\u00f1a) 2009.<\/p>\n<p>Armas, O.; Martinez-Martinez, S.; <strong>Mata, C;<\/strong>. Efecto del uso de mezclas etanol-biodiesel-di\u00e9sel sobre la rugosidad superficial de algunas piezas de un sistema de inyecci\u00f3n common rail. <em>XVIII Congreso Nacional de Ingenier\u00eda Mec\u00e1nica<\/em> ISSN: 0212-5072 Ciudad Real. (Espa\u00f1a) 2010.<\/p>\n<p>Armas, O.; G\u00f3mez, M.A.; <strong>Mata, C;.<\/strong> Distribuciones de tama\u00f1os de part\u00edculas di\u00e9sel en los gases de escape de un autob\u00fas urbano Comunicaci\u00f3n Nacional <em>I Jornadas T\u00e9cnicas. Ensayos de Emisiones con Equipos Embarcados (E4 2010)<\/em> &#8211; Madrid (Espa\u00f1a) 2010.<\/p>\n<p><strong>Mata, M.C.;<\/strong> Armas, O.; Fern\u00e1ndez-Cano, A.; Mart\u00ednez-Mart\u00ednez, S. Efecto de par\u00e1metros de inyecci\u00f3n di\u00e9sel sobre la entrega instant\u00e1nea usando diferentes combustibles. <em>VIII Congreso Nacional de Ingenier\u00eda Termodin\u00e1mica<\/em> ISBN: 978-84-92681-62-4 Burgos (Espa\u00f1a) 2013.<\/p>\n<p><strong>Mata, M.C.;<\/strong> Mart\u00ednez-Mart\u00ednez, S.; Pacheco, C.; Armas, O.; Estimaci\u00f3n del coeficiente de comprensibilidad de combustibles di\u00e9sel. I<em>X Congreso Nacional de Ingenier\u00eda Termodin\u00e1mica<\/em> ISBN: 978-84-606-8931-7 Cartagena (Espa\u00f1a) 2015.<\/p>\n<h3>Congresos Internacionales<\/h3>\n<p>Armas, O.; C\u00e1rdenas, D.; <strong>Mata, C;.<\/strong> Opacity and NOx Emissions from a Bioethanol Diesel Blend during Engine Transient Operation. <em>SAE TECHNICAL PAPER SERIES<\/em> DOI: 10.4271\/2007-24-0131 N\u00e1poles (Italia) 2007<\/p>\n<p>Armas, O.; G\u00f3mez, A.; <strong>Mata, C;<\/strong> Effect of a bioethanol-diesel blend on particle size distributions produced by a city bus during an acceleration sequence. <em>238th American Chemical Society National Meeting Prepr. Pap.-Am. Chem. Soc., Div. Fuel Chem.<\/em> 2009, 54 (2), 776 Washington, DC (USA) 2009<\/p>\n<p>Armas, O.; Lapuerta, M.; G\u00f3mez, A.; <strong>Mata, C;.<\/strong> Effect of ethanol-diesel blends on the particle size distributions of a city bus. <em>THIESEL 2010 Conference on Thermo- and Fluid Dynamic Processes in Diesel Engines.<\/em> Conference proceedings, 421-432 ISBN: 978-84693-5009-6 Valencia (Espa\u00f1a) 2010<\/p>\n<p>Armas, O.; Martinez-Martinez, S.; <strong>Mata, C;<\/strong> Effect of an ethanol-diesel blend on the surface roughness of work elements of a common rail injection pump. <em>XVI Congreso Internacional Anual de la SOMIM<\/em> ISBN: 978-607-95309-3-8 Monterrey, Nuevo Le\u00f3n (Mexico) 2010<\/p>\n<p>Armas, O.; Cardenas, M.D.; <strong>Mata, C;<\/strong>. Pollutant emissions from diesel engine starting with different biodiesel blends. <em>European Automobile Engineers Cooperation (EAEC 2011)<\/em> EAEC2011_ 0237 Valencia (Espa\u00f1a) 2011<\/p>\n<p>Armas, O.; Martinez-Martinez, S.; <strong>Mata, C;.<\/strong> Efecto de par\u00e1metros de inyecci\u00f3n di\u00e9sel sobre la entrega de combustible empleando un inyector con bobina electromagn\u00e9tica. XVIII <em>Congreso Internacional Anual de la SOMIM<\/em> ISBN 978-607-95309-6-9 Salamanca, Guanajuato (M\u00e9xico) 2012.<\/p>\n<p>&nbsp;<\/p>\n<p><strong>Mata, M.C.<\/strong>; Mart\u00ednez, S. and Armas, O. Fuel injection rates with diesel, gtl and hvo fuels using different common rail injectors. <em>Energy and Environment Knowledge Week\u00a0(E2KW)<\/em> ISBN: 978-84-697-1162-0 Toledo (Espa\u00f1a) 2014<\/p>\n<p>&nbsp;<\/p>\n","protected":false},"excerpt":{"rendered":"<p>Ponencias y Comunicaciones Congresos Nacionales Armas, O.; C\u00e1rdenas, D.; Mata, C; Diagnostico Termodin\u00e1mico de la combusti\u00f3n de un motor operando con biodiesel durante secuencias transitorias de carga. VI Jornadas nacionales de Ingenier\u00eda Termodin\u00e1mica &#8211; C\u00f3rdoba (Espa\u00f1a) 2009. Armas, O.; G\u00f3mez, A.; Mata, C; Determination of diesel particle size distributions produced by city bus during an &hellip; <a href=\"https:\/\/blog.uclm.es\/mariacarmenmata\/publicaciones\/investigacion\/congresos\/\" class=\"more-link\">Seguir leyendo <span class=\"screen-reader-text\">Congresos<\/span> <span class=\"meta-nav\">&rarr;<\/span><\/a><\/p>\n","protected":false},"author":176,"featured_media":0,"parent":44,"menu_order":2,"comment_status":"closed","ping_status":"closed","template":"","meta":{"footnotes":""},"class_list":["post-50","page","type-page","status-publish","hentry"],"_links":{"self":[{"href":"https:\/\/blog.uclm.es\/mariacarmenmata\/wp-json\/wp\/v2\/pages\/50","targetHints":{"allow":["GET"]}}],"collection":[{"href":"https:\/\/blog.uclm.es\/mariacarmenmata\/wp-json\/wp\/v2\/pages"}],"about":[{"href":"https:\/\/blog.uclm.es\/mariacarmenmata\/wp-json\/wp\/v2\/types\/page"}],"author":[{"embeddable":true,"href":"https:\/\/blog.uclm.es\/mariacarmenmata\/wp-json\/wp\/v2\/users\/176"}],"replies":[{"embeddable":true,"href":"https:\/\/blog.uclm.es\/mariacarmenmata\/wp-json\/wp\/v2\/comments?post=50"}],"version-history":[{"count":0,"href":"https:\/\/blog.uclm.es\/mariacarmenmata\/wp-json\/wp\/v2\/pages\/50\/revisions"}],"up":[{"embeddable":true,"href":"https:\/\/blog.uclm.es\/mariacarmenmata\/wp-json\/wp\/v2\/pages\/44"}],"wp:attachment":[{"href":"https:\/\/blog.uclm.es\/mariacarmenmata\/wp-json\/wp\/v2\/media?parent=50"}],"curies":[{"name":"wp","href":"https:\/\/api.w.org\/{rel}","templated":true}]}}