{"id":36,"date":"2016-09-05T19:32:02","date_gmt":"2016-09-05T18:32:02","guid":{"rendered":"http:\/\/blog.uclm.es\/mariacarmenmata\/?page_id=36"},"modified":"2016-09-05T19:32:02","modified_gmt":"2016-09-05T18:32:02","slug":"publicaciones","status":"publish","type":"page","link":"https:\/\/blog.uclm.es\/mariacarmenmata\/publicaciones\/","title":{"rendered":"Publicaciones"},"content":{"rendered":"<p><strong>He aqu\u00ed mis art\u00edculos, pero si no le gustan&#8230;.. lo siento no tengo otros! (parafraseando a Groucho Marx)<\/strong><\/p>\n<p><img decoding=\"async\" src=\"http:\/\/s.frasesgo.com\/images\/frases\/g\/frase-estos_son_mis_principios__si_no_le_gustan_tengo_otros_-groucho_marx.jpg\" class=\"aligncenter size-medium wp-image-30\" \/><\/p>\n<p><em>Siembra un acto y cosechar\u00e1s un h\u00e1bito. Siembra un h\u00e1bito y cosechar\u00e1s un caracter. Siembra un car\u00e1cter y cosechar\u00e1s un destino.<\/em> (Charles Reade)<\/p>\n","protected":false},"excerpt":{"rendered":"<p>He aqu\u00ed mis art\u00edculos, pero si no le gustan&#8230;.. lo siento no tengo otros! (parafraseando a Groucho Marx) Siembra un acto y cosechar\u00e1s un h\u00e1bito. Siembra un h\u00e1bito y cosechar\u00e1s un caracter. Siembra un car\u00e1cter y cosechar\u00e1s un destino. (Charles Reade)<\/p>\n","protected":false},"author":176,"featured_media":0,"parent":0,"menu_order":0,"comment_status":"closed","ping_status":"closed","template":"","meta":{"footnotes":""},"class_list":["post-36","page","type-page","status-publish","hentry"],"_links":{"self":[{"href":"https:\/\/blog.uclm.es\/mariacarmenmata\/wp-json\/wp\/v2\/pages\/36","targetHints":{"allow":["GET"]}}],"collection":[{"href":"https:\/\/blog.uclm.es\/mariacarmenmata\/wp-json\/wp\/v2\/pages"}],"about":[{"href":"https:\/\/blog.uclm.es\/mariacarmenmata\/wp-json\/wp\/v2\/types\/page"}],"author":[{"embeddable":true,"href":"https:\/\/blog.uclm.es\/mariacarmenmata\/wp-json\/wp\/v2\/users\/176"}],"replies":[{"embeddable":true,"href":"https:\/\/blog.uclm.es\/mariacarmenmata\/wp-json\/wp\/v2\/comments?post=36"}],"version-history":[{"count":0,"href":"https:\/\/blog.uclm.es\/mariacarmenmata\/wp-json\/wp\/v2\/pages\/36\/revisions"}],"wp:attachment":[{"href":"https:\/\/blog.uclm.es\/mariacarmenmata\/wp-json\/wp\/v2\/media?parent=36"}],"curies":[{"name":"wp","href":"https:\/\/api.w.org\/{rel}","templated":true}]}}