{"id":184,"date":"2016-09-05T09:58:14","date_gmt":"2016-09-05T09:58:14","guid":{"rendered":"http:\/\/blog.uclm.es\/mariacarmenmata\/?page_id=2"},"modified":"2016-09-05T09:58:14","modified_gmt":"2016-09-05T09:58:14","slug":"pagina-ejemplo-2","status":"publish","type":"page","link":"https:\/\/blog.uclm.es\/mariacarmenmata\/pagina-ejemplo-2\/","title":{"rendered":"Un nuevo blog"},"content":{"rendered":"<div style=\"margin: 5px 0px 5px 5px;float: left;width: 50%;text-align: justify\">Como no pod\u00eda ser de otra manera, el nombre de mi blog es un juego de palabras.<br \/>\nEste lugar pretende ser un sitio de discusi\u00f3n y aprendizaje para todos.<br \/>\nCuriosidades, frases c\u00e9lebres, libros interesantes y alguna que otra <em>ayudita<\/em> para mis alumnos conforman este blog.<\/div>\n<div style=\"margin: 5px 0px 5px 5px;float: right;width: 45%\"><img loading=\"lazy\" decoding=\"async\" class=\"aligncenter size-medium wp-image-4\" src=\"https:\/\/blog.uclm.es\/mariacarmenmata\/wp-content\/uploads\/sites\/79\/2016\/09\/DSCF0770-300x169.jpg\" alt=\"DSCF0770\" width=\"300\" height=\"169\" srcset=\"https:\/\/blog.uclm.es\/mariacarmenmata\/wp-content\/uploads\/sites\/79\/2016\/09\/DSCF0770-300x169.jpg 300w, https:\/\/blog.uclm.es\/mariacarmenmata\/wp-content\/uploads\/sites\/79\/2016\/09\/DSCF0770-1024x577.jpg 1024w, https:\/\/blog.uclm.es\/mariacarmenmata\/wp-content\/uploads\/sites\/79\/2016\/09\/DSCF0770-768x433.jpg 768w, https:\/\/blog.uclm.es\/mariacarmenmata\/wp-content\/uploads\/sites\/79\/2016\/09\/DSCF0770-1536x865.jpg 1536w, https:\/\/blog.uclm.es\/mariacarmenmata\/wp-content\/uploads\/sites\/79\/2016\/09\/DSCF0770-2048x1154.jpg 2048w\" sizes=\"auto, (max-width: 300px) 100vw, 300px\" \/><\/div>\n<div style=\"clear: both\"><\/div>\n<h5><strong>Empezamos el camino! \u00bfTe vienes?<\/strong><\/h5>\n<p>\u00bfNo puedes ver correctamente este blog?, vete a su sitio &#8216;hermano&#8217;: <a href=\"https:\/\/aprendizparaprofessor.wordpress.com\/\">https:\/\/aprendizparaprofessor.wordpress.com\/<\/a><\/p>\n","protected":false},"excerpt":{"rendered":"<p>Como no pod\u00eda ser de otra manera, el nombre de mi blog es un juego de palabras. Este lugar pretende ser un sitio de discusi\u00f3n y aprendizaje para todos. Curiosidades, frases c\u00e9lebres, libros interesantes y alguna que otra ayudita para mis alumnos conforman este blog. Empezamos el camino! \u00bfTe vienes? \u00bfNo puedes ver correctamente este &hellip; <a href=\"https:\/\/blog.uclm.es\/mariacarmenmata\/pagina-ejemplo-2\/\" class=\"more-link\">Seguir leyendo <span class=\"screen-reader-text\">Un nuevo blog<\/span> <span class=\"meta-nav\">&rarr;<\/span><\/a><\/p>\n","protected":false},"author":176,"featured_media":0,"parent":0,"menu_order":0,"comment_status":"closed","ping_status":"open","template":"","meta":{"footnotes":""},"class_list":["post-184","page","type-page","status-publish","hentry"],"_links":{"self":[{"href":"https:\/\/blog.uclm.es\/mariacarmenmata\/wp-json\/wp\/v2\/pages\/184","targetHints":{"allow":["GET"]}}],"collection":[{"href":"https:\/\/blog.uclm.es\/mariacarmenmata\/wp-json\/wp\/v2\/pages"}],"about":[{"href":"https:\/\/blog.uclm.es\/mariacarmenmata\/wp-json\/wp\/v2\/types\/page"}],"author":[{"embeddable":true,"href":"https:\/\/blog.uclm.es\/mariacarmenmata\/wp-json\/wp\/v2\/users\/176"}],"replies":[{"embeddable":true,"href":"https:\/\/blog.uclm.es\/mariacarmenmata\/wp-json\/wp\/v2\/comments?post=184"}],"version-history":[{"count":0,"href":"https:\/\/blog.uclm.es\/mariacarmenmata\/wp-json\/wp\/v2\/pages\/184\/revisions"}],"wp:attachment":[{"href":"https:\/\/blog.uclm.es\/mariacarmenmata\/wp-json\/wp\/v2\/media?parent=184"}],"curies":[{"name":"wp","href":"https:\/\/api.w.org\/{rel}","templated":true}]}}