{"id":36,"date":"2013-12-11T10:56:13","date_gmt":"2013-12-11T09:56:13","guid":{"rendered":"http:\/\/blog.uclm.es\/mariacarmencastillo\/?page_id=36"},"modified":"2013-12-11T10:56:13","modified_gmt":"2013-12-11T09:56:13","slug":"diseno-avanzado-de-obras-y-actuaciones-hidraulicas-maritimas-y-ambientales","status":"publish","type":"page","link":"https:\/\/blog.uclm.es\/mariacarmencastillo\/diseno-avanzado-de-obras-y-actuaciones-hidraulicas-maritimas-y-ambientales\/","title":{"rendered":"Dise\u00f1o avanzado de obras y actuaciones hidr\u00e1ulicas, mar\u00edtimas y ambientales"},"content":{"rendered":"<p>1<\/p>\n","protected":false},"excerpt":{"rendered":"<p>1<\/p>\n","protected":false},"author":46,"featured_media":0,"parent":0,"menu_order":0,"comment_status":"closed","ping_status":"open","template":"","meta":{"footnotes":""},"class_list":["post-36","page","type-page","status-publish","hentry"],"_links":{"self":[{"href":"https:\/\/blog.uclm.es\/mariacarmencastillo\/wp-json\/wp\/v2\/pages\/36","targetHints":{"allow":["GET"]}}],"collection":[{"href":"https:\/\/blog.uclm.es\/mariacarmencastillo\/wp-json\/wp\/v2\/pages"}],"about":[{"href":"https:\/\/blog.uclm.es\/mariacarmencastillo\/wp-json\/wp\/v2\/types\/page"}],"author":[{"embeddable":true,"href":"https:\/\/blog.uclm.es\/mariacarmencastillo\/wp-json\/wp\/v2\/users\/46"}],"replies":[{"embeddable":true,"href":"https:\/\/blog.uclm.es\/mariacarmencastillo\/wp-json\/wp\/v2\/comments?post=36"}],"version-history":[{"count":0,"href":"https:\/\/blog.uclm.es\/mariacarmencastillo\/wp-json\/wp\/v2\/pages\/36\/revisions"}],"wp:attachment":[{"href":"https:\/\/blog.uclm.es\/mariacarmencastillo\/wp-json\/wp\/v2\/media?parent=36"}],"curies":[{"name":"wp","href":"https:\/\/api.w.org\/{rel}","templated":true}]}}