{"id":26,"date":"2013-12-11T10:53:54","date_gmt":"2013-12-11T09:53:54","guid":{"rendered":"http:\/\/blog.uclm.es\/mariacarmencastillo\/?page_id=26"},"modified":"2013-12-11T10:53:54","modified_gmt":"2013-12-11T09:53:54","slug":"gestion-de-recursos-hidraulicos-y-regadios","status":"publish","type":"page","link":"https:\/\/blog.uclm.es\/mariacarmencastillo\/gestion-de-recursos-hidraulicos-y-regadios\/","title":{"rendered":"Gesti\u00f3n de recursos hidr\u00e1ulicos y regad\u00edos"},"content":{"rendered":"<p>1<\/p>\n","protected":false},"excerpt":{"rendered":"<p>1<\/p>\n","protected":false},"author":46,"featured_media":0,"parent":0,"menu_order":0,"comment_status":"closed","ping_status":"open","template":"","meta":{"footnotes":""},"class_list":["post-26","page","type-page","status-publish","hentry"],"_links":{"self":[{"href":"https:\/\/blog.uclm.es\/mariacarmencastillo\/wp-json\/wp\/v2\/pages\/26","targetHints":{"allow":["GET"]}}],"collection":[{"href":"https:\/\/blog.uclm.es\/mariacarmencastillo\/wp-json\/wp\/v2\/pages"}],"about":[{"href":"https:\/\/blog.uclm.es\/mariacarmencastillo\/wp-json\/wp\/v2\/types\/page"}],"author":[{"embeddable":true,"href":"https:\/\/blog.uclm.es\/mariacarmencastillo\/wp-json\/wp\/v2\/users\/46"}],"replies":[{"embeddable":true,"href":"https:\/\/blog.uclm.es\/mariacarmencastillo\/wp-json\/wp\/v2\/comments?post=26"}],"version-history":[{"count":0,"href":"https:\/\/blog.uclm.es\/mariacarmencastillo\/wp-json\/wp\/v2\/pages\/26\/revisions"}],"wp:attachment":[{"href":"https:\/\/blog.uclm.es\/mariacarmencastillo\/wp-json\/wp\/v2\/media?parent=26"}],"curies":[{"name":"wp","href":"https:\/\/api.w.org\/{rel}","templated":true}]}}