{"id":144,"date":"2016-04-18T09:06:53","date_gmt":"2016-04-18T08:06:53","guid":{"rendered":"http:\/\/blog.uclm.es\/mariacarmencastillo\/?page_id=144"},"modified":"2016-04-18T09:06:53","modified_gmt":"2016-04-18T08:06:53","slug":"asignatura1","status":"publish","type":"page","link":"https:\/\/blog.uclm.es\/mariacarmencastillo\/asignatura1\/","title":{"rendered":"Asignatura1"},"content":{"rendered":"<p><strong>Objetivos<\/strong><\/p>\n<ul>\n<li>Estudio de las acciones de la din\u00e1mica marina sobre los fondos marinos, l\u00ednea de costa, obras y estructuras mar\u00edtimas, y las de \u00e9stas sobre la din\u00e1mica marina.<\/li>\n<li>Formar profesionales con aptitudes y conocimientos para trabajar en el medio oce\u00e1nico y su litoral.<\/li>\n<li>Dar al alumno una formaci\u00f3n que le sirva como base a cursos avanzados de Ingenier\u00eda Oceanogr\u00e1fica.<\/li>\n<\/ul>\n<p><strong>Contenido<\/strong><\/p>\n<ol>\n<li><u>Introducci\u00f3n<\/u>:\u00a0Conceptos b\u00e1sicos de ondas, ingenier\u00eda portuaria e ingenier\u00eda costera.<\/li>\n<li><u>Fundamentos f\u00edsico-matem\u00e1ticos<\/u>:\u00a0Divergencia, gradiente y rotacional. Complejos. Desarrollo en serie de Taylor. Transformada de Fourier.<\/li>\n<li><u>Fundamentos hidrodin\u00e1micos<\/u>:\u00a0Flujo. Ecuaciones de conservaci\u00f3n. Funci\u00f3n potencial y funci\u00f3n de corriente. Condiciones de contorno.<\/li>\n<li><u>Planteamiento y soluciones matem\u00e1ticas de la onda<\/u>:\u00a0Formulaci\u00f3n del problema de la onda de peque\u00f1a amplitud y soluci\u00f3n. Ecuaci\u00f3n de la dispersi\u00f3n. Tipos de ondas.<\/li>\n<li><u>Caracter\u00edsticas cinem\u00e1ticas y din\u00e1micas de las ondas<\/u>:\u00a0Propiedades de las ondas progresiva, estacionaria y parcialmente estacionaria de inter\u00e9s en ingenier\u00eda. Campo de velocidades, aceleraciones y presiones. Trayectoria de las part\u00edculas de agua. Flujos instant\u00e1neos.<\/li>\n<li><u>Flujos y cantidades medias<\/u>:\u00a0Energ\u00eda espacial media. Flujos medios de masa, cantidad de movimiento y energ\u00eda. Nivel medio de la superficie libre.<\/li>\n<li><u>Procesos de transformaci\u00f3n de ondas<\/u>:\u00a0Procesos de transformaci\u00f3n de ondas: asomeramiento, refracci\u00f3n, difracci\u00f3n, reflexi\u00f3n y rotura.<\/li>\n<li><u>Teor\u00eda del oleaje<\/u>:\u00a0Generaci\u00f3n y previsi\u00f3n de oleaje. Escalas temporales. Concepto de estado de mar. Teor\u00eda estad\u00edstica del oleaje. Teor\u00eda espectral del oleaje. Fuentes de datos. Clima mar\u00edtimo.<\/li>\n<li>\u00a0<u>Teor\u00eda de ondas largas<\/u>:\u00a0Teor\u00eda lineal de ondas largas. Resonancia en d\u00e1rsenas. Nivel del mar. Tsunamis<\/li>\n<li><u>Obras y estructuras mar\u00edtimas<\/u>:\u00a0Introducci\u00f3n al dise\u00f1o en Ingenier\u00eda Oceanogr\u00e1fica. Tipolog\u00eda de obras mar\u00edtimas. Fuerzas debidas a ondas. Dise\u00f1o de obras mar\u00edtimas.<\/li>\n<li><u>Ingenier\u00eda de costas<\/u>:\u00a0Introducci\u00f3n a la Ingenier\u00eda de Costas. Morfolog\u00eda costera. Din\u00e1mica costera. Perfil y planta de equilibrio.<\/li>\n<li><u>Documentaci\u00f3n t\u00e9cnica<\/u>:\u00a0El programa ROM. Documentos tem\u00e1ticos<\/li>\n<li><u>Modelos num\u00e9ricos<\/u>:\u00a0Fundamentos b\u00e1sicos. Ejemplos de aplicaci\u00f3n<\/li>\n<\/ol>\n","protected":false},"excerpt":{"rendered":"<p>Objetivos Estudio de las acciones de la din\u00e1mica marina sobre los fondos marinos, l\u00ednea de costa, obras y estructuras mar\u00edtimas, y las de \u00e9stas sobre la din\u00e1mica marina. Formar profesionales con aptitudes y conocimientos para trabajar en el medio oce\u00e1nico y su litoral. Dar al alumno una formaci\u00f3n que le sirva como base a cursos &hellip; <a href=\"https:\/\/blog.uclm.es\/mariacarmencastillo\/asignatura1\/\" class=\"more-link\">Continuar leyendo<span class=\"screen-reader-text\"> \u00abAsignatura1\u00bb<\/span><\/a><\/p>\n","protected":false},"author":46,"featured_media":0,"parent":0,"menu_order":0,"comment_status":"closed","ping_status":"closed","template":"","meta":{"footnotes":""},"class_list":["post-144","page","type-page","status-publish","hentry"],"_links":{"self":[{"href":"https:\/\/blog.uclm.es\/mariacarmencastillo\/wp-json\/wp\/v2\/pages\/144","targetHints":{"allow":["GET"]}}],"collection":[{"href":"https:\/\/blog.uclm.es\/mariacarmencastillo\/wp-json\/wp\/v2\/pages"}],"about":[{"href":"https:\/\/blog.uclm.es\/mariacarmencastillo\/wp-json\/wp\/v2\/types\/page"}],"author":[{"embeddable":true,"href":"https:\/\/blog.uclm.es\/mariacarmencastillo\/wp-json\/wp\/v2\/users\/46"}],"replies":[{"embeddable":true,"href":"https:\/\/blog.uclm.es\/mariacarmencastillo\/wp-json\/wp\/v2\/comments?post=144"}],"version-history":[{"count":0,"href":"https:\/\/blog.uclm.es\/mariacarmencastillo\/wp-json\/wp\/v2\/pages\/144\/revisions"}],"wp:attachment":[{"href":"https:\/\/blog.uclm.es\/mariacarmencastillo\/wp-json\/wp\/v2\/media?parent=144"}],"curies":[{"name":"wp","href":"https:\/\/api.w.org\/{rel}","templated":true}]}}