{"id":10,"date":"2013-12-11T10:49:04","date_gmt":"2013-12-11T09:49:04","guid":{"rendered":"http:\/\/blog.uclm.es\/mariacarmencastillo\/?page_id=10"},"modified":"2013-12-11T10:49:04","modified_gmt":"2013-12-11T09:49:04","slug":"asignaturas","status":"publish","type":"page","link":"https:\/\/blog.uclm.es\/mariacarmencastillo\/asignaturas\/","title":{"rendered":"Docencia"},"content":{"rendered":"<p>En Ingenier\u00eda de Caminos, Canales y Puertos: (en extinci\u00f3n)<\/p>\n<ul>\n<li>Ingenier\u00eda mar\u00edtima y costera<\/li>\n<\/ul>\n<p>En Grado en Ingenier\u00eda Civil y Territorial:<\/p>\n<ul>\n<li>Ingenier\u00eda hidr\u00e1ulica<\/li>\n<li>Ingenier\u00eda hidrol\u00f3gica y fluvial<\/li>\n<li>Trabajo proyectual: modelizaci\u00f3n y gesti\u00f3n de recursos h\u00eddricos<\/li>\n<li>Obras y aprovechamientos hidr\u00e1ulicos<\/li>\n<\/ul>\n<p>En M\u00e1ster Ingenier\u00eda de Caminos, Canales y Puertos:<\/p>\n<ul>\n<li>Puertos y Costas<\/li>\n<li>Planificaci\u00f3n y gesti\u00f3n de \u00e1reas costeras (English)<\/li>\n<li>Trabajo proyectual: Ingenier\u00eda del agua y del medio ambiente<\/li>\n<\/ul>\n","protected":false},"excerpt":{"rendered":"<p>En Ingenier\u00eda de Caminos, Canales y Puertos: (en extinci\u00f3n) Ingenier\u00eda mar\u00edtima y costera En Grado en Ingenier\u00eda Civil y Territorial: Ingenier\u00eda hidr\u00e1ulica Ingenier\u00eda hidrol\u00f3gica y fluvial Trabajo proyectual: modelizaci\u00f3n y gesti\u00f3n de recursos h\u00eddricos Obras y aprovechamientos hidr\u00e1ulicos En M\u00e1ster Ingenier\u00eda de Caminos, Canales y Puertos: Puertos y Costas Planificaci\u00f3n y gesti\u00f3n de \u00e1reas costeras &hellip; <a href=\"https:\/\/blog.uclm.es\/mariacarmencastillo\/asignaturas\/\" class=\"more-link\">Continuar leyendo<span class=\"screen-reader-text\"> \u00abDocencia\u00bb<\/span><\/a><\/p>\n","protected":false},"author":46,"featured_media":0,"parent":0,"menu_order":0,"comment_status":"closed","ping_status":"open","template":"","meta":{"footnotes":""},"class_list":["post-10","page","type-page","status-publish","hentry"],"_links":{"self":[{"href":"https:\/\/blog.uclm.es\/mariacarmencastillo\/wp-json\/wp\/v2\/pages\/10","targetHints":{"allow":["GET"]}}],"collection":[{"href":"https:\/\/blog.uclm.es\/mariacarmencastillo\/wp-json\/wp\/v2\/pages"}],"about":[{"href":"https:\/\/blog.uclm.es\/mariacarmencastillo\/wp-json\/wp\/v2\/types\/page"}],"author":[{"embeddable":true,"href":"https:\/\/blog.uclm.es\/mariacarmencastillo\/wp-json\/wp\/v2\/users\/46"}],"replies":[{"embeddable":true,"href":"https:\/\/blog.uclm.es\/mariacarmencastillo\/wp-json\/wp\/v2\/comments?post=10"}],"version-history":[{"count":0,"href":"https:\/\/blog.uclm.es\/mariacarmencastillo\/wp-json\/wp\/v2\/pages\/10\/revisions"}],"wp:attachment":[{"href":"https:\/\/blog.uclm.es\/mariacarmencastillo\/wp-json\/wp\/v2\/media?parent=10"}],"curies":[{"name":"wp","href":"https:\/\/api.w.org\/{rel}","templated":true}]}}