{"id":94,"date":"2021-01-19T19:23:09","date_gmt":"2021-01-19T18:23:09","guid":{"rendered":"http:\/\/blog.uclm.es\/mariablancacaminero\/?page_id=94"},"modified":"2024-09-26T10:10:45","modified_gmt":"2024-09-26T08:10:45","slug":"investigacion-2","status":"publish","type":"page","link":"https:\/\/blog.uclm.es\/mariablancacaminero\/investigacion-2\/","title":{"rendered":"Investigaci\u00f3n"},"content":{"rendered":"\n<h3 class=\"wp-block-heading\">Breve Curr\u00edculum Investigador<\/h3>\n\n\n\n<p>Mi trayectoria cient\u00edfica comienza en 1997 con la obtenci\u00f3n de una beca FPU otorgada por el Ministerio de Educaci\u00f3n y Cultura. Esta me permiti\u00f3 iniciar mi Tesis Doctoral dentro del Grupo de Investigaci\u00f3n de Redes y Arquitecturas de Altas Prestaciones (actualmente, adscrito al Instituto de Investigaci\u00f3n de Inform\u00e1tica de Albacete) de la Universidad de Castilla-La Mancha (UCLM). Su t\u00edtulo fue \u201cDise\u00f1o de un Encaminador Orientado a Tr\u00e1fico Multimedia en Entornos LAN\u201d, la present\u00e9 en 2002 y obtuvo la calificaci\u00f3n de Sobresaliente Cum Laude. En ella abordaba el problema del soporte a la Calidad de Servicio (QoS) en un entorno de red de \u00e1rea local, con objeto de dar soporte a tr\u00e1fico multimedia a trav\u00e9s de un elemento de interconexi\u00f3n espec\u00edfico. La propuesta inclu\u00eda adem\u00e1s una serie de algoritmos de planificaci\u00f3n que otorgaban a cada tipo de tr\u00e1fico el tratamiento adecuado para cumplir con sus requisitos de calidad de servicio.\u00a0<\/p>\n\n\n\n<p>A partir de 2005, empiezo a desempe\u00f1ar tareas de direcci\u00f3n de trabajos de investigaci\u00f3n, comenzando con un cambio en mi l\u00ednea de inter\u00e9s ligado tambi\u00e9n al soporte a la QoS, pero esta vez en entornos de computaci\u00f3n distribuida, concretamente, en entornos Grid. Inicialmente, trabajamos en una serie de propuestas para integrar el uso de los recursos de red en los criterios para la planificaci\u00f3n de trabajos en Grids.&nbsp;&nbsp;Estas propuestas se validaron mediante simulaci\u00f3n, y se plasmaron en una tesis doctoral, defendida en 2009 en la UCLM, en la que particip\u00e9 como codirectora.&nbsp;&nbsp;Seguidamente, y aprovechando el conocimiento adquirido, trasladamos estas ideas a un entorno real (un prototipo de Grid) y las complementamos con t\u00e9cnicas de predicci\u00f3n del uso de los recursos y de reserva por adelantado, con el objeto de proveer de QoS a los usuarios de un Grid. De aqu\u00ed surgi\u00f3 otra tesis doctoral, tambi\u00e9n codirigida por mi, que fue defendida en 2012 en la UCLM.&nbsp;&nbsp;<\/p>\n\n\n\n<p>En la misma l\u00ednea, continuamos con la provisi\u00f3n de QoS pero a trav\u00e9s del establecimiento de acuerdos de nivel de servicio, para ofrecer niveles de servicio diferenciados ligados a una gesti\u00f3n de los recursos subyacentes dependiente del nivel de servicio a satisfacer. Seguidamente, y dado el auge experimentado por la computaci\u00f3n en la nube, empezamos a tratar el problema del soporte a la QoS en entornos de infraestructura como servicio, a trav\u00e9s del propuestas para el dimensionamiento autom\u00e1tico de los recursos que soportan un servicio en la nube. Estos estudios se plasmaron en la codirecci\u00f3n de una tercera tesis doctoral, defendida en octubre de 2014 en la UCLM.<\/p>\n\n\n\n<p>Seguidamente,&nbsp; orientamos el trabajo hacia la integraci\u00f3n de recursos heterog\u00e9neos en la infraestructura Cloud y su gesti\u00f3n eficiente, en aras de nuevo a lograr un soporte a la QoS y tambi\u00e9n de cara a conseguir un ahorro de energ\u00eda. Esta l\u00ednea culmin\u00f3 en una cuarta tesis doctoral, defendida en 2017.&nbsp;<\/p>\n\n\n\n<p>Actualmente, estamos explorando las posibilidades de gesti\u00f3n de recursos en entornos de Internet de las Cosas (IoT) y computaci\u00f3n Fog, aprovechando las posibilidades que ofrecen las tecnolog\u00edas de virtualizaci\u00f3n ligera, como los contenedores.&nbsp;Tambi\u00e9n tratamos de aplicar las posibilidades que ofrece la tecnolog\u00eda blockchain y los contratos inteligentes basados en ella para la gesti\u00f3n de recursos y seguridad en entornos de computaci\u00f3n Fog.<\/p>\n\n\n\n<p>Toda la investigaci\u00f3n resumida anteriormente se ha realizado en el marco de diversos proyectos de investigaci\u00f3n obtenidos en convocatorias competitivas nacionales y regionales. De ellos, cabe destacar un proyecto CONSOLIDER-INGENIO 2010 (en el que desempe\u00f1\u00e9 tareas de Task Leader provisional durante 6 meses) y un proyecto regional en colaboraci\u00f3n con empresas (del que la fui Investigadora Responsable).&nbsp;<\/p>\n","protected":false},"excerpt":{"rendered":"<p>Breve Curr\u00edculum Investigador Mi trayectoria cient\u00edfica comienza en 1997 con la obtenci\u00f3n de una beca FPU otorgada por el Ministerio de Educaci\u00f3n y Cultura. Esta me permiti\u00f3 iniciar mi Tesis Doctoral dentro del Grupo de Investigaci\u00f3n de Redes y Arquitecturas de Altas Prestaciones (actualmente, adscrito al Instituto de Investigaci\u00f3n de Inform\u00e1tica de Albacete) de la [&hellip;]<\/p>\n","protected":false},"author":71,"featured_media":0,"parent":0,"menu_order":0,"comment_status":"closed","ping_status":"closed","template":"","meta":{"footnotes":""},"class_list":["post-94","page","type-page","status-publish","hentry"],"_links":{"self":[{"href":"https:\/\/blog.uclm.es\/mariablancacaminero\/wp-json\/wp\/v2\/pages\/94","targetHints":{"allow":["GET"]}}],"collection":[{"href":"https:\/\/blog.uclm.es\/mariablancacaminero\/wp-json\/wp\/v2\/pages"}],"about":[{"href":"https:\/\/blog.uclm.es\/mariablancacaminero\/wp-json\/wp\/v2\/types\/page"}],"author":[{"embeddable":true,"href":"https:\/\/blog.uclm.es\/mariablancacaminero\/wp-json\/wp\/v2\/users\/71"}],"replies":[{"embeddable":true,"href":"https:\/\/blog.uclm.es\/mariablancacaminero\/wp-json\/wp\/v2\/comments?post=94"}],"version-history":[{"count":1,"href":"https:\/\/blog.uclm.es\/mariablancacaminero\/wp-json\/wp\/v2\/pages\/94\/revisions"}],"predecessor-version":[{"id":149,"href":"https:\/\/blog.uclm.es\/mariablancacaminero\/wp-json\/wp\/v2\/pages\/94\/revisions\/149"}],"wp:attachment":[{"href":"https:\/\/blog.uclm.es\/mariablancacaminero\/wp-json\/wp\/v2\/media?parent=94"}],"curies":[{"name":"wp","href":"https:\/\/api.w.org\/{rel}","templated":true}]}}