{"id":93,"date":"2021-01-19T19:23:09","date_gmt":"2021-01-19T18:23:09","guid":{"rendered":"http:\/\/blog.uclm.es\/mariablancacaminero\/?page_id=93"},"modified":"2024-05-20T21:32:03","modified_gmt":"2024-05-20T19:32:03","slug":"divulgacion","status":"publish","type":"page","link":"https:\/\/blog.uclm.es\/mariablancacaminero\/divulgacion\/","title":{"rendered":"Divulgaci\u00f3n"},"content":{"rendered":"\n<ul class=\"wp-block-list\">\n<li>Ponencia \u201cBlockchain en la industria vitivin\u00edcola\u201d en la Jornada \u201cInnovaciones Tecnol\u00f3gicas y Capacidades en I+D+i\u201d, organizada por el Vicerrectorado de Innovaci\u00f3n, Empleo y Emprendimiento con la colaboraci\u00f3n de la Oficina de Transferencia de Resultados de Investigaci\u00f3n (OTRI) de la Universidad de Castilla-La Mancha en el evento FENAVIN 2023, Feria Nacional del Vino. Ciudad Real, 9 de mayo de 2023.<\/li>\n\n\n\n<li>Participaci\u00f3n en reuniones bilaterales con empresas para promocionar la transferencia de resultados de investigaci\u00f3n durante la Feria Nacional del Vino, FENAVIN 2023. Ciudad Real, 9 de mayo de 2023.<\/li>\n\n\n\n<li>Miembro del jurado en el concurso CLMSkills (campeonatos auton\u00f3micos de Formaci\u00f3n Profesional), especialidad Administraci\u00f3n de Sistemas en Red. Ediciones de 2021 y 2023.<\/li>\n\n\n\n<li>Participaci\u00f3n en el evento online \u201cEntrevista a una cient\u00edfica en el aula\u201d con motivo del D\u00eda Mundial de la Mujer y la Ni\u00f1a en la Ciencia, dirigida a estudiantes de centros de Educaci\u00f3n Primaria, 11\/02\/2021. Organizado por la Unidad de Cultura Cient\u00edfica e Innovaci\u00f3n \u2013 UCLM.<\/li>\n\n\n\n<li>Co-responsable del proyecto de divulgaci\u00f3n \u201cINFORM\u00c1TICA PARA TOD@S EN LA ESII\u201d, en el marco de las ayudas a la Realizaci\u00f3n de Proyectos de Divulgaci\u00f3n (ARPD) convocadas por el Vicerrectorado de Investigaci\u00f3n y Pol\u00edtica Cient\u00edfica y la Unidad de Cultura Cient\u00edfica e Innovaci\u00f3n de la UCLM, cofinanciadas por la Fundaci\u00f3n Espa\u00f1ola para la Ciencia y la Tecnolog\u00eda (FECYT), 2020.<\/li>\n\n\n\n<li>Participaci\u00f3n en la mesa redonda \u201cSoy una cient\u00edfica, \u00bfquieres ser como yo?\u201d con motivo del D\u00eda Mundial de la Mujer y la Ni\u00f1a en la Ciencia, dirigida a estudiantes de Secundaria y Bachillerato de Castilla-La Mancha. Albacete, 12\/02\/2020. Organizada por la Unidad de Cultura Cient\u00edfica e Innovaci\u00f3n &#8211; UCLM<\/li>\n\n\n\n<li>Miembro del comit\u00e9 organizador local del evento Pint of Science (ediciones 2019, 2020, 2021).<\/li>\n\n\n\n<li>Participaci\u00f3n en la organizaci\u00f3n del Scratch Day en la ESIIAB, mayo 2018.<\/li>\n\n\n\n<li>Participaci\u00f3n regular en visitas a IES de Albacete con motivo del \u201cD\u00eda de la mujer y la ni\u00f1a en la ciencia (11F)\u201d desde 2017.<\/li>\n\n\n\n<li>Participaci\u00f3n regular en la actividad \u201cHora del c\u00f3digo en la ESIIAB\u201d, entre 2017 y 2021.<\/li>\n\n\n\n<li>\u201cVisi\u00f3n general sobre la computaci\u00f3n en nube (cloud computing)\u201d, guion radiof\u00f3nico \u00abSin Distancias, Inform\u00e1tica\u00bb, emitido en RADIO-3 FM de RNE el 19\/11\/2014. Universidad Nacional de Educaci\u00f3n a Distancia.<\/li>\n<\/ul>\n","protected":false},"excerpt":{"rendered":"","protected":false},"author":71,"featured_media":0,"parent":0,"menu_order":0,"comment_status":"closed","ping_status":"closed","template":"","meta":{"footnotes":""},"class_list":["post-93","page","type-page","status-publish","hentry"],"_links":{"self":[{"href":"https:\/\/blog.uclm.es\/mariablancacaminero\/wp-json\/wp\/v2\/pages\/93","targetHints":{"allow":["GET"]}}],"collection":[{"href":"https:\/\/blog.uclm.es\/mariablancacaminero\/wp-json\/wp\/v2\/pages"}],"about":[{"href":"https:\/\/blog.uclm.es\/mariablancacaminero\/wp-json\/wp\/v2\/types\/page"}],"author":[{"embeddable":true,"href":"https:\/\/blog.uclm.es\/mariablancacaminero\/wp-json\/wp\/v2\/users\/71"}],"replies":[{"embeddable":true,"href":"https:\/\/blog.uclm.es\/mariablancacaminero\/wp-json\/wp\/v2\/comments?post=93"}],"version-history":[{"count":2,"href":"https:\/\/blog.uclm.es\/mariablancacaminero\/wp-json\/wp\/v2\/pages\/93\/revisions"}],"predecessor-version":[{"id":134,"href":"https:\/\/blog.uclm.es\/mariablancacaminero\/wp-json\/wp\/v2\/pages\/93\/revisions\/134"}],"wp:attachment":[{"href":"https:\/\/blog.uclm.es\/mariablancacaminero\/wp-json\/wp\/v2\/media?parent=93"}],"curies":[{"name":"wp","href":"https:\/\/api.w.org\/{rel}","templated":true}]}}