{"id":73,"date":"2021-01-19T19:12:50","date_gmt":"2021-01-19T18:12:50","guid":{"rendered":"http:\/\/blog.uclm.es\/mariablancacaminero\/?page_id=73"},"modified":"2025-01-24T21:21:20","modified_gmt":"2025-01-24T19:21:20","slug":"tesis-dirigidas","status":"publish","type":"page","link":"https:\/\/blog.uclm.es\/mariablancacaminero\/investigacion-2\/tesis-dirigidas\/","title":{"rendered":"Tesis Dirigidas"},"content":{"rendered":"\n<p><em><strong>T\u00edtulo: Proposals for enhancing the provision of Quality of Service in Grids<br><\/strong><\/em>Doctorando: D. Agust\u00edn Carlos Caminero Herr\u00e1ez<br>Fecha: 13\/05\/2009<br>Programa de Doctorado: TECNOLOG\u00cdAS INFORM\u00c1TICAS AVANZADAS (Universidad de Castilla-La Mancha) con Menci\u00f3n de Calidad.<br>Directoras: Dra. D\u00f1a. Carmen Carri\u00f3n Espinosa y Mar\u00eda Blanca Caminero Herr\u00e1ez<br>Calificaci\u00f3n: SOBRESALIENTE CUM LAUDE, Menci\u00f3n de DOCTORADO EUROPEO.<\/p>\n\n\n\n<p><em><strong>T\u00edtulo: Improving Quality of Service in Grids through metascheduling in advance<br><\/strong><\/em>Doctorando: D. Luis Tom\u00e1s Bol\u00edvar<br>Fecha: 29\/2\/2012<br>Programa de Doctorado: TECNOLOG\u00cdAS INFORM\u00c1TICAS AVANZADAS (Universidad de Castilla-La Mancha) con Menci\u00f3n de Calidad.<br>Directoras: Dra. D\u00f1a. Carmen Carri\u00f3n Espinosa y Mar\u00eda Blanca Caminero Herr\u00e1ez<br>Calificaci\u00f3n: SOBRESALIENTE CUM LAUDE, Menci\u00f3n de DOCTORADO EUROPEO.<\/p>\n\n\n\n<p><strong><em>T\u00edtulo: QoS improvement within distributed environments through the use of SLAs<br><\/em><\/strong>Doctorando: D. Francisco Javier Conejero Ba\u00f1\u00f3n<br>Fecha: 03\/10\/2014<br>Programa de Doctorado: TECNOLOG\u00cdAS INFORM\u00c1TICAS AVANZADAS (Universidad de Castilla-La Mancha) con Menci\u00f3n hacia la Excelencia.<br>Directoras: Dra. D\u00aa Mar\u00eda Blanca Caminero Herr\u00e1ez y Mar\u00eda del Carmen Carri\u00f3n Espinosa<br>Calificaci\u00f3n: SOBRESALIENTE CUM LAUDE, Menci\u00f3n de DOCTORADO INTERNACIONAL.<\/p>\n\n\n\n<p><strong><em>T\u00edtulo: Proposals for efficient management of FPGAs within cloud computing environments<br><\/em><\/strong>Doctorando: D. Julio Ricardo Proa\u00f1o Orellana<br>Fecha: 24\/05\/2017<br>Programa de Doctorado: TECNOLOG\u00cdAS INFORM\u00c1TICAS AVANZADAS (Universidad de Castilla-La Mancha)<br>Directoras: Dra. D\u00aa Mar\u00eda del Carmen Carri\u00f3n Espinosa y Mar\u00eda Blanca Caminero Herr\u00e1ez<br>Calificaci\u00f3n: SOBRESALIENTE, Menci\u00f3n de DOCTORADO INTERNACIONAL.<\/p>\n\n\n\n<p><strong><em>T\u00edtulo: Exploring decentralized solutions for enhanced resource orchestration in fog computing environments<br><\/em><\/strong>Doctorando: Carlos N\u00fa\u00f1ez G\u00f3mez<br>Fecha: 11\/12\/2024 <br>Programa de Doctorado: TECNOLOG\u00cdAS INFORM\u00c1TICAS AVANZADAS (Universidad de Castilla-La Mancha)<br>Directoras: Mar\u00eda del Carmen Carri\u00f3n Espinosa, Mar\u00eda Blanca Caminero Herr\u00e1ez<br>Calificaci\u00f3n: SOBRESALIENTE CUM LAUDE, Menci\u00f3n de DOCTORADO INTERNACIONAL.<\/p>\n\n\n\n<p><strong><em>T\u00edtulo: Architecture for application optimization in a Fog Computing and Internet of Things environment (tentative)<br><\/em><\/strong>Doctorando: Alonso Tenorio Trigoso<br>Fecha: 2026 (estimada)<br>Programa de Doctorado: TECNOLOG\u00cdAS INFORM\u00c1TICAS AVANZADAS (Universidad de Castilla-La Mancha)<br>Directores: Mar\u00eda Blanca Caminero Herr\u00e1ez, Manuel Castillo-Cara (UNED)<br>Calificaci\u00f3n: &#8212;<\/p>\n\n\n\n<p><strong><em>T\u00edtulo: Optimizaci\u00f3n de entornos de aprendizaje federado para computaci\u00f3n en la niebla (tentative)<br><\/em><\/strong>Doctorando: V\u00edctor Hidalgo Izquierdo<br>Fecha estimada: 2028 (estimada)<br>Programa de Doctorado: Tecnolog\u00edas Inform\u00e1ticas Avanzadas (UCLM)<br>Directoras: Carmen Carri\u00f3n Espinosa y M. Blanca Caminero Herr\u00e1ez<br>Calificaci\u00f3n: &#8212;<\/p>\n\n\n\n<p><strong><em>T\u00edtulo: Orquestaci\u00f3n eficiente de contenedores en entornos Cloud y Fog de bajo coste para IoT (tentative)<br><\/em><\/strong>Doctorando: Alberto G\u00f3mez Gonz\u00e1lez<br>Fecha estimada: 2030 (estimada)<br>Programa de Doctorado: Tecnolog\u00edas Inform\u00e1ticas Avanzadas (UCLM)<br>Directoras: Carmen Carri\u00f3n Espinosa y M. Blanca Caminero Herr\u00e1ez<br>Calificaci\u00f3n: &#8212;<\/p>\n\n\n\n<p><strong><em>T\u00edtulo: Estrategias coordinadas y eficientes para la gesti\u00f3n sostenible de entornos fog-cloud federados (tentative)<br><\/em><\/strong>Doctorando: Santiago Israel Logro\u00f1o Naranjo<br>Fecha estimada: 2030 (estimada)<br>Programa de Doctorado: : TECNOLOG\u00cdAS INFORM\u00c1TICAS AVANZADAS (Universidad de Castilla-La Mancha)<br>Directoras: Carmen Carri\u00f3n Espinosa y M. Blanca Caminero Herr\u00e1ez<br>Calificaci\u00f3n: &#8212;<\/p>\n\n\n\n<p><\/p>\n","protected":false},"excerpt":{"rendered":"<p>T\u00edtulo: Proposals for enhancing the provision of Quality of Service in GridsDoctorando: D. Agust\u00edn Carlos Caminero Herr\u00e1ezFecha: 13\/05\/2009Programa de Doctorado: TECNOLOG\u00cdAS INFORM\u00c1TICAS AVANZADAS (Universidad de Castilla-La Mancha) con Menci\u00f3n de Calidad.Directoras: Dra. D\u00f1a. Carmen Carri\u00f3n Espinosa y Mar\u00eda Blanca Caminero Herr\u00e1ezCalificaci\u00f3n: SOBRESALIENTE CUM LAUDE, Menci\u00f3n de DOCTORADO EUROPEO. T\u00edtulo: Improving Quality of Service in Grids [&hellip;]<\/p>\n","protected":false},"author":71,"featured_media":0,"parent":94,"menu_order":0,"comment_status":"closed","ping_status":"closed","template":"","meta":{"footnotes":""},"class_list":["post-73","page","type-page","status-publish","hentry"],"_links":{"self":[{"href":"https:\/\/blog.uclm.es\/mariablancacaminero\/wp-json\/wp\/v2\/pages\/73","targetHints":{"allow":["GET"]}}],"collection":[{"href":"https:\/\/blog.uclm.es\/mariablancacaminero\/wp-json\/wp\/v2\/pages"}],"about":[{"href":"https:\/\/blog.uclm.es\/mariablancacaminero\/wp-json\/wp\/v2\/types\/page"}],"author":[{"embeddable":true,"href":"https:\/\/blog.uclm.es\/mariablancacaminero\/wp-json\/wp\/v2\/users\/71"}],"replies":[{"embeddable":true,"href":"https:\/\/blog.uclm.es\/mariablancacaminero\/wp-json\/wp\/v2\/comments?post=73"}],"version-history":[{"count":3,"href":"https:\/\/blog.uclm.es\/mariablancacaminero\/wp-json\/wp\/v2\/pages\/73\/revisions"}],"predecessor-version":[{"id":170,"href":"https:\/\/blog.uclm.es\/mariablancacaminero\/wp-json\/wp\/v2\/pages\/73\/revisions\/170"}],"up":[{"embeddable":true,"href":"https:\/\/blog.uclm.es\/mariablancacaminero\/wp-json\/wp\/v2\/pages\/94"}],"wp:attachment":[{"href":"https:\/\/blog.uclm.es\/mariablancacaminero\/wp-json\/wp\/v2\/media?parent=73"}],"curies":[{"name":"wp","href":"https:\/\/api.w.org\/{rel}","templated":true}]}}