{"id":72,"date":"2021-01-19T19:12:50","date_gmt":"2021-01-19T18:12:50","guid":{"rendered":"http:\/\/blog.uclm.es\/mariablancacaminero\/?page_id=72"},"modified":"2024-09-26T09:50:31","modified_gmt":"2024-09-26T07:50:31","slug":"proyectos","status":"publish","type":"page","link":"https:\/\/blog.uclm.es\/mariablancacaminero\/investigacion-2\/proyectos\/","title":{"rendered":"Proyectos de investigaci\u00f3n"},"content":{"rendered":"\n<h3 class=\"wp-block-heading\">Proyectos de investigaci\u00f3n subvencionados en convocatorias competitivas como Investigadora Principal<\/h3>\n\n\n\n<h4 class=\"wp-block-heading\">Proyectos Internacionales<\/h4>\n\n\n\n<p>T\u00edtulo del Proyecto: STEMazing Women: Innovative approaches to employability, sustainable competitiveness, and female resilience among young women in danger of marginalization<br>Entidad financiadora: Comisi\u00f3n Europea, Erasmus+, KA220-YOU, 2023-1-ES02-KA220-YOU-000166454<br>Entidades participantes: Dramblys (Coordinador) + 6 socios<br>Investigador responsable: Lina Klemkaite (general), Mar\u00eda Blanca Caminero Herr\u00e1ez (UCLM)<br>Fecha de inicio: 01\/11\/2023 Duraci\u00f3n: 2 a\u00f1os<br>Importe total: 250.000 \u20ac (36.029 \u20ac UCLM)<\/p>\n\n\n\n<h4 class=\"wp-block-heading\">Proyectos Regionales<\/h4>\n\n\n\n<p>T\u00edtulo del proyecto: Infraestructura FEDER Proyecto PBI08-0055-2800 \u201cMejora de la Calidad de Servicio en Aplicaciones Grid\u201d<br>Entidad\/es financiadora\/s: Consejer\u00eda de Educaci\u00f3n y Ciencia, Junta de Comunidades de Castilla-La Mancha<br>Entidades participantes: Universidad de Castilla-La Mancha<br>Investigadores principales (IP, Co-IP,\u2026): M\u00aa Blanca Caminero Herr\u00e1ez<br>Fecha de inicio: 30\/04\/2008 Duraci\u00f3n: 1 a\u00f1o<br>Importe total: 70.149 \u20ac<\/p>\n\n\n\n<p>T\u00edtulo del proyecto: Mejora de la Calidad de Servicio en Aplicaciones Grid<br>Entidad\/es financiadora\/s: Consejer\u00eda de Educaci\u00f3n y Ciencia, Junta de Comunidades de Castilla-La Mancha (PBI08-0055-2800)<br>Entidades participantes: Universidad de Castilla-La Mancha, MAAT-GKnowledge<br>Investigadores principales (IP, Co-IP,\u2026): M\u00aa Blanca Caminero Herr\u00e1ez<br>Fecha de inicio: 01\/01\/2008 Duraci\u00f3n: 3 a\u00f1os<br>Importe total: 72.000 \u20ac<\/p>\n\n\n\n<h4 class=\"wp-block-heading\">Proyectos del Plan Propio de I+D de la UCLM<\/h4>\n\n\n\n<p>T\u00edtulo del proyecto: Dise\u00f1o de switch-fabrics para encaminadores IP con soporte de QoS<br>Entidad\/es financiadora\/s: Universidad de Castilla-La Mancha (Programa Profesores Contratados)<br>Entidades participantes: Universidad de Castilla-La Mancha<br>Investigadores principales (IP, Co-IP,\u2026): M\u00aa Blanca Caminero Herr\u00e1ez<br>Fecha de inicio: 01\/01\/2005 Duraci\u00f3n: 2 a\u00f1os<br>Importe total: 6.000 \u20ac<br><\/p>\n\n\n\n<h3 class=\"wp-block-heading\">Proyectos de investigaci\u00f3n subvencionados en convocatorias competitivas como Investigadora No Principal<\/h3>\n\n\n\n<h4 class=\"wp-block-heading\">Proyectos Internacionales<\/h4>\n\n\n\n<p>T\u00edtulo del Proyecto: Development of Remote and Virtual Laboratories for Teaching and Training Engineering Students in the South Mediterranean and Sub-Saharan Higher Education Institutions (RL4Eng)<br>Entidad financiadora: Comisi\u00f3n Europea (ERASMUS2027, CBHE &#8211; Capacity Building in Higher Education, ERASMUS-EDU-2022-CBHE) &#8211; Project ID: 101082939<br>Entidades Participantes: Yarmouk University (Coordinador) + 14 socios<br>Investigador responsable: Mof Otoom (YU, general), Enrique Arias Ant\u00fanez (UCLM)<br>Duraci\u00f3n: 01\/11\/2022 Hasta: 31\/12\/2025<br>Importe total: 48.085 \u20ac (UCLM)<\/p>\n\n\n\n<p>T\u00edtulo del proyecto: Agricultural Internet of Things and Data Analytics to Make Better Decisions (AGIOT)<br>Entidad financiadora: CYTED (Programa Iberoamericano de Ciencia y Tecnolog\u00eda para el Desarrollo)<br>Entidades Participantes: Universidad Diego Portales (coordinador), Lima University, University of Castilla-La Mancha, Universidad Nacional de Cordoba, Universidade Estadual de Campinas, Universidad de Magallanes, Universidad de la Rep\u00fablica<br>Investigador responsable: Diego Dujovne (UDP, Chile)<br>Duraci\u00f3n desde: 01\/01\/2021 hasta: 31\/12\/2024<br>Importe total: 61.000 \u20ac<\/p>\n\n\n\n<p>T\u00edtulo del proyecto: OSSCOM &#8211; Partnership with Enterprises Towards Building Open Source Software Communities and Rejuvenation of Technical Education and Innovation<br>Entidad financiadora: Comisi\u00f3n Europea, 544520-TEMPUS-1-2013-1-DE-TEMPUS- JPHES<br>Entidades participantes: Hochschule Bonn-Rhein-Sieg University of Applied Sciences (coordinador) + 9 socios<br>Investigador responsable: Reiner Herpers (HBRS, general), Enrique Arias Ant\u00fanez (UCLM)<br>Duraci\u00f3n desde: 01\/12\/2013 hasta: 30\/11\/2017<br>Importe total: 868.625,96 \u20ac<\/p>\n\n\n\n<p>T\u00edtulo del proyecto: Establishing links to augment research in Europe with network Sudoe<br>Entidad financiadora: Comisi\u00f3n Europea, Direcci\u00f3n General de Investigaci\u00f3n (SOE1\/P1\/F169)<br>Entidades participantes: Universit\u00e9 de Limoges (coordinador) + 9 socios<br>Investigador responsable: Morgane Groeber (UL, general), Enrique Arias Ant\u00fanez (UCLM)<br>Duraci\u00f3n desde: 01\/01\/2009 hasta: 31\/12\/2013<br>Importe total: 1.326.417 \u20ac<\/p>\n\n\n\n<h4 class=\"wp-block-heading\">Proyectos Nacionales<\/h4>\n\n\n\n<p>T\u00edtulo del proyecto: Desarrollo y mejora de aplicaciones, servicios e infraestructuras en HPC y Centros de Datos<br>Entidad financiadora: MCIN\/AEI\/10.13039\/501100011033\/ y FEDER Una manera de hacer Europa (PID2021-123627OB-C52)<br>Entidades participantes: Universidad de Castilla-La Mancha, Universidad Polit\u00e9cnica de Valencia<br>Investigador responsable: Pedro \u00c1ngel Cuenca Castillo<br>N\u00ba de investigadores\/as: 18 (UCLM)<br>Fecha de inicio-fin: 01\/09\/2022 &#8211; 31\/08\/2025<br>Importe total: 363.000 \u20ac<\/p>\n\n\n\n<p>T\u00edtulo del proyecto: Tecnolog\u00edas y aplicaciones innovadoras para centros de datos y computadores de altas prestaciones<br>Entidad financiadora: Min. de Ciencia e Innovaci\u00f3n, RTI2018-098156-B-C52<br>Entidades participantes: Universidad de Castilla-La Mancha, UPV, UV, UM, UMH<br>Investigador responsable: Francisco Jos\u00e9 Quiles Flor<br>N\u00ba de investigadores\/as: 16 (UCLM)<br>Fecha de inicio-fin: 01\/01\/2019 &#8211; 31\/12\/2022<br>Importe total: 280.841,00 \u20ac<\/p>\n\n\n\n<p>T\u00edtulo del proyecto: T\u00e9cnicas para la mejora de las prestaciones, consumo de energ\u00eda y gesti\u00f3n de recursos de los servidores. Optimizaci\u00f3n de la codificaci\u00f3n y distribuci\u00f3n de contenidos multimedia<br>Entidad financiadora: Min. de Ciencia e Innovaci\u00f3n, TIN2015-66972-C5-2-R<br>Entidades participantes: Universidad de Castilla-La Mancha, UPV, UV, UM, UMH<br>Investigador responsable: Pedro \u00c1ngel Cuenca Castillo<br>N\u00ba de investigadores\/as: 20 (UCLM)<br>Fecha de inicio-fin: 01\/01\/2016 &#8211; 31\/12\/2018<br>Importe total: 242.500 \u20ac<\/p>\n\n\n\n<p>T\u00edtulo del proyecto: Mejora de la arquitectura de servidores, servicios y aplicaciones<br>Entidad financiadora: Ministerio de Econom\u00eda y Competitividad, TIN2012-38341-C04-04<br>Entidades participantes: Universidad de Castilla-La Mancha, UPV, UM<br>Investigador responsable: Francisco Jos\u00e9 Quiles Flor<br>N\u00ba de investigadores\/as: 28 (UCLM)<br>Fecha de inicio-fin: 01\/01\/2013 -31\/12\/2015<br>Importe total: 270.430 \u20ac<\/p>\n\n\n\n<p>T\u00edtulo del proyecto: Arquitectura de servidores, aplicaciones y servicios.<br>Entidad financiadora: Secretar\u00eda de Estado de Universidades &#8211; Secretar\u00eda de Estado de Investigaci\u00f3n (TIN2009-14475-C04-03)<br>Entidades participantes: Universidad de Castilla-La Mancha, UPV, UM, UV<br>Investigador responsable: Francisco Jos\u00e9 Quiles Flor<br>N\u00ba de investigadores\/as: 33 (UCLM)<br>Fecha de inicio-fin: 01\/01\/2010 -30\/06\/2013<br>Importe total: 407.800 \u20ac<\/p>\n\n\n\n<p>T\u00edtulo del proyecto: Arquitecturas fiables y de altas prestaciones para centros de procesos de datos y servidores de Internet.<br>Entidad\/es financiadora\/s: Secretar\u00eda de Estado de Universidades e Investigaci\u00f3n, Programa CONSOLIDER Ingenio 2010 (CSD2006-46)<br>Entidades participantes: Universidad de Castilla-La Mancha, Universidad Polit\u00e9cnica de Valencia, Universidad de Valencia, Universidad de Murcia, Universidad Jaume I<br>Investigador responsable: Francisco Jos\u00e9 Quiles Flor<br>N\u00ba de investigadores\/as: 32 (UCLM)<br>Fecha de inicio-fin: 16\/10\/2006 \u2013 15\/07\/2012<br>Importe total: 1.038.000 \u20ac<\/p>\n\n\n\n<p>T\u00edtulo del proyecto: Mejora de las prestaciones, fiabilidad y servicios ofrecidos por los servidores de altas prestaciones basados en arquitectura cl\u00faster<br>Entidad\/es financiadora\/s: Secretar\u00eda de Estado de Universidades e Investigaci\u00f3n (TIN2006-15516-C04-02)<br>Entidades participantes: Universidad de Castilla-La Mancha, Universidad de Murcia, Universidad Polit\u00e9cnica de Valencia y Universidad de Valencia<br>Investigador responsable: Antonio Jose Garrido Del Solo<br>N\u00ba de investigadores\/as: 16 (UCLM)<br>Fecha de inicio-fin: 01\/10\/2006 \u2013 30\/09\/2009<br>Importe total: 320.650 \u20ac<\/p>\n\n\n\n<p>T\u00edtulo del proyecto: XVII JORNADAS DE PARALELISMO<br>Entidad\/es financiadora\/s: Secretar\u00eda de Estado de Universidades e Investigaci\u00f3n (TIN2006-26906-E)<br>Entidades participantes: Universidad de Castilla-La Mancha<br>Investigador responsable: Rafael Casado Gonz\u00e1lez<br>N\u00ba de investigadores\/as: 12<br>Fecha de inicio-fin: 01\/07\/2006 \u2013 30\/09\/2007<br>Importe total: 8.000 \u20ac<\/p>\n\n\n\n<p>T\u00edtulo del proyecto: Mejora de las prestaciones de arquitecturas de redes SAN\/LAN para la difusi\u00f3n de tr\u00e1fico multimedia con soporte de QoS<br>Entidad\/es financiadora\/s: Ministerio de Ciencia y Tecnolog\u00eda (TIC2003-08154-C06-02)<br>Entidades participantes: Universidad de Castilla-La Mancha, Universidad Polit\u00e9cnica de Valencia, Universidad de Valencia, Universidad de Murcia, Universidad Jaume I<br>Investigador responsable: Francisco Jose Quiles Flor<br>N\u00ba de investigadores\/as: 14 (UCLM)<br>Fecha de inicio-fin: 1\/12\/2003 \u2013 30\/11\/2006<br>Importe total: 348.560 \u20ac<\/p>\n\n\n\n<p>T\u00edtulo del proyecto: Mejora de las prestaciones y servicios ofrecidos por las redes de computadores personales. Desarrollo de aplicaciones multimedia distribuidas.<br>Entidad\/es financiadora\/s: Direcci\u00f3n General de Ense\u00f1anza Superior e Investigaci\u00f3n Cient\u00edfica (TIC2000-1151-C07-02)<br>Entidades participantes: Universidad de Castilla-La Mancha, Universidad Polit\u00e9cnica de Valencia, Universidad de Murcia, Universidad Jaume I<br>Investigador responsable: Antonio Jose Garrido Del Solo<br>N\u00ba de investigadores\/as: 11 (UCLM)<br>Fecha de inicio-fin: 28\/12\/2000 &#8211; 27\/12\/2003<br>Importe total: 151.455 \u20ac<\/p>\n\n\n\n<p>T\u00edtulo del proyecto: Desarrollo de una red de estaciones de trabajo de altas prestaciones y bajo coste.<br>Entidad\/es financiadora\/s: Comisi\u00f3n Interministerial de Ciencia y Tecnolog\u00eda<br>Entidades participantes: U. Castilla-La Mancha, U. Polit\u00e9cnica de Valencia, U. Murcia<br>Investigador responsable: Francisco Jose Quiles Flor<br>N\u00ba de investigadores\/as: 9 (UCLM)<br>Fecha de inicio-fin: 01\/01\/1997 \u2013 31\/12\/2000<br>Importe total: 67.313 \u20ac<\/p>\n\n\n\n<h4 class=\"wp-block-heading\">Proyectos Regionales<\/h4>\n\n\n\n<p>T\u00edtulo del proyecto: Arquitectura Grid para el procesamiento distribuido de informaci\u00f3n captada por redes inal\u00e1mbricas de sensores.<br>Entidad\/es financiadora\/s: Junta de Comunidades de Castilla-La Mancha, Consejer\u00eda de Educaci\u00f3n y Ciencia (PII1C09-0101-9476)<br>Entidades participantes: Universidad de Castilla-La Mancha<br>Investigador responsable: M\u00aa Del Carmen Carrion Espinosa<br>N\u00ba de investigadores\/as: 8<br>Fecha de inicio-fin: 01\/04\/2009 &#8211; 31\/12\/2012<br>Importe total: 150.000 \u20ac<\/p>\n\n\n\n<p>T\u00edtulo del proyecto: Supercomputador; m\u00f3dulo formado por 20 servidores con dispositivo de almacenamiento<br>Entidad\/es financiadora\/s: Universidad de Castilla-La Mancha<br>Entidades participantes: Universidad de Castilla-La Mancha<br>Investigador responsable: Luis Orozco Barbosa<br>N\u00ba de investigadores\/as: 44<br>Fecha de inicio-fin: 01\/01\/2008 \u2013 31\/12\/2008<br>Importe total: 387.931 \u20ac<\/p>\n\n\n\n<p>T\u00edtulo del proyecto: T\u00e9cnicas eficientes de encaminamiento y calidad de servicio en redes en chip<br>Entidad\/es financiadora\/s: Consejer\u00eda de Educaci\u00f3n y Ciencia (PCC08-0078-9856)<br>Entidades participantes: Universidad de Castilla-La Mancha y Universidad Polit\u00e9cnica de Valencia<br>Investigador responsable: Jos\u00e9 Luis S\u00e1nchez Garc\u00eda<br>N\u00ba de investigadores\/as: 7 (UCLM)<br>Fecha de inicio-fin: 01\/01\/2008 &#8211; 31\/03\/2011<br>Importe total: 180.000 \u20ac<\/p>\n\n\n\n<p>T\u00edtulo del proyecto: T\u00e9cnicas eficientes de calidad de servicio y control de congesti\u00f3n para la mejora de las prestaciones de los servidores de internet<br>Entidad\/es financiadora\/s: Junta de Comunidades de Castilla-La Mancha (PBC-05-005)<br>Entidades participantes: Universidad de Castilla-La Mancha y Universidad Polit\u00e9cnica de Valencia<br>Investigador responsable: Jos\u00e9 Luis S\u00e1nchez Garc\u00eda<br>N\u00ba de investigadores\/as: 5<br>Fecha de inicio-fin: 22\/06\/2005 &#8211; 31\/12\/2007<br>Importe total: 56.000 \u20ac<\/p>\n\n\n\n<p>T\u00edtulo del proyecto: Redes y arquitecturas de altas prestaciones<br>Entidad\/es financiadora\/s: Convocatoria de Grupos Consolidados JCCM (GC-020-017)<br>Entidades participantes: Universidad de Castilla-La Mancha<br>Investigador responsable: Francisco Jos\u00e9 Quiles Flor<br>N\u00ba de investigadores\/as: 14<br>Fecha de inicio-fin: 01\/01\/2002 \u2013 31\/12\/2004<br>Importe total: 60.000 \u20ac<\/p>\n\n\n\n<p>T\u00edtulo del proyecto: Dise\u00f1o de estrategias avanzadas para encaminamiento, calidad de servicio y reconfiguraci\u00f3n en redes Infiniband<br>Entidad\/es financiadora\/s: Junta de Comunidades de Castilla-La Mancha, Consejer\u00eda de Ciencia y Tecnolog\u00eda (PBC-02-008)<br>Entidades participantes: Universidad de Castilla-La Mancha y Universidad Polit\u00e9cnica de Valencia<br>Investigador responsable: Jos\u00e9 Luis S\u00e1nchez Garc\u00eda<br>N\u00ba de investigadores\/as: 10<br>Fecha de inicio-fin: 01\/01\/2002 \u2013 31\/12\/2004<br>Importe total: 108.000 \u20ac<\/p>\n","protected":false},"excerpt":{"rendered":"<p>Proyectos de investigaci\u00f3n subvencionados en convocatorias competitivas como Investigadora Principal Proyectos Internacionales T\u00edtulo del Proyecto: STEMazing Women: Innovative approaches to employability, sustainable competitiveness, and female resilience among young women in danger of marginalizationEntidad financiadora: Comisi\u00f3n Europea, Erasmus+, KA220-YOU, 2023-1-ES02-KA220-YOU-000166454Entidades participantes: Dramblys (Coordinador) + 6 sociosInvestigador responsable: Lina Klemkaite (general), Mar\u00eda Blanca Caminero Herr\u00e1ez (UCLM)Fecha de [&hellip;]<\/p>\n","protected":false},"author":71,"featured_media":0,"parent":94,"menu_order":0,"comment_status":"closed","ping_status":"closed","template":"","meta":{"footnotes":""},"class_list":["post-72","page","type-page","status-publish","hentry"],"_links":{"self":[{"href":"https:\/\/blog.uclm.es\/mariablancacaminero\/wp-json\/wp\/v2\/pages\/72","targetHints":{"allow":["GET"]}}],"collection":[{"href":"https:\/\/blog.uclm.es\/mariablancacaminero\/wp-json\/wp\/v2\/pages"}],"about":[{"href":"https:\/\/blog.uclm.es\/mariablancacaminero\/wp-json\/wp\/v2\/types\/page"}],"author":[{"embeddable":true,"href":"https:\/\/blog.uclm.es\/mariablancacaminero\/wp-json\/wp\/v2\/users\/71"}],"replies":[{"embeddable":true,"href":"https:\/\/blog.uclm.es\/mariablancacaminero\/wp-json\/wp\/v2\/comments?post=72"}],"version-history":[{"count":1,"href":"https:\/\/blog.uclm.es\/mariablancacaminero\/wp-json\/wp\/v2\/pages\/72\/revisions"}],"predecessor-version":[{"id":144,"href":"https:\/\/blog.uclm.es\/mariablancacaminero\/wp-json\/wp\/v2\/pages\/72\/revisions\/144"}],"up":[{"embeddable":true,"href":"https:\/\/blog.uclm.es\/mariablancacaminero\/wp-json\/wp\/v2\/pages\/94"}],"wp:attachment":[{"href":"https:\/\/blog.uclm.es\/mariablancacaminero\/wp-json\/wp\/v2\/media?parent=72"}],"curies":[{"name":"wp","href":"https:\/\/api.w.org\/{rel}","templated":true}]}}