{"id":107,"date":"2021-01-19T19:34:09","date_gmt":"2021-01-19T18:34:09","guid":{"rendered":"http:\/\/blog.uclm.es\/mariablancacaminero\/?page_id=107"},"modified":"2024-09-26T10:26:22","modified_gmt":"2024-09-26T08:26:22","slug":"actividades-de-gestion","status":"publish","type":"page","link":"https:\/\/blog.uclm.es\/mariablancacaminero\/actividades-de-gestion\/","title":{"rendered":"Gesti\u00f3n"},"content":{"rendered":"\n<h4 class=\"wp-block-heading\"><a>Cargos unipersonales de responsabilidad<\/a><\/h4>\n\n\n\n<p>Secretaria Acad\u00e9mica del Programa de Doctorado en Tecnolog\u00edas Inform\u00e1ticas Avanzadas, desde: 19\/05\/2023 hasta: la actualidad<\/p>\n\n\n\n<p>Coordinadora del Programa de Doctorado en Tecnolog\u00edas Inform\u00e1ticas Avanzadas, desde: 28\/05\/2021 hasta: 18\/05\/2023<\/p>\n\n\n\n<p>Subdirectora de la Escuela Superior de Ingenier\u00eda Inform\u00e1tica &#8211; Albacete, desde: 05\/06\/2018 hasta: 19\/04\/2021<\/p>\n\n\n\n<p>Coordinadora de la Intensificaci\u00f3n en Ingenier\u00eda de Computadores (Grado en Ing. Inform\u00e1tica), desde: 16\/10\/2015 hasta: 13\/06\/2018<\/p>\n\n\n\n<h4 class=\"wp-block-heading\"><a>Miembro de comit\u00e9s en el entorno cient\u00edfico<\/a><\/h4>\n\n\n\n<p>Evaluadora de la Agencia de Espa\u00f1ola de Investigaci\u00f3n (AEI) de la Agencia Nacional de Evaluaci\u00f3n y Prospectiva (ANEP), desde: 19\/12\/2021 hasta: la actualidad<\/p>\n\n\n\n<p>Panel de expertos del programa ACADEMIA de ANECA para el cuerpo de Titulares de Universidad (Ingenier\u00eda y Arquitectura), desde: 24\/02\/2015 hasta<strong> <\/strong>julio 2016<\/p>\n\n\n\n<h4 class=\"wp-block-heading\"><a>Otros cargos y responsabilidades<\/a><\/h4>\n\n\n\n<p>Miembro electo de la Junta de Centro \u2013 Escuela Superior de Ingenier\u00eda Inform\u00e1tica (sector PDI permanente), desde abril, 2021 hasta:<strong> <\/strong>la actualidad<\/p>\n\n\n\n<p>Secretaria de la Comisi\u00f3n de Igualdad \u2013 Escuela Superior de Ingenier\u00eda Inform\u00e1tica, desde mayo, 2017 hasta: la actualidad<\/p>\n\n\n\n<p>Miembro nato del Consejo de Departamento de Sistemas Inform\u00e1ticos (sector Doctores), desde enero, 2006 hasta: la actualidad<\/p>\n\n\n\n<p>Miembro de la Comisi\u00f3n de Calidad del Departamento de Sistemas Inform\u00e1ticos, desde febrero, 2006 hasta: octubre, 2006<\/p>\n\n\n\n<p>Miembro electo del Consejo de Departamento de Inform\u00e1tica (sector Ayudantes), desde enero 2001 hasta: septiembre, 2001<\/p>\n\n\n\n<p>Miembro electo de la Junta de Centro \u2013 Escuela Polit\u00e9cnica Superior de Albacete (sector Becarios), desde enero 1998 hasta octubre, 1998<\/p>\n\n\n\n<p>Miembro electo del Consejo de Departamento de Inform\u00e1tica (sector Becarios), desde enero 1998 hasta septiembre 1998<\/p>\n","protected":false},"excerpt":{"rendered":"<p>Cargos unipersonales de responsabilidad Secretaria Acad\u00e9mica del Programa de Doctorado en Tecnolog\u00edas Inform\u00e1ticas Avanzadas, desde: 19\/05\/2023 hasta: la actualidad Coordinadora del Programa de Doctorado en Tecnolog\u00edas Inform\u00e1ticas Avanzadas, desde: 28\/05\/2021 hasta: 18\/05\/2023 Subdirectora de la Escuela Superior de Ingenier\u00eda Inform\u00e1tica &#8211; Albacete, desde: 05\/06\/2018 hasta: 19\/04\/2021 Coordinadora de la Intensificaci\u00f3n en Ingenier\u00eda de Computadores (Grado [&hellip;]<\/p>\n","protected":false},"author":71,"featured_media":0,"parent":0,"menu_order":0,"comment_status":"closed","ping_status":"closed","template":"","meta":{"footnotes":""},"class_list":["post-107","page","type-page","status-publish","hentry"],"_links":{"self":[{"href":"https:\/\/blog.uclm.es\/mariablancacaminero\/wp-json\/wp\/v2\/pages\/107","targetHints":{"allow":["GET"]}}],"collection":[{"href":"https:\/\/blog.uclm.es\/mariablancacaminero\/wp-json\/wp\/v2\/pages"}],"about":[{"href":"https:\/\/blog.uclm.es\/mariablancacaminero\/wp-json\/wp\/v2\/types\/page"}],"author":[{"embeddable":true,"href":"https:\/\/blog.uclm.es\/mariablancacaminero\/wp-json\/wp\/v2\/users\/71"}],"replies":[{"embeddable":true,"href":"https:\/\/blog.uclm.es\/mariablancacaminero\/wp-json\/wp\/v2\/comments?post=107"}],"version-history":[{"count":3,"href":"https:\/\/blog.uclm.es\/mariablancacaminero\/wp-json\/wp\/v2\/pages\/107\/revisions"}],"predecessor-version":[{"id":154,"href":"https:\/\/blog.uclm.es\/mariablancacaminero\/wp-json\/wp\/v2\/pages\/107\/revisions\/154"}],"wp:attachment":[{"href":"https:\/\/blog.uclm.es\/mariablancacaminero\/wp-json\/wp\/v2\/media?parent=107"}],"curies":[{"name":"wp","href":"https:\/\/api.w.org\/{rel}","templated":true}]}}