{"id":460,"date":"2015-09-07T08:30:56","date_gmt":"2015-09-07T08:30:56","guid":{"rendered":"http:\/\/blog.uclm.es\/manuelvillasalero\/?page_id=2"},"modified":"2015-09-07T08:30:56","modified_gmt":"2015-09-07T08:30:56","slug":"perfil","status":"publish","type":"page","link":"https:\/\/blog.uclm.es\/manuelvillasalero\/perfil\/","title":{"rendered":"PERFIL"},"content":{"rendered":"<p>Manuel Villasalero es profesor titular de organizaci\u00f3n de empresas y vicerrector de econom\u00eda y planificaci\u00f3n en la Universidad de Castilla-La Mancha (UCLM), en la que obtuvo el t\u00edtulo de doctor con una tesis sobre gesti\u00f3n del conocimiento en empresas diversificadas. Es autor de diversos art\u00edculos sobre gesti\u00f3n del conocimiento, innovaci\u00f3n abierta, creaci\u00f3n de empresas, estrategia corporativa y gesti\u00f3n de recursos humanos, los cuales han sido publicados en revistas tales como <em>International Journal of Human Resource Management<\/em>, <em>Journal of Knowledge Management<\/em>, <em>Journal of Technology Transfer<\/em>, <em>Journal of the Knowledge Economy<\/em>, <em>Journal of Euromarketing<\/em>, <em>European Journal of International Management <\/em> y <em>Journal of Intellectual Capital<\/em>, entre otras. Es miembro del consejo de administraci\u00f3n de varias empresas, incluyendo empresas de base tecnol\u00f3gica con origen en la universidad.<\/p>\n","protected":false},"excerpt":{"rendered":"<p>Manuel Villasalero es profesor titular de organizaci\u00f3n de empresas y vicerrector de econom\u00eda y planificaci\u00f3n en la Universidad de Castilla-La Mancha (UCLM), en la que obtuvo el t\u00edtulo de doctor con una tesis sobre gesti\u00f3n del conocimiento en empresas diversificadas. Es autor de diversos art\u00edculos sobre gesti\u00f3n del conocimiento, innovaci\u00f3n abierta, creaci\u00f3n de empresas, estrategia [&hellip;]<\/p>\n","protected":false},"author":52,"featured_media":0,"parent":0,"menu_order":0,"comment_status":"closed","ping_status":"closed","template":"page-templates\/front-page.php","meta":{"footnotes":""},"class_list":["post-460","page","type-page","status-publish","hentry"],"_links":{"self":[{"href":"https:\/\/blog.uclm.es\/manuelvillasalero\/wp-json\/wp\/v2\/pages\/460","targetHints":{"allow":["GET"]}}],"collection":[{"href":"https:\/\/blog.uclm.es\/manuelvillasalero\/wp-json\/wp\/v2\/pages"}],"about":[{"href":"https:\/\/blog.uclm.es\/manuelvillasalero\/wp-json\/wp\/v2\/types\/page"}],"author":[{"embeddable":true,"href":"https:\/\/blog.uclm.es\/manuelvillasalero\/wp-json\/wp\/v2\/users\/52"}],"replies":[{"embeddable":true,"href":"https:\/\/blog.uclm.es\/manuelvillasalero\/wp-json\/wp\/v2\/comments?post=460"}],"version-history":[{"count":0,"href":"https:\/\/blog.uclm.es\/manuelvillasalero\/wp-json\/wp\/v2\/pages\/460\/revisions"}],"wp:attachment":[{"href":"https:\/\/blog.uclm.es\/manuelvillasalero\/wp-json\/wp\/v2\/media?parent=460"}],"curies":[{"name":"wp","href":"https:\/\/api.w.org\/{rel}","templated":true}]}}