{"id":130,"date":"2015-09-09T01:08:45","date_gmt":"2015-09-09T00:08:45","guid":{"rendered":"http:\/\/blog.uclm.es\/manuelvillasalero\/?page_id=130"},"modified":"2015-09-09T01:08:45","modified_gmt":"2015-09-09T00:08:45","slug":"publicaciones","status":"publish","type":"page","link":"https:\/\/blog.uclm.es\/manuelvillasalero\/publicaciones\/","title":{"rendered":"PUBLICACIONES"},"content":{"rendered":"<p>D\u2019Ambrosio, A., Gabriele, R., Schiavone, F., and M. Villasalero (2016): \u00abThe role of openness in explaining innovation performance in a regional context\u00bb, <em>Journal of Technology Transfer<\/em>, (in press).<\/p>\n<p>Villasalero, M. (2016): \u00abMulti-business firms, knowledge flows and\u00a0intra-network open innovations\u00bb, <em>Journal of the Knowledge Economy<\/em>, (in press).<\/p>\n<p>Pe\u00f1a, I., S\u00e1nchez de Pablo, J.D., Hern\u00e1ndez, F., and M. Villasalero (2015): \u00abLinking high-performance work systems and business performance: The role of employees&#8217; attitudes and behaviours\u00bb, <em>European Journal of International Management<\/em>, <strong>9<\/strong>(5), pp. 648-666.<\/p>\n<p>Villasalero, M. (2014): \u00abUniversity knowledge, open innovation and technological capital in Spanish science parks: Research revealing or technology selling?\u00bb, <em>Journal of Intellectual Capital<\/em>, <strong>15<\/strong>(4), pp. 479-496. [<a href=\"https:\/\/ruidera.uclm.es\/xmlui\/handle\/10578\/3927\" target=\"_blank\" rel=\"noopener\">RUIdeRA<\/a>]<\/p>\n<p>Villasalero, M. (2014): \u00abIntra-network knowledge roles and division performance in multi-business firms\u00bb, <em>Journal of Knowledge Management<\/em>, <strong>18<\/strong>(6), pp. 1165-1183. [<a href=\"https:\/\/ruidera.uclm.es\/xmlui\/handle\/10578\/3921\" target=\"_blank\" rel=\"noopener\">RUIdeRA<\/a>]<\/p>\n<p>Villasalero, M. (2013): \u00abSignaling, spillover and learning effects of knowledge flows on division performance within related diversified firms\u00bb, <em>Journal of Knowledge Management<\/em>, <strong>17<\/strong>(6), pp. 928-942. [<a href=\"https:\/\/ruidera.uclm.es\/xmlui\/handle\/10578\/3920\" target=\"_blank\" rel=\"noopener\">RUIdeRA<\/a>]<\/p>\n<p>Schiavone, F. and M. Villasalero (2013): \u00abCreativity, Organizational Knowledge, and the Power of Dreams\u00bb, <em>Journal of the Knowledge Economy<\/em>, <strong>4<\/strong>(3), pp. 279-292. [<a href=\"https:\/\/ruidera.uclm.es\/xmlui\/handle\/10578\/3922\" target=\"_blank\" rel=\"noopener\">RUIdeRA<\/a>]<\/p>\n<p>Villasalero, M., Pinar, J.M., and F.P. Garc\u00eda (2012): \u00abTechnological innovation and dynamic capabilities in the Spanish wind energy business\u00bb <em>Journal of Euromarketing<\/em>, 20(3-4), pp. 18-38. [<a href=\"https:\/\/ruidera.uclm.es\/xmlui\/handle\/10578\/3923\" target=\"_blank\" rel=\"noopener\">RUIdeRA<\/a>]<\/p>\n<p>Pe\u00f1a, I. and M. Villasalero (2010): \u00abBusiness strategy, human resource systems, and organizational performance in the Spanish banking industry\u00bb, <em>International Journal of Human Resource Management<\/em>, 21(5), pp. 2864-2888. [<a href=\"https:\/\/ruidera.uclm.es\/xmlui\/handle\/10578\/3919\" target=\"_blank\" rel=\"noopener\">RUIdeRA<\/a>]<\/p>\n","protected":false},"excerpt":{"rendered":"<p>D\u2019Ambrosio, A., Gabriele, R., Schiavone, F., and M. Villasalero (2016): \u00abThe role of openness in explaining innovation performance in a regional context\u00bb, Journal of Technology Transfer, (in press). Villasalero, M. (2016): \u00abMulti-business firms, knowledge flows and\u00a0intra-network open innovations\u00bb, Journal of the Knowledge Economy, (in press). Pe\u00f1a, I., S\u00e1nchez de Pablo, J.D., Hern\u00e1ndez, F., and M. [&hellip;]<\/p>\n","protected":false},"author":52,"featured_media":0,"parent":0,"menu_order":0,"comment_status":"closed","ping_status":"closed","template":"page-templates\/full-width.php","meta":{"footnotes":""},"class_list":["post-130","page","type-page","status-publish","hentry"],"_links":{"self":[{"href":"https:\/\/blog.uclm.es\/manuelvillasalero\/wp-json\/wp\/v2\/pages\/130","targetHints":{"allow":["GET"]}}],"collection":[{"href":"https:\/\/blog.uclm.es\/manuelvillasalero\/wp-json\/wp\/v2\/pages"}],"about":[{"href":"https:\/\/blog.uclm.es\/manuelvillasalero\/wp-json\/wp\/v2\/types\/page"}],"author":[{"embeddable":true,"href":"https:\/\/blog.uclm.es\/manuelvillasalero\/wp-json\/wp\/v2\/users\/52"}],"replies":[{"embeddable":true,"href":"https:\/\/blog.uclm.es\/manuelvillasalero\/wp-json\/wp\/v2\/comments?post=130"}],"version-history":[{"count":0,"href":"https:\/\/blog.uclm.es\/manuelvillasalero\/wp-json\/wp\/v2\/pages\/130\/revisions"}],"wp:attachment":[{"href":"https:\/\/blog.uclm.es\/manuelvillasalero\/wp-json\/wp\/v2\/media?parent=130"}],"curies":[{"name":"wp","href":"https:\/\/api.w.org\/{rel}","templated":true}]}}